{"id":8575,"date":"2021-07-28T18:27:02","date_gmt":"2021-07-28T16:27:02","guid":{"rendered":"https:\/\/club-brands.de\/?page_id=8575"},"modified":"2024-03-14T14:40:56","modified_gmt":"2024-03-14T13:40:56","slug":"datenschutz","status":"publish","type":"page","link":"https:\/\/club-brands.de\/en\/privacy-policy\/","title":{"rendered":"Privacy Policy"},"content":{"rendered":"<h2 class=\"wp-block-heading\">1. Data protection at a glance<\/h2>\n\n\n\n<p><strong>General information<\/strong><br>The following notices provide a simple overview of what happens to your\npersonal data when you visit our website. Personal data is any data by\nwhich you can be personally identified. For detailed information on data\nprotection, please refer to our privacy policy listed below this text.<\/p>\n\n\n\n<p><strong>Data collection on our website<\/strong><br><strong>Who is responsible for data collection on this website?<\/strong><br>Data processing on this website is carried out by the website operator.\nYou can find his contact details in the imprint of this website.<br><strong>How do we collect your data?<\/strong><br>On the one hand, your data is collected by you providing it to us. This can\nbe, for example, data that you enter in a contact form.<br>Other data is collected automatically by our IT systems when you visit\nthe website. This is mainly technical data (e.g. Internet browser,\noperating system or time of page view). This data is collected\nautomatically as soon as you enter our website.<br><strong>What do we use your data for?<\/strong><br>Some of the data is collected to ensure error-free provision of the\nwebsite. Other data may be used to analyze your user behavior.<br><strong>What rights do you have regarding your data?<\/strong><br>You have the right to receive information about the origin, recipient and\npurpose of your stored personal data free of charge at any time. You also\nhave a right to demand the correction, blocking or deletion of this data.\nFor this purpose, as well as for further questions on the subject of data\nprotection, you can contact us at any time at the address given in the\nimprint. Furthermore, you have the right to lodge a complaint with the\ncompetent supervisory authority.<\/p>\n\n\n\n<h2 class=\"wp-block-heading\">2. General notes and mandatory information<\/h2>\n\n\n\n<p><strong>Privacy Policy<\/strong><br>The operators of these pages take the protection of your personal data\nvery seriously. We treat your personal data confidentially and in\naccordance with the statutory data protection regulations and this data\nprotection declaration.<br>When you use this website, various personal data are collected. Personal\ndata is data with which you can be personally identified. This privacy\npolicy explains what data we collect and what we use it for. It also\nexplains how and for what purpose this is done.<br>We would like to point out that data transmission on the Internet (e.g.\nwhen communicating by e-mail) can have security gaps. Complete\nprotection of data against access by third parties is not possible.<\/p>\n\n\n\n<p><strong>Note on the responsible office<\/strong><br>The responsible party for data processing on this website is:<br>Hans-Peter Lorenz<br>Im Teelbruch 118<br>D-45219 Essen<br>Phone: +49 2054 872 66 0<br>E-Mail: contact@club-brands.com<br>The responsible party is the natural or legal person who alone or jointly\nwith others determines the purposes and means of the processing of\npersonal data (e.g. names, e-mail addresses or similar).<\/p>\n\n\n\n<p><strong>Revocation of your consent to data processing<\/strong><br>Many data processing operations are only possible with your express\nconsent. You can revoke consent you have already given at any time. For\nthis purpose, an informal communication by e-mail to us is sufficient. The\nlegality of the data processing carried out until the revocation remains\nunaffected by the revocation.<\/p>\n\n\n\n<p><strong>Right of appeal to the competent supervisory authority<\/strong><br>In the event of violations of data protection law, the data subject has a\nright of appeal to the competent supervisory authority. The competent\nsupervisory authority in matters of data protection law is the state data \nprotection commissioner of the federal state in which our company is\nbased. A list of data protection officers and their contact details can be\nfound at the following link:&nbsp;<a href=\"https:\/\/www.bfdi.bund.de\/DE\/Infothek\/Anschriften_Links\/anschriften_links-node.html\" target=\"_blank\" rel=\"noreferrer noopener\">https:\/\/www.bfdi.bund.de\/DE\/Infothek\/Anschriften_Links\/anschriften_links-node.html<\/a>.<\/p>\n\n\n\n<p><strong>Right to data portability<\/strong><br>You have the right to have data that we process automatically on the\nbasis of your consent or in performance of a contract handed over to you\nor to a third party in a common, machine-readable format. If you request\nthe direct transfer of the data to another responsible party, this will only\nbe done insofar as it is technically feasible.<\/p>\n\n\n\n<p><strong>SSL or TLS encryption<\/strong><br>For security reasons and to protect the transmission of confidential\ncontent, such as orders or requests that you send to us as the site\noperator, this site uses SSL or TLS encryption. You can recognize an\nencrypted connection by the fact that the address line of the browser\nchanges from \"http:\/\/\" to \"https:\/\/\" and by the lock symbol in your\nbrowser line.<br>If SSL or TLS encryption is activated, the data you transmit to us cannot\nbe read by third parties.<\/p>\n\n\n\n<p><strong>Information, blocking, deletion<\/strong><br>Within the framework of the applicable legal provisions, you have the\nright at any time to free information about your stored personal data, its\norigin and recipient and the purpose of data processing and, if necessary,\na right to correction, blocking or deletion of this data. For this purpose,\nas well as for further questions on the subject of personal data, you can\ncontact us at any time at the address given in the imprint.<\/p>\n\n\n\n<p><strong>Objection to advertising e-mails<\/strong><br>We hereby object to the use of contact data published within the\nframework of the imprint obligation to send advertising and information\nmaterial that has not been expressly requested. The operators of the\npages expressly reserve the right to take legal action in the event of the\nunsolicited sending of advertising information, such as spam e-mails.<\/p>\n\n\n\n<h2 class=\"wp-block-heading\">3. Data protection officer<\/h2>\n\n\n\n<p><strong>Data protection officer required by law<\/strong><br>We have appointed a data protection officer for our company.<br>Leonard Lorenz<br>Im Teelbruch 118<br>45219 Essen, Germany<br>Phone: +49 2054 872 66 0<br>E-Mail: contact@club-brands.com<\/p>\n\n\n\n<h2 class=\"wp-block-heading\">4. Data collection on our website<\/h2>\n\n\n\n<p><strong>Cookies<\/strong><br>The internet pages partly use so-called cookies. Cookies do not cause any\ndamage to your computer and do not contain viruses. Cookies serve to\nmake our offer more user-friendly, more effective and safer. Cookies are\nsmall text files that are stored on your computer and saved by your\nbrowser.<br>Most of the cookies we use are so-called \"session cookies\". They are\nautomatically deleted after the end of your visit. Other cookies remain\nstored on your terminal device until you delete them. These cookies\nallow us to recognize your browser on your next visit.<br>You can set your browser so that you are informed about the setting of\ncookies and only allow cookies in individual cases, exclude the\nacceptance of cookies for certain cases or in general and activate the\nautomatic deletion of cookies when closing the browser. If cookies are\ndeactivated, the functionality of this website may be limited.<br>Cookies that are required to carry out the electronic communication\nprocess or to provide certain functions you have requested (e.g.\nshopping cart function) are stored on the basis of Art. 6 (1) lit. f DSGVO.\nThe website operator has a legitimate interest in storing cookies for the\ntechnically error-free and optimized provision of its services. Insofar as\nother cookies (e.g. cookies for analyzing your surfing behavior) are\nstored, these are treated separately in this data protection declaration.<\/p>\n\n\n\n<p><\/p>\n\n\n\n<p><strong>Google reCAPTCHA<\/strong><\/p>\n\n\n\n<p>Zum Schutz bei der \u00dcbermittlung von Formularen (z.B. Kontaktformular) verwenden wir den Dienst reCAPTCHA des Unternehmens Google Inc. (1600 Amphitheatre Parkway, Mountain View, CA 94043, USA). Der Dienst schlie\u00dft den Versand Ihrer IP-Adresse und ggf. weiterer von Google f\u00fcr den Dienst reCAPTCHA ben\u00f6tigter Daten an Google ein. F\u00fcr diese Daten gelten die abweichenden Datenschutzbestimmungen des Unternehmens Google. Weitere ausf\u00fchrliche Details finden Sie im Datenschutz-Center von Google: <a href=\"http:\/\/www.google.de\/intl\/de\/privacy\">http:\/\/www.google.de\/intl\/de\/privacy<\/a><\/p>\n\n\n\n<p><strong>Server log files<\/strong><br>The provider of the pages automatically collects and stores information\nin so-called server log files, which your browser automatically transmits\nto us. These are:<\/p>\n\n\n\n<ul class=\"wp-block-list\">\n<li>Browser type and browser version<\/li>\n\n\n\n<li>Operating system used<\/li>\n\n\n\n<li>Referrer URL<\/li>\n\n\n\n<li>Host name of the accessing computer<\/li>\n\n\n\n<li>Time of the server request<\/li>\n\n\n\n<li>IP address<\/li>\n<\/ul>\n\n\n\n<p>This data is not merged with other data sources.<\/p>\n\n\n\n<p>The basis for data processing is Art. 6 para. 1 lit. f DSGVO, which permits\nthe processing of data for the fulfillment of a contract or pre-contractual\nmeasures.<\/p>","protected":false},"excerpt":{"rendered":"<p>1. Datenschutz auf einen Blick Allgemeine HinweiseDie folgenden Hinweise geben einen einfachen \u00dcberblick dar\u00fcber, was mit Ihren personenbezogenen Daten passiert, wenn Sie unsere Website besuchen. Personenbezogene Daten sind alle Daten, mit denen Sie pers\u00f6nlich identifiziert werden k\u00f6nnen. Ausf\u00fchrliche Informationen zum Thema Datenschutz entnehmen Sie unserer unter diesem Text aufgef\u00fchrten Datenschutzerkl\u00e4rung. Datenerfassung auf unserer WebsiteWer ist [&hellip;]<\/p>","protected":false},"author":3,"featured_media":0,"parent":0,"menu_order":0,"comment_status":"closed","ping_status":"closed","template":"","meta":{"_acf_changed":false,"footnotes":""},"class_list":["post-8575","page","type-page","status-publish","hentry"],"acf":[],"yoast_head":"<!-- This site is optimized with the Yoast SEO plugin v24.1 - https:\/\/yoast.com\/wordpress\/plugins\/seo\/ -->\n<title>Datenschutz - Club Unique Brands<\/title>\n<meta name=\"robots\" content=\"index, follow, max-snippet:-1, max-image-preview:large, max-video-preview:-1\" \/>\n<link rel=\"canonical\" href=\"https:\/\/club-brands.de\/en\/privacy-policy\/\" \/>\n<meta property=\"og:locale\" content=\"en_US\" \/>\n<meta property=\"og:type\" content=\"article\" \/>\n<meta property=\"og:title\" content=\"Datenschutz - Club Unique Brands\" \/>\n<meta property=\"og:description\" content=\"1. Datenschutz auf einen Blick Allgemeine HinweiseDie folgenden Hinweise geben einen einfachen \u00dcberblick dar\u00fcber, was mit Ihren personenbezogenen Daten passiert, wenn Sie unsere Website besuchen. Personenbezogene Daten sind alle Daten, mit denen Sie pers\u00f6nlich identifiziert werden k\u00f6nnen. Ausf\u00fchrliche Informationen zum Thema Datenschutz entnehmen Sie unserer unter diesem Text aufgef\u00fchrten Datenschutzerkl\u00e4rung. Datenerfassung auf unserer WebsiteWer ist [&hellip;]\" \/>\n<meta property=\"og:url\" content=\"https:\/\/club-brands.de\/en\/privacy-policy\/\" \/>\n<meta property=\"og:site_name\" content=\"Club Unique Brands\" \/>\n<meta property=\"article:modified_time\" content=\"2024-03-14T13:40:56+00:00\" \/>\n<meta name=\"twitter:card\" content=\"summary_large_image\" \/>\n<meta name=\"twitter:label1\" content=\"Est. reading time\" \/>\n\t<meta name=\"twitter:data1\" content=\"7 minutes\" \/>\n<script type=\"application\/ld+json\" class=\"yoast-schema-graph\">{\"@context\":\"https:\/\/schema.org\",\"@graph\":[{\"@type\":\"WebPage\",\"@id\":\"https:\/\/club-brands.de\/datenschutz\/\",\"url\":\"https:\/\/club-brands.de\/datenschutz\/\",\"name\":\"Datenschutz - Club Unique Brands\",\"isPartOf\":{\"@id\":\"http:\/\/club-brands.de\/#website\"},\"datePublished\":\"2021-07-28T16:27:02+00:00\",\"dateModified\":\"2024-03-14T13:40:56+00:00\",\"breadcrumb\":{\"@id\":\"https:\/\/club-brands.de\/datenschutz\/#breadcrumb\"},\"inLanguage\":\"en-US\",\"potentialAction\":[{\"@type\":\"ReadAction\",\"target\":[\"https:\/\/club-brands.de\/datenschutz\/\"]}]},{\"@type\":\"BreadcrumbList\",\"@id\":\"https:\/\/club-brands.de\/datenschutz\/#breadcrumb\",\"itemListElement\":[{\"@type\":\"ListItem\",\"position\":1,\"name\":\"Home\",\"item\":\"http:\/\/club-brands.de\/\"},{\"@type\":\"ListItem\",\"position\":2,\"name\":\"Datenschutz\"}]},{\"@type\":\"WebSite\",\"@id\":\"http:\/\/club-brands.de\/#website\",\"url\":\"http:\/\/club-brands.de\/\",\"name\":\"Club Unique Brands\",\"description\":\"\",\"potentialAction\":[{\"@type\":\"SearchAction\",\"target\":{\"@type\":\"EntryPoint\",\"urlTemplate\":\"http:\/\/club-brands.de\/?s={search_term_string}\"},\"query-input\":{\"@type\":\"PropertyValueSpecification\",\"valueRequired\":true,\"valueName\":\"search_term_string\"}}],\"inLanguage\":\"en-US\"}]}<\/script>\n<!-- \/ Yoast SEO plugin. -->","yoast_head_json":{"title":"Datenschutz - Club Unique Brands","robots":{"index":"index","follow":"follow","max-snippet":"max-snippet:-1","max-image-preview":"max-image-preview:large","max-video-preview":"max-video-preview:-1"},"canonical":"https:\/\/club-brands.de\/en\/privacy-policy\/","og_locale":"en_US","og_type":"article","og_title":"Datenschutz - Club Unique Brands","og_description":"1. Datenschutz auf einen Blick Allgemeine HinweiseDie folgenden Hinweise geben einen einfachen \u00dcberblick dar\u00fcber, was mit Ihren personenbezogenen Daten passiert, wenn Sie unsere Website besuchen. Personenbezogene Daten sind alle Daten, mit denen Sie pers\u00f6nlich identifiziert werden k\u00f6nnen. Ausf\u00fchrliche Informationen zum Thema Datenschutz entnehmen Sie unserer unter diesem Text aufgef\u00fchrten Datenschutzerkl\u00e4rung. Datenerfassung auf unserer WebsiteWer ist [&hellip;]","og_url":"https:\/\/club-brands.de\/en\/privacy-policy\/","og_site_name":"Club Unique Brands","article_modified_time":"2024-03-14T13:40:56+00:00","twitter_card":"summary_large_image","twitter_misc":{"Est. reading time":"7 minutes"},"schema":{"@context":"https:\/\/schema.org","@graph":[{"@type":"WebPage","@id":"https:\/\/club-brands.de\/datenschutz\/","url":"https:\/\/club-brands.de\/datenschutz\/","name":"Datenschutz - Club Unique Brands","isPartOf":{"@id":"http:\/\/club-brands.de\/#website"},"datePublished":"2021-07-28T16:27:02+00:00","dateModified":"2024-03-14T13:40:56+00:00","breadcrumb":{"@id":"https:\/\/club-brands.de\/datenschutz\/#breadcrumb"},"inLanguage":"en-US","potentialAction":[{"@type":"ReadAction","target":["https:\/\/club-brands.de\/datenschutz\/"]}]},{"@type":"BreadcrumbList","@id":"https:\/\/club-brands.de\/datenschutz\/#breadcrumb","itemListElement":[{"@type":"ListItem","position":1,"name":"Home","item":"http:\/\/club-brands.de\/"},{"@type":"ListItem","position":2,"name":"Datenschutz"}]},{"@type":"WebSite","@id":"http:\/\/club-brands.de\/#website","url":"http:\/\/club-brands.de\/","name":"Club Unique Brands","description":"","potentialAction":[{"@type":"SearchAction","target":{"@type":"EntryPoint","urlTemplate":"http:\/\/club-brands.de\/?s={search_term_string}"},"query-input":{"@type":"PropertyValueSpecification","valueRequired":true,"valueName":"search_term_string"}}],"inLanguage":"en-US"}]}},"_links":{"self":[{"href":"https:\/\/club-brands.de\/en\/wp-json\/wp\/v2\/pages\/8575","targetHints":{"allow":["GET"]}}],"collection":[{"href":"https:\/\/club-brands.de\/en\/wp-json\/wp\/v2\/pages"}],"about":[{"href":"https:\/\/club-brands.de\/en\/wp-json\/wp\/v2\/types\/page"}],"author":[{"embeddable":true,"href":"https:\/\/club-brands.de\/en\/wp-json\/wp\/v2\/users\/3"}],"replies":[{"embeddable":true,"href":"https:\/\/club-brands.de\/en\/wp-json\/wp\/v2\/comments?post=8575"}],"version-history":[{"count":3,"href":"https:\/\/club-brands.de\/en\/wp-json\/wp\/v2\/pages\/8575\/revisions"}],"predecessor-version":[{"id":10829,"href":"https:\/\/club-brands.de\/en\/wp-json\/wp\/v2\/pages\/8575\/revisions\/10829"}],"wp:attachment":[{"href":"https:\/\/club-brands.de\/en\/wp-json\/wp\/v2\/media?parent=8575"}],"curies":[{"name":"wp","href":"https:\/\/api.w.org\/{rel}","templated":true}]}}