{"id":7725,"date":"2021-07-19T08:14:52","date_gmt":"2021-07-19T06:14:52","guid":{"rendered":"https:\/\/club-brands.de\/?page_id=7725"},"modified":"2025-10-02T14:44:35","modified_gmt":"2025-10-02T12:44:35","slug":"kompetenzen","status":"publish","type":"page","link":"https:\/\/club-brands.de\/en\/skill\/","title":{"rendered":"SKILLS"},"content":{"rendered":"<div data-elementor-type=\"wp-page\" data-elementor-id=\"7725\" class=\"elementor elementor-7725\" data-elementor-post-type=\"page\">\n\t\t\t\t\t\t<section data-dce-background-color=\"#000000\" class=\"elementor-section elementor-top-section elementor-element elementor-element-f9abb50 elementor-section-height-min-height elementor-section-boxed elementor-section-height-default elementor-section-items-middle qodef-elementor-content-no\" data-id=\"f9abb50\" data-element_type=\"section\" data-settings=\"{&quot;background_background&quot;:&quot;classic&quot;}\">\n\t\t\t\t\t\t<div class=\"elementor-container elementor-column-gap-default\">\n\t\t\t\t\t<div class=\"elementor-column elementor-col-100 elementor-top-column elementor-element elementor-element-6d4d29e\" data-id=\"6d4d29e\" data-element_type=\"column\">\n\t\t\t<div class=\"elementor-widget-wrap elementor-element-populated\">\n\t\t\t\t\t\t<div class=\"elementor-element elementor-element-478f31a elementor-widget elementor-widget-heading\" data-id=\"478f31a\" data-element_type=\"widget\" data-widget_type=\"heading.default\">\n\t\t\t\t<div class=\"elementor-widget-container\">\n\t\t\t\t\t<h1 class=\"elementor-heading-title elementor-size-default\">SKILLS<\/h1>\t\t\t\t<\/div>\n\t\t\t\t<\/div>\n\t\t\t\t<div class=\"elementor-element elementor-element-f18d85b elementor-widget elementor-widget-heading\" data-id=\"f18d85b\" data-element_type=\"widget\" data-widget_type=\"heading.default\">\n\t\t\t\t<div class=\"elementor-widget-container\">\n\t\t\t\t\t<h2 class=\"elementor-heading-title elementor-size-default\">Many years of experience and a large network in skincare and perfume distribution<\/h2>\t\t\t\t<\/div>\n\t\t\t\t<\/div>\n\t\t\t\t\t<\/div>\n\t\t<\/div>\n\t\t\t\t\t<\/div>\n\t\t<\/section>\n\t\t\t\t<section class=\"elementor-section elementor-top-section elementor-element elementor-element-832a406 elementor-section-boxed elementor-section-height-default elementor-section-height-default qodef-elementor-content-no\" data-id=\"832a406\" data-element_type=\"section\">\n\t\t\t\t\t\t<div class=\"elementor-container elementor-column-gap-default\">\n\t\t\t\t\t<div class=\"elementor-column elementor-col-50 elementor-top-column elementor-element elementor-element-35d7c22 qodef-custom-appear-right\" data-id=\"35d7c22\" data-element_type=\"column\">\n\t\t\t<div class=\"elementor-widget-wrap elementor-element-populated\">\n\t\t\t\t\t\t<div class=\"elementor-element elementor-element-e408f35 elementor-widget__width-auto elementor-widget-mobile__width-auto qodef-custom-appear-right elementor-widget elementor-widget-image\" data-id=\"e408f35\" data-element_type=\"widget\" data-widget_type=\"image.default\">\n\t\t\t\t<div class=\"elementor-widget-container\">\n\t\t\t\t\t\t\t\t\t\t\t\t\t\t\t<img fetchpriority=\"high\" decoding=\"async\" width=\"2560\" height=\"1707\" src=\"https:\/\/club-brands.de\/wp-content\/uploads\/2024\/07\/27.06.2024-4-scaled.jpg\" class=\"attachment-full size-full wp-image-11220\" alt=\"\" srcset=\"https:\/\/club-brands.de\/wp-content\/uploads\/2024\/07\/27.06.2024-4-scaled.jpg 2560w, https:\/\/club-brands.de\/wp-content\/uploads\/2024\/07\/27.06.2024-4-300x200.jpg 300w, https:\/\/club-brands.de\/wp-content\/uploads\/2024\/07\/27.06.2024-4-1024x683.jpg 1024w, https:\/\/club-brands.de\/wp-content\/uploads\/2024\/07\/27.06.2024-4-768x512.jpg 768w, https:\/\/club-brands.de\/wp-content\/uploads\/2024\/07\/27.06.2024-4-1536x1024.jpg 1536w, https:\/\/club-brands.de\/wp-content\/uploads\/2024\/07\/27.06.2024-4-2048x1365.jpg 2048w, https:\/\/club-brands.de\/wp-content\/uploads\/2024\/07\/27.06.2024-4-18x12.jpg 18w\" sizes=\"(max-width: 2560px) 100vw, 2560px\" \/>\t\t\t\t\t\t\t\t\t\t\t\t\t\t\t<\/div>\n\t\t\t\t<\/div>\n\t\t\t\t\t<\/div>\n\t\t<\/div>\n\t\t\t\t<div class=\"elementor-column elementor-col-50 elementor-top-column elementor-element elementor-element-42a7e8a\" data-id=\"42a7e8a\" data-element_type=\"column\" data-settings=\"{&quot;background_background&quot;:&quot;classic&quot;}\">\n\t\t\t<div class=\"elementor-widget-wrap elementor-element-populated\">\n\t\t\t\t\t\t<div class=\"elementor-element elementor-element-2358272 elementor-widget__width-initial elementor-widget-tablet__width-inherit elementor-widget elementor-widget-marra_core_section_title\" data-id=\"2358272\" data-element_type=\"widget\" data-widget_type=\"marra_core_section_title.default\">\n\t\t\t\t<div class=\"elementor-widget-container\">\n\t\t\t\t\t<div class=\"qodef-shortcode qodef-m  qodef-section-title qodef-alignment--center\">\n\t\t<div class=\"qodef-main-content\">\n\t\t\t<h2 class=\"qodef-m-title\" style=\"margin-bottom: 0px;color: #FFFFFF\">\n\t\t\t\t\t<a href=\"https:\/\/club-brands.de\/en\/skill\/sales-and-network\/\">Sales and Network<\/a>\t\t\t<\/h2>\n\t\t\t<p class=\"qodef-m-text\" style=\"margin-top: 22px;color: #FFFFFF\">In over 15 years we have built a diverse sales network including classical and private perfumeries, online retail, department stores and pharmacies. Thanks to our big sales team in Germany, Austria and Switzerland, we offer full service to our partners.<\/p>\n\t<\/div>\n<\/div>\t\t\t\t<\/div>\n\t\t\t\t<\/div>\n\t\t\t\t\t<\/div>\n\t\t<\/div>\n\t\t\t\t\t<\/div>\n\t\t<\/section>\n\t\t\t\t<section class=\"elementor-section elementor-top-section elementor-element elementor-element-2599739 elementor-reverse-tablet elementor-reverse-mobile elementor-section-boxed elementor-section-height-default elementor-section-height-default qodef-elementor-content-no\" data-id=\"2599739\" data-element_type=\"section\">\n\t\t\t\t\t\t<div class=\"elementor-container elementor-column-gap-default\">\n\t\t\t\t\t<div class=\"elementor-column elementor-col-50 elementor-top-column elementor-element elementor-element-a79314a\" data-id=\"a79314a\" data-element_type=\"column\" data-settings=\"{&quot;background_background&quot;:&quot;classic&quot;}\">\n\t\t\t<div class=\"elementor-widget-wrap elementor-element-populated\">\n\t\t\t\t\t\t<div class=\"elementor-element elementor-element-578be2a elementor-widget__width-inherit elementor-widget elementor-widget-marra_core_section_title\" data-id=\"578be2a\" data-element_type=\"widget\" data-widget_type=\"marra_core_section_title.default\">\n\t\t\t\t<div class=\"elementor-widget-container\">\n\t\t\t\t\t<div class=\"qodef-shortcode qodef-m  qodef-section-title qodef-alignment--center\">\n\t\t<div class=\"qodef-main-content\">\n\t\t\t<h2 class=\"qodef-m-title\" style=\"margin-bottom: 0px;color: #FFFFFF\">\n\t\t\t\t\t<a href=\"https:\/\/club-brands.de\/en\/skill\/logistics\/\">Logistics<\/a>\t\t\t<\/h2>\n\t\t\t<p class=\"qodef-m-text\" style=\"margin-top: 22px;color: #FFFFFF\">With our in-house logistics on over 3000 m\u00b2 of warehouse space and a competent and reliable team, we keep the strings in our own hands. This is how we score points in skincare &amp; perfume distribution with the fastest possible dispatch within the D\/A\/CH region.<\/p>\n\t<\/div>\n<\/div>\t\t\t\t<\/div>\n\t\t\t\t<\/div>\n\t\t\t\t\t<\/div>\n\t\t<\/div>\n\t\t\t\t<div class=\"elementor-column elementor-col-50 elementor-top-column elementor-element elementor-element-b9a3663\" data-id=\"b9a3663\" data-element_type=\"column\">\n\t\t\t<div class=\"elementor-widget-wrap elementor-element-populated\">\n\t\t\t\t\t\t<div class=\"elementor-element elementor-element-02e51f0 elementor-widget__width-auto elementor-widget-mobile__width-auto qodef-custom-appear-left elementor-widget elementor-widget-image\" data-id=\"02e51f0\" data-element_type=\"widget\" data-widget_type=\"image.default\">\n\t\t\t\t<div class=\"elementor-widget-container\">\n\t\t\t\t\t\t\t\t\t\t\t\t\t\t\t<img decoding=\"async\" src=\"https:\/\/club-brands.de\/wp-content\/uploads\/2024\/07\/25.06.2024-3-scaled.jpg\" title=\"25.06.2024-3\" alt=\"25.06.2024-3\" loading=\"lazy\" \/>\t\t\t\t\t\t\t\t\t\t\t\t\t\t\t<\/div>\n\t\t\t\t<\/div>\n\t\t\t\t\t<\/div>\n\t\t<\/div>\n\t\t\t\t\t<\/div>\n\t\t<\/section>\n\t\t\t\t<section class=\"elementor-section elementor-top-section elementor-element elementor-element-7b05bc9 elementor-section-boxed elementor-section-height-default elementor-section-height-default qodef-elementor-content-no\" data-id=\"7b05bc9\" data-element_type=\"section\">\n\t\t\t\t\t\t<div class=\"elementor-container elementor-column-gap-default\">\n\t\t\t\t\t<div class=\"elementor-column elementor-col-50 elementor-top-column elementor-element elementor-element-35278cb\" data-id=\"35278cb\" data-element_type=\"column\">\n\t\t\t<div class=\"elementor-widget-wrap elementor-element-populated\">\n\t\t\t\t\t\t<div class=\"elementor-element elementor-element-4efd19a elementor-widget__width-auto elementor-widget-mobile__width-auto qodef-custom-appear-right elementor-widget elementor-widget-image\" data-id=\"4efd19a\" data-element_type=\"widget\" data-widget_type=\"image.default\">\n\t\t\t\t<div class=\"elementor-widget-container\">\n\t\t\t\t\t\t\t\t\t\t\t\t\t\t\t<img decoding=\"async\" width=\"2560\" height=\"1707\" src=\"https:\/\/club-brands.de\/wp-content\/uploads\/2021\/07\/17-Justlaurasart_C.L.U.B_Unique_Brands_Fotografie_Laura_Broenhorst-20-scaled.jpg\" class=\"attachment-full size-full wp-image-11649\" alt=\"\" srcset=\"https:\/\/club-brands.de\/wp-content\/uploads\/2021\/07\/17-Justlaurasart_C.L.U.B_Unique_Brands_Fotografie_Laura_Broenhorst-20-scaled.jpg 2560w, https:\/\/club-brands.de\/wp-content\/uploads\/2021\/07\/17-Justlaurasart_C.L.U.B_Unique_Brands_Fotografie_Laura_Broenhorst-20-300x200.jpg 300w, https:\/\/club-brands.de\/wp-content\/uploads\/2021\/07\/17-Justlaurasart_C.L.U.B_Unique_Brands_Fotografie_Laura_Broenhorst-20-1024x683.jpg 1024w, https:\/\/club-brands.de\/wp-content\/uploads\/2021\/07\/17-Justlaurasart_C.L.U.B_Unique_Brands_Fotografie_Laura_Broenhorst-20-768x512.jpg 768w, https:\/\/club-brands.de\/wp-content\/uploads\/2021\/07\/17-Justlaurasart_C.L.U.B_Unique_Brands_Fotografie_Laura_Broenhorst-20-1536x1024.jpg 1536w, https:\/\/club-brands.de\/wp-content\/uploads\/2021\/07\/17-Justlaurasart_C.L.U.B_Unique_Brands_Fotografie_Laura_Broenhorst-20-2048x1365.jpg 2048w, https:\/\/club-brands.de\/wp-content\/uploads\/2021\/07\/17-Justlaurasart_C.L.U.B_Unique_Brands_Fotografie_Laura_Broenhorst-20-18x12.jpg 18w\" sizes=\"(max-width: 2560px) 100vw, 2560px\" \/>\t\t\t\t\t\t\t\t\t\t\t\t\t\t\t<\/div>\n\t\t\t\t<\/div>\n\t\t\t\t\t<\/div>\n\t\t<\/div>\n\t\t\t\t<div class=\"elementor-column elementor-col-50 elementor-top-column elementor-element elementor-element-65eefb8\" data-id=\"65eefb8\" data-element_type=\"column\" data-settings=\"{&quot;background_background&quot;:&quot;classic&quot;}\">\n\t\t\t<div class=\"elementor-widget-wrap elementor-element-populated\">\n\t\t\t\t\t\t<div class=\"elementor-element elementor-element-8c1fbf8 elementor-widget__width-initial elementor-widget-tablet__width-inherit elementor-widget elementor-widget-marra_core_section_title\" data-id=\"8c1fbf8\" data-element_type=\"widget\" data-widget_type=\"marra_core_section_title.default\">\n\t\t\t\t<div class=\"elementor-widget-container\">\n\t\t\t\t\t<div class=\"qodef-shortcode qodef-m  qodef-section-title qodef-alignment--center\">\n\t\t<div class=\"qodef-main-content\">\n\t\t\t<h2 class=\"qodef-m-title\" style=\"margin-bottom: 0px;color: #FFFFFF\">\n\t\t\t\t\t<a href=\"https:\/\/club-brands.de\/en\/skill\/marketing\/\">Marketing<\/a>\t\t\t<\/h2>\n\t\t\t<p class=\"qodef-m-text\" style=\"margin-top: 22px;color: #FFFFFF\">Our rapidly growing marketing team supports our brands with a 360\u00b0 strategy. We plan and implement tailor-made campaigns for\nbrands and customers, focusing on the individual positioning of the brands or B2B customers.<\/p>\n\t<\/div>\n<\/div>\t\t\t\t<\/div>\n\t\t\t\t<\/div>\n\t\t\t\t\t<\/div>\n\t\t<\/div>\n\t\t\t\t\t<\/div>\n\t\t<\/section>\n\t\t\t\t<section class=\"elementor-section elementor-top-section elementor-element elementor-element-d6eace2 elementor-reverse-tablet elementor-reverse-mobile elementor-section-boxed elementor-section-height-default elementor-section-height-default qodef-elementor-content-no\" data-id=\"d6eace2\" data-element_type=\"section\">\n\t\t\t\t\t\t<div class=\"elementor-container elementor-column-gap-default\">\n\t\t\t\t\t<div class=\"elementor-column elementor-col-50 elementor-top-column elementor-element elementor-element-da95cca\" data-id=\"da95cca\" data-element_type=\"column\" data-settings=\"{&quot;background_background&quot;:&quot;classic&quot;}\">\n\t\t\t<div class=\"elementor-widget-wrap elementor-element-populated\">\n\t\t\t\t\t\t<div class=\"elementor-element elementor-element-7b9efef elementor-widget__width-inherit elementor-widget elementor-widget-marra_core_section_title\" data-id=\"7b9efef\" data-element_type=\"widget\" data-widget_type=\"marra_core_section_title.default\">\n\t\t\t\t<div class=\"elementor-widget-container\">\n\t\t\t\t\t<div class=\"qodef-shortcode qodef-m  qodef-section-title qodef-alignment--center\">\n\t\t<div class=\"qodef-main-content\">\n\t\t\t<h2 class=\"qodef-m-title\" style=\"margin-bottom: 0px;color: #FFFFFF\">\n\t\t\t\t\t<a href=\"https:\/\/club-brands.de\/en\/skill\/training\/\">Training&amp;Social Selling<\/a>\t\t\t<\/h2>\n\t\t\t<p class=\"qodef-m-text\" style=\"margin-top: 22px;color: #FFFFFF\">The established in-house training department develops training concepts individually for every brand and channel. Based on needs and requirements, we support customers and team members with tailor-made approaches.<\/p>\n\t<\/div>\n<\/div>\t\t\t\t<\/div>\n\t\t\t\t<\/div>\n\t\t\t\t\t<\/div>\n\t\t<\/div>\n\t\t\t\t<div class=\"elementor-column elementor-col-50 elementor-top-column elementor-element elementor-element-0dd508d\" data-id=\"0dd508d\" data-element_type=\"column\">\n\t\t\t<div class=\"elementor-widget-wrap elementor-element-populated\">\n\t\t\t\t\t\t<div class=\"elementor-element elementor-element-be31176 elementor-widget__width-auto elementor-widget-mobile__width-auto qodef-custom-appear-left elementor-widget elementor-widget-image\" data-id=\"be31176\" data-element_type=\"widget\" data-widget_type=\"image.default\">\n\t\t\t\t<div class=\"elementor-widget-container\">\n\t\t\t\t\t\t\t\t\t\t\t\t\t\t\t<img decoding=\"async\" width=\"2000\" height=\"1335\" src=\"https:\/\/club-brands.de\/wp-content\/uploads\/2021\/09\/Kompetenzen_Training-e1631281219706.jpg\" class=\"attachment-full size-full wp-image-9382\" alt=\"Training Vertrieb, CLub brands Trainingskonzepte\" srcset=\"https:\/\/club-brands.de\/wp-content\/uploads\/2021\/09\/Kompetenzen_Training-e1631281219706.jpg 2000w, https:\/\/club-brands.de\/wp-content\/uploads\/2021\/09\/Kompetenzen_Training-e1631281219706-300x200.jpg 300w, https:\/\/club-brands.de\/wp-content\/uploads\/2021\/09\/Kompetenzen_Training-e1631281219706-1024x684.jpg 1024w, https:\/\/club-brands.de\/wp-content\/uploads\/2021\/09\/Kompetenzen_Training-e1631281219706-768x513.jpg 768w, https:\/\/club-brands.de\/wp-content\/uploads\/2021\/09\/Kompetenzen_Training-e1631281219706-391x260.jpg 391w, https:\/\/club-brands.de\/wp-content\/uploads\/2021\/09\/Kompetenzen_Training-e1631281219706-1536x1025.jpg 1536w\" sizes=\"(max-width: 2000px) 100vw, 2000px\" \/>\t\t\t\t\t\t\t\t\t\t\t\t\t\t\t<\/div>\n\t\t\t\t<\/div>\n\t\t\t\t\t<\/div>\n\t\t<\/div>\n\t\t\t\t\t<\/div>\n\t\t<\/section>\n\t\t\t\t<\/div>","protected":false},"excerpt":{"rendered":"<p>Langj\u00e4hrige Erfahrung und ein gro\u00dfes Netzwerk im Skincare &amp; Parf\u00fcm Vertrieb Vertrieb und Netzwerk Wir haben in \u00fcber 15 Jahren ein vielseitiges Vertriebsnetz aufgebaut, das von klassischen Parf\u00fcmerien \u00fcber den Onlinehandel, Department Stores bis hin zu Apotheken reicht. Dank dem starken Vertriebsteam in den D\/A\/CH-Regionen bieten wir unseren Partnern an jedem Standort den Full Service. [&hellip;]<\/p>","protected":false},"author":3,"featured_media":0,"parent":0,"menu_order":0,"comment_status":"closed","ping_status":"closed","template":"page-full-width.php","meta":{"_acf_changed":false,"footnotes":""},"class_list":["post-7725","page","type-page","status-publish","hentry"],"acf":[],"yoast_head":"<!-- This site is optimized with the Yoast SEO plugin v24.1 - https:\/\/yoast.com\/wordpress\/plugins\/seo\/ -->\n<title>Kompetenzen - Wir sind Ihre Spezialisten im Skincare &amp; Parf\u00fcm Vertrieb<\/title>\n<meta name=\"description\" content=\"Wir entwickeln individuell zugeschnittene Vertriebskonzepte und positionieren Beauty- &amp; Lifestyle-Marken optimal. \u2713Parf\u00fcm Vertrieb\" \/>\n<meta name=\"robots\" content=\"index, follow, max-snippet:-1, max-image-preview:large, max-video-preview:-1\" \/>\n<link rel=\"canonical\" href=\"https:\/\/club-brands.de\/en\/skill\/\" \/>\n<meta property=\"og:locale\" content=\"en_US\" \/>\n<meta property=\"og:type\" content=\"article\" \/>\n<meta property=\"og:title\" content=\"Kompetenzen - Wir sind Ihre Spezialisten im Skincare &amp; Parf\u00fcm Vertrieb\" \/>\n<meta property=\"og:description\" content=\"Wir entwickeln individuell zugeschnittene Vertriebskonzepte und positionieren Beauty- &amp; Lifestyle-Marken optimal. \u2713Parf\u00fcm Vertrieb\" \/>\n<meta property=\"og:url\" content=\"https:\/\/club-brands.de\/en\/skill\/\" \/>\n<meta property=\"og:site_name\" content=\"Club Unique Brands\" \/>\n<meta property=\"article:modified_time\" content=\"2025-10-02T12:44:35+00:00\" \/>\n<meta property=\"og:image\" content=\"https:\/\/club-brands.de\/wp-content\/uploads\/2024\/07\/27.06.2024-4-scaled.jpg\" \/>\n<meta name=\"twitter:card\" content=\"summary_large_image\" \/>\n<meta name=\"twitter:label1\" content=\"Est. reading time\" \/>\n\t<meta name=\"twitter:data1\" content=\"2 minutes\" \/>\n<script type=\"application\/ld+json\" class=\"yoast-schema-graph\">{\"@context\":\"https:\/\/schema.org\",\"@graph\":[{\"@type\":\"WebPage\",\"@id\":\"https:\/\/club-brands.de\/en\/skill\/\",\"url\":\"https:\/\/club-brands.de\/en\/skill\/\",\"name\":\"Kompetenzen - Wir sind Ihre Spezialisten im Skincare & Parf\u00fcm Vertrieb\",\"isPartOf\":{\"@id\":\"https:\/\/club-brands.de\/en\/#website\"},\"primaryImageOfPage\":{\"@id\":\"https:\/\/club-brands.de\/en\/skill\/#primaryimage\"},\"image\":{\"@id\":\"https:\/\/club-brands.de\/en\/skill\/#primaryimage\"},\"thumbnailUrl\":\"https:\/\/club-brands.de\/wp-content\/uploads\/2024\/07\/27.06.2024-4-scaled.jpg\",\"datePublished\":\"2021-07-19T06:14:52+00:00\",\"dateModified\":\"2025-10-02T12:44:35+00:00\",\"description\":\"Wir entwickeln individuell zugeschnittene Vertriebskonzepte und positionieren Beauty- & Lifestyle-Marken optimal. \u2713Parf\u00fcm Vertrieb\",\"breadcrumb\":{\"@id\":\"https:\/\/club-brands.de\/en\/skill\/#breadcrumb\"},\"inLanguage\":\"en-US\",\"potentialAction\":[{\"@type\":\"ReadAction\",\"target\":[\"https:\/\/club-brands.de\/en\/skill\/\"]}]},{\"@type\":\"ImageObject\",\"inLanguage\":\"en-US\",\"@id\":\"https:\/\/club-brands.de\/en\/skill\/#primaryimage\",\"url\":\"https:\/\/club-brands.de\/wp-content\/uploads\/2024\/07\/27.06.2024-4-scaled.jpg\",\"contentUrl\":\"https:\/\/club-brands.de\/wp-content\/uploads\/2024\/07\/27.06.2024-4-scaled.jpg\"},{\"@type\":\"BreadcrumbList\",\"@id\":\"https:\/\/club-brands.de\/en\/skill\/#breadcrumb\",\"itemListElement\":[{\"@type\":\"ListItem\",\"position\":1,\"name\":\"Home\",\"item\":\"https:\/\/club-brands.de\/en\/\"},{\"@type\":\"ListItem\",\"position\":2,\"name\":\"Kompetenzen\"}]},{\"@type\":\"WebSite\",\"@id\":\"https:\/\/club-brands.de\/en\/#website\",\"url\":\"https:\/\/club-brands.de\/en\/\",\"name\":\"Club Unique Brands\",\"description\":\"\",\"potentialAction\":[{\"@type\":\"SearchAction\",\"target\":{\"@type\":\"EntryPoint\",\"urlTemplate\":\"https:\/\/club-brands.de\/en\/?s={search_term_string}\"},\"query-input\":{\"@type\":\"PropertyValueSpecification\",\"valueRequired\":true,\"valueName\":\"search_term_string\"}}],\"inLanguage\":\"en-US\"}]}<\/script>\n<!-- \/ Yoast SEO plugin. -->","yoast_head_json":{"title":"Kompetenzen - Wir sind Ihre Spezialisten im Skincare & Parf\u00fcm Vertrieb","description":"Wir entwickeln individuell zugeschnittene Vertriebskonzepte und positionieren Beauty- & Lifestyle-Marken optimal. \u2713Parf\u00fcm Vertrieb","robots":{"index":"index","follow":"follow","max-snippet":"max-snippet:-1","max-image-preview":"max-image-preview:large","max-video-preview":"max-video-preview:-1"},"canonical":"https:\/\/club-brands.de\/en\/skill\/","og_locale":"en_US","og_type":"article","og_title":"Kompetenzen - Wir sind Ihre Spezialisten im Skincare & Parf\u00fcm Vertrieb","og_description":"Wir entwickeln individuell zugeschnittene Vertriebskonzepte und positionieren Beauty- & Lifestyle-Marken optimal. \u2713Parf\u00fcm Vertrieb","og_url":"https:\/\/club-brands.de\/en\/skill\/","og_site_name":"Club Unique Brands","article_modified_time":"2025-10-02T12:44:35+00:00","og_image":[{"url":"https:\/\/club-brands.de\/wp-content\/uploads\/2024\/07\/27.06.2024-4-scaled.jpg","type":"","width":"","height":""}],"twitter_card":"summary_large_image","twitter_misc":{"Est. reading time":"2 minutes"},"schema":{"@context":"https:\/\/schema.org","@graph":[{"@type":"WebPage","@id":"https:\/\/club-brands.de\/en\/skill\/","url":"https:\/\/club-brands.de\/en\/skill\/","name":"Kompetenzen - Wir sind Ihre Spezialisten im Skincare & Parf\u00fcm Vertrieb","isPartOf":{"@id":"https:\/\/club-brands.de\/en\/#website"},"primaryImageOfPage":{"@id":"https:\/\/club-brands.de\/en\/skill\/#primaryimage"},"image":{"@id":"https:\/\/club-brands.de\/en\/skill\/#primaryimage"},"thumbnailUrl":"https:\/\/club-brands.de\/wp-content\/uploads\/2024\/07\/27.06.2024-4-scaled.jpg","datePublished":"2021-07-19T06:14:52+00:00","dateModified":"2025-10-02T12:44:35+00:00","description":"Wir entwickeln individuell zugeschnittene Vertriebskonzepte und positionieren Beauty- & Lifestyle-Marken optimal. \u2713Parf\u00fcm Vertrieb","breadcrumb":{"@id":"https:\/\/club-brands.de\/en\/skill\/#breadcrumb"},"inLanguage":"en-US","potentialAction":[{"@type":"ReadAction","target":["https:\/\/club-brands.de\/en\/skill\/"]}]},{"@type":"ImageObject","inLanguage":"en-US","@id":"https:\/\/club-brands.de\/en\/skill\/#primaryimage","url":"https:\/\/club-brands.de\/wp-content\/uploads\/2024\/07\/27.06.2024-4-scaled.jpg","contentUrl":"https:\/\/club-brands.de\/wp-content\/uploads\/2024\/07\/27.06.2024-4-scaled.jpg"},{"@type":"BreadcrumbList","@id":"https:\/\/club-brands.de\/en\/skill\/#breadcrumb","itemListElement":[{"@type":"ListItem","position":1,"name":"Home","item":"https:\/\/club-brands.de\/en\/"},{"@type":"ListItem","position":2,"name":"Kompetenzen"}]},{"@type":"WebSite","@id":"https:\/\/club-brands.de\/en\/#website","url":"https:\/\/club-brands.de\/en\/","name":"Club Unique Brands","description":"","potentialAction":[{"@type":"SearchAction","target":{"@type":"EntryPoint","urlTemplate":"https:\/\/club-brands.de\/en\/?s={search_term_string}"},"query-input":{"@type":"PropertyValueSpecification","valueRequired":true,"valueName":"search_term_string"}}],"inLanguage":"en-US"}]}},"_links":{"self":[{"href":"https:\/\/club-brands.de\/en\/wp-json\/wp\/v2\/pages\/7725","targetHints":{"allow":["GET"]}}],"collection":[{"href":"https:\/\/club-brands.de\/en\/wp-json\/wp\/v2\/pages"}],"about":[{"href":"https:\/\/club-brands.de\/en\/wp-json\/wp\/v2\/types\/page"}],"author":[{"embeddable":true,"href":"https:\/\/club-brands.de\/en\/wp-json\/wp\/v2\/users\/3"}],"replies":[{"embeddable":true,"href":"https:\/\/club-brands.de\/en\/wp-json\/wp\/v2\/comments?post=7725"}],"version-history":[{"count":202,"href":"https:\/\/club-brands.de\/en\/wp-json\/wp\/v2\/pages\/7725\/revisions"}],"predecessor-version":[{"id":11718,"href":"https:\/\/club-brands.de\/en\/wp-json\/wp\/v2\/pages\/7725\/revisions\/11718"}],"wp:attachment":[{"href":"https:\/\/club-brands.de\/en\/wp-json\/wp\/v2\/media?parent=7725"}],"curies":[{"name":"wp","href":"https:\/\/api.w.org\/{rel}","templated":true}]}}