{"id":11139,"date":"2024-06-20T21:30:36","date_gmt":"2024-06-20T19:30:36","guid":{"rendered":"https:\/\/club-brands.de\/?page_id=11139"},"modified":"2025-01-02T16:07:21","modified_gmt":"2025-01-02T15:07:21","slug":"perroy","status":"publish","type":"page","link":"https:\/\/club-brands.de\/en\/perroy\/","title":{"rendered":"PERROY"},"content":{"rendered":"<div data-elementor-type=\"wp-page\" data-elementor-id=\"11139\" class=\"elementor elementor-11139\" data-elementor-post-type=\"page\">\n\t\t\t\t<div class=\"elementor-element elementor-element-aa26f95 e-flex e-con-boxed e-con e-parent\" data-id=\"aa26f95\" data-element_type=\"container\">\n\t\t\t\t\t<div class=\"e-con-inner\">\n\t\t<div class=\"elementor-element elementor-element-a87f0a1 e-con-full e-flex e-con e-child\" data-id=\"a87f0a1\" data-element_type=\"container\">\n\t\t\t\t<div class=\"elementor-element elementor-element-c104768 elementor--h-position-center elementor--v-position-middle elementor-arrows-position-inside elementor-widget elementor-widget-slides\" data-id=\"c104768\" data-element_type=\"widget\" data-settings=\"{&quot;navigation&quot;:&quot;arrows&quot;,&quot;autoplay&quot;:&quot;yes&quot;,&quot;pause_on_hover&quot;:&quot;yes&quot;,&quot;pause_on_interaction&quot;:&quot;yes&quot;,&quot;autoplay_speed&quot;:5000,&quot;infinite&quot;:&quot;yes&quot;,&quot;transition&quot;:&quot;slide&quot;,&quot;transition_speed&quot;:500}\" data-widget_type=\"slides.default\">\n\t\t\t\t<div class=\"elementor-widget-container\">\n\t\t\t\t\t\t\t\t\t<div class=\"elementor-swiper\">\n\t\t\t\t\t<div class=\"elementor-slides-wrapper elementor-main-swiper swiper\" role=\"region\" aria-roledescription=\"carousel\" aria-label=\"Slider\" dir=\"ltr\" data-animation=\"fadeInUp\">\n\t\t\t\t<div class=\"swiper-wrapper elementor-slides\">\n\t\t\t\t\t\t\t\t\t\t<div class=\"elementor-repeater-item-daed069 swiper-slide\" role=\"group\" aria-roledescription=\"slide\"><div class=\"swiper-slide-bg\" role=\"img\"><\/div><div class=\"swiper-slide-inner\" ><div class=\"swiper-slide-contents\"><\/div><\/div><\/div><div class=\"elementor-repeater-item-1983b43 swiper-slide\" role=\"group\" aria-roledescription=\"slide\"><div class=\"swiper-slide-bg\" role=\"img\"><\/div><div class=\"swiper-slide-inner\" ><div class=\"swiper-slide-contents\"><\/div><\/div><\/div><div class=\"elementor-repeater-item-0ea3cce swiper-slide\" role=\"group\" aria-roledescription=\"slide\"><div class=\"swiper-slide-bg\" role=\"img\"><\/div><div class=\"swiper-slide-inner\" ><div class=\"swiper-slide-contents\"><\/div><\/div><\/div>\t\t\t\t<\/div>\n\t\t\t\t\t\t\t\t\t\t\t\t\t\t\t\t\t\t\t\t<div class=\"elementor-swiper-button elementor-swiper-button-prev\" role=\"button\" tabindex=\"0\" aria-label=\"Previous slide\">\n\t\t\t\t\t\t\t<i aria-hidden=\"true\" class=\"eicon-chevron-left\"><\/i>\t\t\t\t\t\t<\/div>\n\t\t\t\t\t\t<div class=\"elementor-swiper-button elementor-swiper-button-next\" role=\"button\" tabindex=\"0\" aria-label=\"Next slide\">\n\t\t\t\t\t\t\t<i aria-hidden=\"true\" class=\"eicon-chevron-right\"><\/i>\t\t\t\t\t\t<\/div>\n\t\t\t\t\t\t\t\t\t\t\t\t<\/div>\n\t\t\t\t<\/div>\n\t\t\t\t\t\t\t\t<\/div>\n\t\t\t\t<\/div>\n\t\t\t\t<\/div>\n\t\t<div class=\"elementor-element elementor-element-e17a6bc e-con-full e-flex e-con e-child\" data-id=\"e17a6bc\" data-element_type=\"container\">\n\t\t\t\t<div class=\"elementor-element elementor-element-5cfda96 elementor-widget elementor-widget-heading\" data-id=\"5cfda96\" data-element_type=\"widget\" data-widget_type=\"heading.default\">\n\t\t\t\t<div class=\"elementor-widget-container\">\n\t\t\t\t\t<h2 class=\"elementor-heading-title elementor-size-default\">PERROY<\/h2>\t\t\t\t<\/div>\n\t\t\t\t<\/div>\n\t\t\t\t<div class=\"elementor-element elementor-element-dc9452a elementor-widget elementor-widget-text-editor\" data-id=\"dc9452a\" data-element_type=\"widget\" data-widget_type=\"text-editor.default\">\n\t\t\t\t<div class=\"elementor-widget-container\">\n\t\t\t\t\t\t\t\t\t<p>With a range of eight positive and optimistic fragrances, the PERROY brand is setting new standards in the world of perfumery. Each fragrance gives you a unique personality that embodies joy and freedom.<\/p>\t\t\t\t\t\t\t\t<\/div>\n\t\t\t\t<\/div>\n\t\t\t\t<\/div>\n\t\t\t\t\t<\/div>\n\t\t\t\t<\/div>\n\t\t\t\t<\/div>","protected":false},"excerpt":{"rendered":"<p>PERROY Mit einer Palette von acht positiven und optimistischen D\u00fcften setzt die Marke PERROY neue Ma\u00dfst\u00e4be in der Welt der Parf\u00fcmerie. Jeder Duft verleiht Dir eine einzigartige Pers\u00f6nlichkeit, die Freude und Freiheit verk\u00f6rpert.<\/p>","protected":false},"author":4,"featured_media":0,"parent":0,"menu_order":0,"comment_status":"closed","ping_status":"closed","template":"","meta":{"_acf_changed":false,"footnotes":""},"class_list":["post-11139","page","type-page","status-publish","hentry"],"acf":[],"yoast_head":"<!-- This site is optimized with the Yoast SEO plugin v24.1 - https:\/\/yoast.com\/wordpress\/plugins\/seo\/ -->\n<title>PERROY - Club Unique Brands<\/title>\n<meta name=\"robots\" content=\"index, follow, max-snippet:-1, max-image-preview:large, max-video-preview:-1\" \/>\n<link rel=\"canonical\" href=\"https:\/\/club-brands.de\/en\/perroy\/\" \/>\n<meta property=\"og:locale\" content=\"en_US\" \/>\n<meta property=\"og:type\" content=\"article\" \/>\n<meta property=\"og:title\" content=\"PERROY - Club Unique Brands\" \/>\n<meta property=\"og:description\" content=\"PERROY Mit einer Palette von acht positiven und optimistischen D\u00fcften setzt die Marke PERROY neue Ma\u00dfst\u00e4be in der Welt der Parf\u00fcmerie. Jeder Duft verleiht Dir eine einzigartige Pers\u00f6nlichkeit, die Freude und Freiheit verk\u00f6rpert.\" \/>\n<meta property=\"og:url\" content=\"https:\/\/club-brands.de\/en\/perroy\/\" \/>\n<meta property=\"og:site_name\" content=\"Club Unique Brands\" \/>\n<meta property=\"article:modified_time\" content=\"2025-01-02T15:07:21+00:00\" \/>\n<meta name=\"twitter:card\" content=\"summary_large_image\" \/>\n<meta name=\"twitter:label1\" content=\"Est. reading time\" \/>\n\t<meta name=\"twitter:data1\" content=\"1 minute\" \/>\n<script type=\"application\/ld+json\" class=\"yoast-schema-graph\">{\"@context\":\"https:\/\/schema.org\",\"@graph\":[{\"@type\":\"WebPage\",\"@id\":\"https:\/\/club-brands.de\/en\/perroy\/\",\"url\":\"https:\/\/club-brands.de\/en\/perroy\/\",\"name\":\"PERROY - Club Unique Brands\",\"isPartOf\":{\"@id\":\"https:\/\/club-brands.de\/en\/#website\"},\"datePublished\":\"2024-06-20T19:30:36+00:00\",\"dateModified\":\"2025-01-02T15:07:21+00:00\",\"breadcrumb\":{\"@id\":\"https:\/\/club-brands.de\/en\/perroy\/#breadcrumb\"},\"inLanguage\":\"en-US\",\"potentialAction\":[{\"@type\":\"ReadAction\",\"target\":[\"https:\/\/club-brands.de\/en\/perroy\/\"]}]},{\"@type\":\"BreadcrumbList\",\"@id\":\"https:\/\/club-brands.de\/en\/perroy\/#breadcrumb\",\"itemListElement\":[{\"@type\":\"ListItem\",\"position\":1,\"name\":\"Home\",\"item\":\"https:\/\/club-brands.de\/en\/\"},{\"@type\":\"ListItem\",\"position\":2,\"name\":\"PERROY\"}]},{\"@type\":\"WebSite\",\"@id\":\"https:\/\/club-brands.de\/en\/#website\",\"url\":\"https:\/\/club-brands.de\/en\/\",\"name\":\"Club Unique Brands\",\"description\":\"\",\"potentialAction\":[{\"@type\":\"SearchAction\",\"target\":{\"@type\":\"EntryPoint\",\"urlTemplate\":\"https:\/\/club-brands.de\/en\/?s={search_term_string}\"},\"query-input\":{\"@type\":\"PropertyValueSpecification\",\"valueRequired\":true,\"valueName\":\"search_term_string\"}}],\"inLanguage\":\"en-US\"}]}<\/script>\n<!-- \/ Yoast SEO plugin. -->","yoast_head_json":{"title":"PERROY - Club Unique Brands","robots":{"index":"index","follow":"follow","max-snippet":"max-snippet:-1","max-image-preview":"max-image-preview:large","max-video-preview":"max-video-preview:-1"},"canonical":"https:\/\/club-brands.de\/en\/perroy\/","og_locale":"en_US","og_type":"article","og_title":"PERROY - Club Unique Brands","og_description":"PERROY Mit einer Palette von acht positiven und optimistischen D\u00fcften setzt die Marke PERROY neue Ma\u00dfst\u00e4be in der Welt der Parf\u00fcmerie. Jeder Duft verleiht Dir eine einzigartige Pers\u00f6nlichkeit, die Freude und Freiheit verk\u00f6rpert.","og_url":"https:\/\/club-brands.de\/en\/perroy\/","og_site_name":"Club Unique Brands","article_modified_time":"2025-01-02T15:07:21+00:00","twitter_card":"summary_large_image","twitter_misc":{"Est. reading time":"1 minute"},"schema":{"@context":"https:\/\/schema.org","@graph":[{"@type":"WebPage","@id":"https:\/\/club-brands.de\/en\/perroy\/","url":"https:\/\/club-brands.de\/en\/perroy\/","name":"PERROY - Club Unique Brands","isPartOf":{"@id":"https:\/\/club-brands.de\/en\/#website"},"datePublished":"2024-06-20T19:30:36+00:00","dateModified":"2025-01-02T15:07:21+00:00","breadcrumb":{"@id":"https:\/\/club-brands.de\/en\/perroy\/#breadcrumb"},"inLanguage":"en-US","potentialAction":[{"@type":"ReadAction","target":["https:\/\/club-brands.de\/en\/perroy\/"]}]},{"@type":"BreadcrumbList","@id":"https:\/\/club-brands.de\/en\/perroy\/#breadcrumb","itemListElement":[{"@type":"ListItem","position":1,"name":"Home","item":"https:\/\/club-brands.de\/en\/"},{"@type":"ListItem","position":2,"name":"PERROY"}]},{"@type":"WebSite","@id":"https:\/\/club-brands.de\/en\/#website","url":"https:\/\/club-brands.de\/en\/","name":"Club Unique Brands","description":"","potentialAction":[{"@type":"SearchAction","target":{"@type":"EntryPoint","urlTemplate":"https:\/\/club-brands.de\/en\/?s={search_term_string}"},"query-input":{"@type":"PropertyValueSpecification","valueRequired":true,"valueName":"search_term_string"}}],"inLanguage":"en-US"}]}},"_links":{"self":[{"href":"https:\/\/club-brands.de\/en\/wp-json\/wp\/v2\/pages\/11139","targetHints":{"allow":["GET"]}}],"collection":[{"href":"https:\/\/club-brands.de\/en\/wp-json\/wp\/v2\/pages"}],"about":[{"href":"https:\/\/club-brands.de\/en\/wp-json\/wp\/v2\/types\/page"}],"author":[{"embeddable":true,"href":"https:\/\/club-brands.de\/en\/wp-json\/wp\/v2\/users\/4"}],"replies":[{"embeddable":true,"href":"https:\/\/club-brands.de\/en\/wp-json\/wp\/v2\/comments?post=11139"}],"version-history":[{"count":7,"href":"https:\/\/club-brands.de\/en\/wp-json\/wp\/v2\/pages\/11139\/revisions"}],"predecessor-version":[{"id":11421,"href":"https:\/\/club-brands.de\/en\/wp-json\/wp\/v2\/pages\/11139\/revisions\/11421"}],"wp:attachment":[{"href":"https:\/\/club-brands.de\/en\/wp-json\/wp\/v2\/media?parent=11139"}],"curies":[{"name":"wp","href":"https:\/\/api.w.org\/{rel}","templated":true}]}}