{"id":11006,"date":"2024-05-13T18:22:14","date_gmt":"2024-05-13T16:22:14","guid":{"rendered":"https:\/\/club-brands.de\/?page_id=11006"},"modified":"2024-07-24T12:41:52","modified_gmt":"2024-07-24T10:41:52","slug":"simone-andreoli","status":"publish","type":"page","link":"https:\/\/club-brands.de\/en\/simone-andreoli\/","title":{"rendered":"Simone Andreoli"},"content":{"rendered":"<div data-elementor-type=\"wp-page\" data-elementor-id=\"11006\" class=\"elementor elementor-11006\" data-elementor-post-type=\"page\">\n\t\t\t\t<div class=\"elementor-element elementor-element-51497c5 e-flex e-con-boxed e-con e-parent\" data-id=\"51497c5\" data-element_type=\"container\">\n\t\t\t\t\t<div class=\"e-con-inner\">\n\t\t\t\t\t<\/div>\n\t\t\t\t<\/div>\n\t\t<div class=\"elementor-element elementor-element-aa26f95 e-flex e-con-boxed e-con e-parent\" data-id=\"aa26f95\" data-element_type=\"container\">\n\t\t\t\t\t<div class=\"e-con-inner\">\n\t\t<div class=\"elementor-element elementor-element-a87f0a1 e-con-full e-flex e-con e-child\" data-id=\"a87f0a1\" data-element_type=\"container\">\n\t\t\t\t<div class=\"elementor-element elementor-element-c104768 elementor--h-position-center elementor--v-position-middle elementor-arrows-position-inside elementor-widget elementor-widget-slides\" data-id=\"c104768\" data-element_type=\"widget\" data-settings=\"{&quot;navigation&quot;:&quot;arrows&quot;,&quot;autoplay&quot;:&quot;yes&quot;,&quot;pause_on_hover&quot;:&quot;yes&quot;,&quot;pause_on_interaction&quot;:&quot;yes&quot;,&quot;autoplay_speed&quot;:5000,&quot;infinite&quot;:&quot;yes&quot;,&quot;transition&quot;:&quot;slide&quot;,&quot;transition_speed&quot;:500}\" data-widget_type=\"slides.default\">\n\t\t\t\t<div class=\"elementor-widget-container\">\n\t\t\t\t\t\t\t\t\t<div class=\"elementor-swiper\">\n\t\t\t\t\t<div class=\"elementor-slides-wrapper elementor-main-swiper swiper\" role=\"region\" aria-roledescription=\"carousel\" aria-label=\"Slides\" dir=\"ltr\" data-animation=\"fadeInUp\">\n\t\t\t\t<div class=\"swiper-wrapper elementor-slides\">\n\t\t\t\t\t\t\t\t\t\t<div class=\"elementor-repeater-item-daed069 swiper-slide\" role=\"group\" aria-roledescription=\"slide\"><div class=\"swiper-slide-bg\" role=\"img\"><\/div><div class=\"swiper-slide-inner\" ><div class=\"swiper-slide-contents\"><\/div><\/div><\/div><div class=\"elementor-repeater-item-c86701e swiper-slide\" role=\"group\" aria-roledescription=\"slide\"><div class=\"swiper-slide-bg\" role=\"img\"><\/div><div class=\"swiper-slide-inner\" ><div class=\"swiper-slide-contents\"><\/div><\/div><\/div><div class=\"elementor-repeater-item-701a30e swiper-slide\" role=\"group\" aria-roledescription=\"slide\"><div class=\"swiper-slide-bg\" role=\"img\"><\/div><div class=\"swiper-slide-inner\" ><div class=\"swiper-slide-contents\"><\/div><\/div><\/div>\t\t\t\t<\/div>\n\t\t\t\t\t\t\t\t\t\t\t\t\t\t\t\t\t\t\t\t<div class=\"elementor-swiper-button elementor-swiper-button-prev\" role=\"button\" tabindex=\"0\" aria-label=\"Previous slide\">\n\t\t\t\t\t\t\t<i aria-hidden=\"true\" class=\"eicon-chevron-left\"><\/i>\t\t\t\t\t\t<\/div>\n\t\t\t\t\t\t<div class=\"elementor-swiper-button elementor-swiper-button-next\" role=\"button\" tabindex=\"0\" aria-label=\"Next slide\">\n\t\t\t\t\t\t\t<i aria-hidden=\"true\" class=\"eicon-chevron-right\"><\/i>\t\t\t\t\t\t<\/div>\n\t\t\t\t\t\t\t\t\t\t\t\t<\/div>\n\t\t\t\t<\/div>\n\t\t\t\t\t\t\t\t<\/div>\n\t\t\t\t<\/div>\n\t\t\t\t<\/div>\n\t\t<div class=\"elementor-element elementor-element-e17a6bc e-con-full e-flex e-con e-child\" data-id=\"e17a6bc\" data-element_type=\"container\">\n\t\t\t\t<div class=\"elementor-element elementor-element-5cfda96 elementor-widget elementor-widget-heading\" data-id=\"5cfda96\" data-element_type=\"widget\" data-widget_type=\"heading.default\">\n\t\t\t\t<div class=\"elementor-widget-container\">\n\t\t\t\t\t<h2 class=\"elementor-heading-title elementor-size-default\">Simone Andreoli<\/h2>\t\t\t\t<\/div>\n\t\t\t\t<\/div>\n\t\t\t\t<div class=\"elementor-element elementor-element-dc9452a elementor-widget elementor-widget-text-editor\" data-id=\"dc9452a\" data-element_type=\"widget\" data-widget_type=\"text-editor.default\">\n\t\t\t\t<div class=\"elementor-widget-container\">\n\t\t\t\t\t\t\t\t\t<p>The name Simone Andreoli stands for fragrance compositions that are reminiscent of distant lands and take our senses on fascinating journeys, as if we were leafing through a travel diary. The fragrances tell stories that are interwoven with written words and memories. Stories, memories and emotions evoked by fragrances that take us back to long-forgotten beaches or the traffic on New York's Wall Street.<\/p>\t\t\t\t\t\t\t\t<\/div>\n\t\t\t\t<\/div>\n\t\t\t\t<\/div>\n\t\t\t\t\t<\/div>\n\t\t\t\t<\/div>\n\t\t<div class=\"elementor-element elementor-element-5f215f3 e-flex e-con-boxed e-con e-parent\" data-id=\"5f215f3\" data-element_type=\"container\">\n\t\t\t\t\t<div class=\"e-con-inner\">\n\t\t<div class=\"elementor-element elementor-element-3d57ca3 e-con-full e-flex e-con e-child\" data-id=\"3d57ca3\" data-element_type=\"container\" data-settings=\"{&quot;background_background&quot;:&quot;classic&quot;}\">\n\t\t\t\t<div class=\"elementor-element elementor-element-1d567de elementor-widget elementor-widget-heading\" data-id=\"1d567de\" data-element_type=\"widget\" data-widget_type=\"heading.default\">\n\t\t\t\t<div class=\"elementor-widget-container\">\n\t\t\t\t\t<h2 class=\"elementor-heading-title elementor-size-default\">Training videos<\/h2>\t\t\t\t<\/div>\n\t\t\t\t<\/div>\n\t\t\t\t<\/div>\n\t\t\t\t\t<\/div>\n\t\t\t\t<\/div>\n\t\t<div class=\"elementor-element elementor-element-d693386 e-flex e-con-boxed e-con e-parent\" data-id=\"d693386\" data-element_type=\"container\">\n\t\t\t\t\t<div class=\"e-con-inner\">\n\t\t<div class=\"elementor-element elementor-element-8a43ec1 e-con-full e-flex e-con e-child\" data-id=\"8a43ec1\" data-element_type=\"container\">\n\t\t\t\t<div class=\"elementor-element elementor-element-5b21803 elementor-widget elementor-widget-video\" data-id=\"5b21803\" data-element_type=\"widget\" data-settings=\"{&quot;youtube_url&quot;:&quot;https:\\\/\\\/youtu.be\\\/_6lzTmRvVt0&quot;,&quot;show_image_overlay&quot;:&quot;yes&quot;,&quot;image_overlay&quot;:{&quot;url&quot;:&quot;https:\\\/\\\/club-brands.de\\\/wp-content\\\/uploads\\\/2024\\\/05\\\/CLUB-thumbnail-simone-andreoli-silver-marble.jpg&quot;,&quot;id&quot;:11008,&quot;size&quot;:&quot;&quot;,&quot;alt&quot;:&quot;&quot;,&quot;source&quot;:&quot;library&quot;},&quot;yt_privacy&quot;:&quot;yes&quot;,&quot;lightbox&quot;:&quot;yes&quot;,&quot;video_type&quot;:&quot;youtube&quot;}\" data-widget_type=\"video.default\">\n\t\t\t\t<div class=\"elementor-widget-container\">\n\t\t\t\t\t\t\t<div class=\"elementor-wrapper elementor-open-lightbox\">\n\t\t\t\t\t\t\t<div class=\"elementor-custom-embed-image-overlay\" data-elementor-open-lightbox=\"yes\" data-elementor-lightbox=\"{&quot;type&quot;:&quot;video&quot;,&quot;videoType&quot;:&quot;youtube&quot;,&quot;url&quot;:&quot;https:\\\/\\\/www.youtube-nocookie.com\\\/embed\\\/_6lzTmRvVt0?feature=oembed&amp;start&amp;end&amp;wmode=opaque&amp;loop=0&amp;controls=0&amp;mute=0&amp;rel=0&amp;modestbranding=0&quot;,&quot;autoplay&quot;:&quot;&quot;,&quot;modalOptions&quot;:{&quot;id&quot;:&quot;elementor-lightbox-5b21803&quot;,&quot;entranceAnimation&quot;:&quot;&quot;,&quot;entranceAnimation_tablet&quot;:&quot;&quot;,&quot;entranceAnimation_mobile&quot;:&quot;&quot;,&quot;videoAspectRatio&quot;:&quot;169&quot;}}\" data-e-action-hash=\"#elementor-action%3Aaction%3Dlightbox%26settings%3DeyJ0eXBlIjoidmlkZW8iLCJ2aWRlb1R5cGUiOiJ5b3V0dWJlIiwidXJsIjoiaHR0cHM6XC9cL3d3dy55b3V0dWJlLW5vY29va2llLmNvbVwvZW1iZWRcL182bHpUbVJ2VnQwP2ZlYXR1cmU9b2VtYmVkJnN0YXJ0JmVuZCZ3bW9kZT1vcGFxdWUmbG9vcD0wJmNvbnRyb2xzPTAmbXV0ZT0wJnJlbD0wJm1vZGVzdGJyYW5kaW5nPTAiLCJhdXRvcGxheSI6IiIsIm1vZGFsT3B0aW9ucyI6eyJpZCI6ImVsZW1lbnRvci1saWdodGJveC01YjIxODAzIiwiZW50cmFuY2VBbmltYXRpb24iOiIiLCJlbnRyYW5jZUFuaW1hdGlvbl90YWJsZXQiOiIiLCJlbnRyYW5jZUFuaW1hdGlvbl9tb2JpbGUiOiIiLCJ2aWRlb0FzcGVjdFJhdGlvIjoiMTY5In19\">\n\t\t\t\t\t\t\t\t\t\t\t<img fetchpriority=\"high\" decoding=\"async\" width=\"1920\" height=\"1080\" src=\"https:\/\/club-brands.de\/wp-content\/uploads\/2024\/05\/CLUB-thumbnail-simone-andreoli-silver-marble.jpg\" class=\"attachment-full size-full wp-image-11008\" alt=\"\" srcset=\"https:\/\/club-brands.de\/wp-content\/uploads\/2024\/05\/CLUB-thumbnail-simone-andreoli-silver-marble.jpg 1920w, https:\/\/club-brands.de\/wp-content\/uploads\/2024\/05\/CLUB-thumbnail-simone-andreoli-silver-marble-300x169.jpg 300w, https:\/\/club-brands.de\/wp-content\/uploads\/2024\/05\/CLUB-thumbnail-simone-andreoli-silver-marble-1024x576.jpg 1024w, https:\/\/club-brands.de\/wp-content\/uploads\/2024\/05\/CLUB-thumbnail-simone-andreoli-silver-marble-768x432.jpg 768w, https:\/\/club-brands.de\/wp-content\/uploads\/2024\/05\/CLUB-thumbnail-simone-andreoli-silver-marble-1536x864.jpg 1536w, https:\/\/club-brands.de\/wp-content\/uploads\/2024\/05\/CLUB-thumbnail-simone-andreoli-silver-marble-18x10.jpg 18w\" sizes=\"(max-width: 1920px) 100vw, 1920px\" \/>\t\t\t\t\t\t\t\t\t\t\t\t\t\t\t\t<div class=\"elementor-custom-embed-play\" role=\"button\" aria-label=\"Play Video\" tabindex=\"0\">\n\t\t\t\t\t\t\t<i aria-hidden=\"true\" class=\"eicon-play\"><\/i>\t\t\t\t\t\t<\/div>\n\t\t\t\t\t\t\t\t\t<\/div>\n\t\t\t\t\t<\/div>\n\t\t\t\t\t\t<\/div>\n\t\t\t\t<\/div>\n\t\t\t\t<\/div>\n\t\t<div class=\"elementor-element elementor-element-dd0e0f0 e-con-full e-flex e-con e-child\" data-id=\"dd0e0f0\" data-element_type=\"container\">\n\t\t\t\t<\/div>\n\t\t<div class=\"elementor-element elementor-element-59ba741 e-con-full e-flex e-con e-child\" data-id=\"59ba741\" data-element_type=\"container\">\n\t\t\t\t<\/div>\n\t\t<div class=\"elementor-element elementor-element-f814eaf e-con-full e-flex e-con e-child\" data-id=\"f814eaf\" data-element_type=\"container\">\n\t\t\t\t<\/div>\n\t\t<div class=\"elementor-element elementor-element-29babf1 e-con-full e-flex e-con e-child\" data-id=\"29babf1\" data-element_type=\"container\">\n\t\t\t\t<\/div>\n\t\t<div class=\"elementor-element elementor-element-62cc856 e-con-full e-flex e-con e-child\" data-id=\"62cc856\" data-element_type=\"container\">\n\t\t\t\t<\/div>\n\t\t\t\t\t<\/div>\n\t\t\t\t<\/div>\n\t\t\t\t<\/div>","protected":false},"excerpt":{"rendered":"<p>Previous slide Next slide Simone Andreoli Der Name Simone Andreoli steht f\u00fcr Duftkompositionen, die an ferne L\u00e4nder erinnern und unsere Sinne auf faszinierende Reisen mitnehmen,als w\u00fcrden wir in einem Reisetagebuch bl\u00e4ttern. Die Parfums erz\u00e4hlen Geschichten, die mit geschriebenen Worten und Erinnerungen verflochten sind. Geschichten, Erinnerungen und Emotionen, die durch D\u00fcfte hervorgerufen werden und uns an [&hellip;]<\/p>","protected":false},"author":4,"featured_media":0,"parent":0,"menu_order":0,"comment_status":"closed","ping_status":"closed","template":"","meta":{"_acf_changed":false,"footnotes":""},"class_list":["post-11006","page","type-page","status-publish","hentry"],"acf":[],"yoast_head":"<!-- This site is optimized with the Yoast SEO plugin v24.1 - https:\/\/yoast.com\/wordpress\/plugins\/seo\/ -->\n<title>Simone Andreoli - Club Unique Brands<\/title>\n<meta name=\"robots\" content=\"index, follow, max-snippet:-1, max-image-preview:large, max-video-preview:-1\" \/>\n<link rel=\"canonical\" href=\"http:\/\/club-brands.de\/en\/simone-andreoli\/\" \/>\n<meta property=\"og:locale\" content=\"en_US\" \/>\n<meta property=\"og:type\" content=\"article\" \/>\n<meta property=\"og:title\" content=\"Simone Andreoli - Club Unique Brands\" \/>\n<meta property=\"og:description\" content=\"Previous slide Next slide Simone Andreoli Der Name Simone Andreoli steht f\u00fcr Duftkompositionen, die an ferne L\u00e4nder erinnern und unsere Sinne auf faszinierende Reisen mitnehmen,als w\u00fcrden wir in einem Reisetagebuch bl\u00e4ttern. Die Parfums erz\u00e4hlen Geschichten, die mit geschriebenen Worten und Erinnerungen verflochten sind. Geschichten, Erinnerungen und Emotionen, die durch D\u00fcfte hervorgerufen werden und uns an [&hellip;]\" \/>\n<meta property=\"og:url\" content=\"http:\/\/club-brands.de\/en\/simone-andreoli\/\" \/>\n<meta property=\"og:site_name\" content=\"Club Unique Brands\" \/>\n<meta property=\"article:modified_time\" content=\"2024-07-24T10:41:52+00:00\" \/>\n<meta name=\"twitter:card\" content=\"summary_large_image\" \/>\n<meta name=\"twitter:label1\" content=\"Est. reading time\" \/>\n\t<meta name=\"twitter:data1\" content=\"1 minute\" \/>\n<script type=\"application\/ld+json\" class=\"yoast-schema-graph\">{\"@context\":\"https:\/\/schema.org\",\"@graph\":[{\"@type\":\"WebPage\",\"@id\":\"http:\/\/club-brands.de\/simone-andreoli\/\",\"url\":\"http:\/\/club-brands.de\/simone-andreoli\/\",\"name\":\"Simone Andreoli - Club Unique Brands\",\"isPartOf\":{\"@id\":\"http:\/\/club-brands.de\/#website\"},\"datePublished\":\"2024-05-13T16:22:14+00:00\",\"dateModified\":\"2024-07-24T10:41:52+00:00\",\"breadcrumb\":{\"@id\":\"http:\/\/club-brands.de\/simone-andreoli\/#breadcrumb\"},\"inLanguage\":\"en-US\",\"potentialAction\":[{\"@type\":\"ReadAction\",\"target\":[\"http:\/\/club-brands.de\/simone-andreoli\/\"]}]},{\"@type\":\"BreadcrumbList\",\"@id\":\"http:\/\/club-brands.de\/simone-andreoli\/#breadcrumb\",\"itemListElement\":[{\"@type\":\"ListItem\",\"position\":1,\"name\":\"Home\",\"item\":\"http:\/\/club-brands.de\/\"},{\"@type\":\"ListItem\",\"position\":2,\"name\":\"Simone Andreoli\"}]},{\"@type\":\"WebSite\",\"@id\":\"http:\/\/club-brands.de\/#website\",\"url\":\"http:\/\/club-brands.de\/\",\"name\":\"Club Unique Brands\",\"description\":\"\",\"potentialAction\":[{\"@type\":\"SearchAction\",\"target\":{\"@type\":\"EntryPoint\",\"urlTemplate\":\"http:\/\/club-brands.de\/?s={search_term_string}\"},\"query-input\":{\"@type\":\"PropertyValueSpecification\",\"valueRequired\":true,\"valueName\":\"search_term_string\"}}],\"inLanguage\":\"en-US\"}]}<\/script>\n<!-- \/ Yoast SEO plugin. -->","yoast_head_json":{"title":"Simone Andreoli - Club Unique Brands","robots":{"index":"index","follow":"follow","max-snippet":"max-snippet:-1","max-image-preview":"max-image-preview:large","max-video-preview":"max-video-preview:-1"},"canonical":"http:\/\/club-brands.de\/en\/simone-andreoli\/","og_locale":"en_US","og_type":"article","og_title":"Simone Andreoli - Club Unique Brands","og_description":"Previous slide Next slide Simone Andreoli Der Name Simone Andreoli steht f\u00fcr Duftkompositionen, die an ferne L\u00e4nder erinnern und unsere Sinne auf faszinierende Reisen mitnehmen,als w\u00fcrden wir in einem Reisetagebuch bl\u00e4ttern. Die Parfums erz\u00e4hlen Geschichten, die mit geschriebenen Worten und Erinnerungen verflochten sind. Geschichten, Erinnerungen und Emotionen, die durch D\u00fcfte hervorgerufen werden und uns an [&hellip;]","og_url":"http:\/\/club-brands.de\/en\/simone-andreoli\/","og_site_name":"Club Unique Brands","article_modified_time":"2024-07-24T10:41:52+00:00","twitter_card":"summary_large_image","twitter_misc":{"Est. reading time":"1 minute"},"schema":{"@context":"https:\/\/schema.org","@graph":[{"@type":"WebPage","@id":"http:\/\/club-brands.de\/simone-andreoli\/","url":"http:\/\/club-brands.de\/simone-andreoli\/","name":"Simone Andreoli - Club Unique Brands","isPartOf":{"@id":"http:\/\/club-brands.de\/#website"},"datePublished":"2024-05-13T16:22:14+00:00","dateModified":"2024-07-24T10:41:52+00:00","breadcrumb":{"@id":"http:\/\/club-brands.de\/simone-andreoli\/#breadcrumb"},"inLanguage":"en-US","potentialAction":[{"@type":"ReadAction","target":["http:\/\/club-brands.de\/simone-andreoli\/"]}]},{"@type":"BreadcrumbList","@id":"http:\/\/club-brands.de\/simone-andreoli\/#breadcrumb","itemListElement":[{"@type":"ListItem","position":1,"name":"Home","item":"http:\/\/club-brands.de\/"},{"@type":"ListItem","position":2,"name":"Simone Andreoli"}]},{"@type":"WebSite","@id":"http:\/\/club-brands.de\/#website","url":"http:\/\/club-brands.de\/","name":"Club Unique Brands","description":"","potentialAction":[{"@type":"SearchAction","target":{"@type":"EntryPoint","urlTemplate":"http:\/\/club-brands.de\/?s={search_term_string}"},"query-input":{"@type":"PropertyValueSpecification","valueRequired":true,"valueName":"search_term_string"}}],"inLanguage":"en-US"}]}},"_links":{"self":[{"href":"https:\/\/club-brands.de\/en\/wp-json\/wp\/v2\/pages\/11006","targetHints":{"allow":["GET"]}}],"collection":[{"href":"https:\/\/club-brands.de\/en\/wp-json\/wp\/v2\/pages"}],"about":[{"href":"https:\/\/club-brands.de\/en\/wp-json\/wp\/v2\/types\/page"}],"author":[{"embeddable":true,"href":"https:\/\/club-brands.de\/en\/wp-json\/wp\/v2\/users\/4"}],"replies":[{"embeddable":true,"href":"https:\/\/club-brands.de\/en\/wp-json\/wp\/v2\/comments?post=11006"}],"version-history":[{"count":8,"href":"https:\/\/club-brands.de\/en\/wp-json\/wp\/v2\/pages\/11006\/revisions"}],"predecessor-version":[{"id":11450,"href":"https:\/\/club-brands.de\/en\/wp-json\/wp\/v2\/pages\/11006\/revisions\/11450"}],"wp:attachment":[{"href":"https:\/\/club-brands.de\/en\/wp-json\/wp\/v2\/media?parent=11006"}],"curies":[{"name":"wp","href":"https:\/\/api.w.org\/{rel}","templated":true}]}}