{"id":10994,"date":"2024-05-13T16:17:02","date_gmt":"2024-05-13T14:17:02","guid":{"rendered":"https:\/\/club-brands.de\/?page_id=10994"},"modified":"2025-01-02T16:10:39","modified_gmt":"2025-01-02T15:10:39","slug":"les-eaux-primordiales","status":"publish","type":"page","link":"https:\/\/club-brands.de\/en\/les-eaux-primordiales\/","title":{"rendered":"Les Eaux Primordiales"},"content":{"rendered":"<div data-elementor-type=\"wp-page\" data-elementor-id=\"10994\" class=\"elementor elementor-10994\" data-elementor-post-type=\"page\">\n\t\t\t\t<div class=\"elementor-element elementor-element-aa26f95 e-flex e-con-boxed e-con e-parent\" data-id=\"aa26f95\" data-element_type=\"container\">\n\t\t\t\t\t<div class=\"e-con-inner\">\n\t\t<div class=\"elementor-element elementor-element-a87f0a1 e-con-full e-flex e-con e-child\" data-id=\"a87f0a1\" data-element_type=\"container\">\n\t\t\t\t<div class=\"elementor-element elementor-element-c104768 elementor--h-position-center elementor--v-position-middle elementor-arrows-position-inside elementor-widget elementor-widget-slides\" data-id=\"c104768\" data-element_type=\"widget\" data-settings=\"{&quot;navigation&quot;:&quot;arrows&quot;,&quot;autoplay&quot;:&quot;yes&quot;,&quot;pause_on_hover&quot;:&quot;yes&quot;,&quot;pause_on_interaction&quot;:&quot;yes&quot;,&quot;autoplay_speed&quot;:5000,&quot;infinite&quot;:&quot;yes&quot;,&quot;transition&quot;:&quot;slide&quot;,&quot;transition_speed&quot;:500}\" data-widget_type=\"slides.default\">\n\t\t\t\t<div class=\"elementor-widget-container\">\n\t\t\t\t\t\t\t\t\t<div class=\"elementor-swiper\">\n\t\t\t\t\t<div class=\"elementor-slides-wrapper elementor-main-swiper swiper\" role=\"region\" aria-roledescription=\"carousel\" aria-label=\"Slider\" dir=\"ltr\" data-animation=\"fadeInUp\">\n\t\t\t\t<div class=\"swiper-wrapper elementor-slides\">\n\t\t\t\t\t\t\t\t\t\t<div class=\"elementor-repeater-item-daed069 swiper-slide\" role=\"group\" aria-roledescription=\"slide\"><div class=\"swiper-slide-bg\" role=\"img\"><\/div><div class=\"swiper-slide-inner\" ><div class=\"swiper-slide-contents\"><\/div><\/div><\/div><div class=\"elementor-repeater-item-c86701e swiper-slide\" role=\"group\" aria-roledescription=\"slide\"><div class=\"swiper-slide-bg\" role=\"img\"><\/div><div class=\"swiper-slide-inner\" ><div class=\"swiper-slide-contents\"><\/div><\/div><\/div><div class=\"elementor-repeater-item-701a30e swiper-slide\" role=\"group\" aria-roledescription=\"slide\"><div class=\"swiper-slide-bg\" role=\"img\"><\/div><div class=\"swiper-slide-inner\" ><div class=\"swiper-slide-contents\"><\/div><\/div><\/div>\t\t\t\t<\/div>\n\t\t\t\t\t\t\t\t\t\t\t\t\t\t\t\t\t\t\t\t<div class=\"elementor-swiper-button elementor-swiper-button-prev\" role=\"button\" tabindex=\"0\" aria-label=\"Previous slide\">\n\t\t\t\t\t\t\t<i aria-hidden=\"true\" class=\"eicon-chevron-left\"><\/i>\t\t\t\t\t\t<\/div>\n\t\t\t\t\t\t<div class=\"elementor-swiper-button elementor-swiper-button-next\" role=\"button\" tabindex=\"0\" aria-label=\"Next slide\">\n\t\t\t\t\t\t\t<i aria-hidden=\"true\" class=\"eicon-chevron-right\"><\/i>\t\t\t\t\t\t<\/div>\n\t\t\t\t\t\t\t\t\t\t\t\t<\/div>\n\t\t\t\t<\/div>\n\t\t\t\t\t\t\t\t<\/div>\n\t\t\t\t<\/div>\n\t\t\t\t<\/div>\n\t\t<div class=\"elementor-element elementor-element-e17a6bc e-con-full e-flex e-con e-child\" data-id=\"e17a6bc\" data-element_type=\"container\">\n\t\t\t\t<div class=\"elementor-element elementor-element-5cfda96 elementor-widget elementor-widget-heading\" data-id=\"5cfda96\" data-element_type=\"widget\" data-widget_type=\"heading.default\">\n\t\t\t\t<div class=\"elementor-widget-container\">\n\t\t\t\t\t<h2 class=\"elementor-heading-title elementor-size-default\">Les Eaux Primordiales<\/h2>\t\t\t\t<\/div>\n\t\t\t\t<\/div>\n\t\t\t\t<div class=\"elementor-element elementor-element-dc9452a elementor-widget elementor-widget-text-editor\" data-id=\"dc9452a\" data-element_type=\"widget\" data-widget_type=\"text-editor.default\">\n\t\t\t\t<div class=\"elementor-widget-container\">\n\t\t\t\t\t\t\t\t\t<p>A traditional yet visionary perfume house that utilises cutting-edge technologies in the service of haute perfumery. Engineer and founder Arnaud Poulain combines his passion for quantum physics with his passion for fragrances. In the specially developed maceration and maturation process, each ingredient acts like a cogwheel in a precision clockwork, ensuring high-quality and long-lasting fragrance experiences. As extraordinary as the fragrances are, so is the company headquarters with its own production facility. Le Domaine Primordial in the north of France stands for traditional craftsmanship and expertise. From the creation of the perfume to bottling, every step of the production process is guided by the same uncompromising commitment to offering an unforgettable fragrance experience.<\/p>\t\t\t\t\t\t\t\t<\/div>\n\t\t\t\t<\/div>\n\t\t\t\t<\/div>\n\t\t\t\t\t<\/div>\n\t\t\t\t<\/div>\n\t\t\t\t<\/div>","protected":false},"excerpt":{"rendered":"<p>Les Eaux Primordiales Ein traditionelles und zugleich vision\u00e4res Parfumhaus, welches hochmoderne Technologien im Dienste der Haute Parfumerie verwendet. Ingenieur und Gr\u00fcnder Arnaud Poulain kombiniert seine Leidenschaft f\u00fcr Quantenphysik mit seiner Passion f\u00fcr D\u00fcfte. Im eigens entwickelten Mazerations- und Reifeprozess agiert jeder Inhaltsstoff wie das Zahnrad in einem Pr\u00e4zisionsuhrwerk und sorgt so f\u00fcr hochwertige und langanhaltende [&hellip;]<\/p>","protected":false},"author":4,"featured_media":0,"parent":0,"menu_order":0,"comment_status":"closed","ping_status":"closed","template":"","meta":{"_acf_changed":false,"footnotes":""},"class_list":["post-10994","page","type-page","status-publish","hentry"],"acf":[],"yoast_head":"<!-- This site is optimized with the Yoast SEO plugin v24.1 - https:\/\/yoast.com\/wordpress\/plugins\/seo\/ -->\n<title>Les Eaux Primordiales - Club Unique Brands<\/title>\n<meta name=\"robots\" content=\"index, follow, max-snippet:-1, max-image-preview:large, max-video-preview:-1\" \/>\n<link rel=\"canonical\" href=\"https:\/\/club-brands.de\/en\/les-eaux-primordiales\/\" \/>\n<meta property=\"og:locale\" content=\"en_US\" \/>\n<meta property=\"og:type\" content=\"article\" \/>\n<meta property=\"og:title\" content=\"Les Eaux Primordiales - Club Unique Brands\" \/>\n<meta property=\"og:description\" content=\"Les Eaux Primordiales Ein traditionelles und zugleich vision\u00e4res Parfumhaus, welches hochmoderne Technologien im Dienste der Haute Parfumerie verwendet. Ingenieur und Gr\u00fcnder Arnaud Poulain kombiniert seine Leidenschaft f\u00fcr Quantenphysik mit seiner Passion f\u00fcr D\u00fcfte. Im eigens entwickelten Mazerations- und Reifeprozess agiert jeder Inhaltsstoff wie das Zahnrad in einem Pr\u00e4zisionsuhrwerk und sorgt so f\u00fcr hochwertige und langanhaltende [&hellip;]\" \/>\n<meta property=\"og:url\" content=\"https:\/\/club-brands.de\/en\/les-eaux-primordiales\/\" \/>\n<meta property=\"og:site_name\" content=\"Club Unique Brands\" \/>\n<meta property=\"article:modified_time\" content=\"2025-01-02T15:10:39+00:00\" \/>\n<meta name=\"twitter:card\" content=\"summary_large_image\" \/>\n<meta name=\"twitter:label1\" content=\"Est. reading time\" \/>\n\t<meta name=\"twitter:data1\" content=\"1 minute\" \/>\n<script type=\"application\/ld+json\" class=\"yoast-schema-graph\">{\"@context\":\"https:\/\/schema.org\",\"@graph\":[{\"@type\":\"WebPage\",\"@id\":\"https:\/\/club-brands.de\/les-eaux-primordiales\/\",\"url\":\"https:\/\/club-brands.de\/les-eaux-primordiales\/\",\"name\":\"Les Eaux Primordiales - Club Unique Brands\",\"isPartOf\":{\"@id\":\"https:\/\/club-brands.de\/en\/#website\"},\"datePublished\":\"2024-05-13T14:17:02+00:00\",\"dateModified\":\"2025-01-02T15:10:39+00:00\",\"breadcrumb\":{\"@id\":\"https:\/\/club-brands.de\/les-eaux-primordiales\/#breadcrumb\"},\"inLanguage\":\"en-US\",\"potentialAction\":[{\"@type\":\"ReadAction\",\"target\":[\"https:\/\/club-brands.de\/les-eaux-primordiales\/\"]}]},{\"@type\":\"BreadcrumbList\",\"@id\":\"https:\/\/club-brands.de\/les-eaux-primordiales\/#breadcrumb\",\"itemListElement\":[{\"@type\":\"ListItem\",\"position\":1,\"name\":\"Home\",\"item\":\"https:\/\/club-brands.de\/en\/\"},{\"@type\":\"ListItem\",\"position\":2,\"name\":\"Les Eaux Primordiales\"}]},{\"@type\":\"WebSite\",\"@id\":\"https:\/\/club-brands.de\/en\/#website\",\"url\":\"https:\/\/club-brands.de\/en\/\",\"name\":\"Club Unique Brands\",\"description\":\"\",\"potentialAction\":[{\"@type\":\"SearchAction\",\"target\":{\"@type\":\"EntryPoint\",\"urlTemplate\":\"https:\/\/club-brands.de\/en\/?s={search_term_string}\"},\"query-input\":{\"@type\":\"PropertyValueSpecification\",\"valueRequired\":true,\"valueName\":\"search_term_string\"}}],\"inLanguage\":\"en-US\"}]}<\/script>\n<!-- \/ Yoast SEO plugin. -->","yoast_head_json":{"title":"Les Eaux Primordiales - Club Unique Brands","robots":{"index":"index","follow":"follow","max-snippet":"max-snippet:-1","max-image-preview":"max-image-preview:large","max-video-preview":"max-video-preview:-1"},"canonical":"https:\/\/club-brands.de\/en\/les-eaux-primordiales\/","og_locale":"en_US","og_type":"article","og_title":"Les Eaux Primordiales - Club Unique Brands","og_description":"Les Eaux Primordiales Ein traditionelles und zugleich vision\u00e4res Parfumhaus, welches hochmoderne Technologien im Dienste der Haute Parfumerie verwendet. Ingenieur und Gr\u00fcnder Arnaud Poulain kombiniert seine Leidenschaft f\u00fcr Quantenphysik mit seiner Passion f\u00fcr D\u00fcfte. Im eigens entwickelten Mazerations- und Reifeprozess agiert jeder Inhaltsstoff wie das Zahnrad in einem Pr\u00e4zisionsuhrwerk und sorgt so f\u00fcr hochwertige und langanhaltende [&hellip;]","og_url":"https:\/\/club-brands.de\/en\/les-eaux-primordiales\/","og_site_name":"Club Unique Brands","article_modified_time":"2025-01-02T15:10:39+00:00","twitter_card":"summary_large_image","twitter_misc":{"Est. reading time":"1 minute"},"schema":{"@context":"https:\/\/schema.org","@graph":[{"@type":"WebPage","@id":"https:\/\/club-brands.de\/les-eaux-primordiales\/","url":"https:\/\/club-brands.de\/les-eaux-primordiales\/","name":"Les Eaux Primordiales - Club Unique Brands","isPartOf":{"@id":"https:\/\/club-brands.de\/en\/#website"},"datePublished":"2024-05-13T14:17:02+00:00","dateModified":"2025-01-02T15:10:39+00:00","breadcrumb":{"@id":"https:\/\/club-brands.de\/les-eaux-primordiales\/#breadcrumb"},"inLanguage":"en-US","potentialAction":[{"@type":"ReadAction","target":["https:\/\/club-brands.de\/les-eaux-primordiales\/"]}]},{"@type":"BreadcrumbList","@id":"https:\/\/club-brands.de\/les-eaux-primordiales\/#breadcrumb","itemListElement":[{"@type":"ListItem","position":1,"name":"Home","item":"https:\/\/club-brands.de\/en\/"},{"@type":"ListItem","position":2,"name":"Les Eaux Primordiales"}]},{"@type":"WebSite","@id":"https:\/\/club-brands.de\/en\/#website","url":"https:\/\/club-brands.de\/en\/","name":"Club Unique Brands","description":"","potentialAction":[{"@type":"SearchAction","target":{"@type":"EntryPoint","urlTemplate":"https:\/\/club-brands.de\/en\/?s={search_term_string}"},"query-input":{"@type":"PropertyValueSpecification","valueRequired":true,"valueName":"search_term_string"}}],"inLanguage":"en-US"}]}},"_links":{"self":[{"href":"https:\/\/club-brands.de\/en\/wp-json\/wp\/v2\/pages\/10994","targetHints":{"allow":["GET"]}}],"collection":[{"href":"https:\/\/club-brands.de\/en\/wp-json\/wp\/v2\/pages"}],"about":[{"href":"https:\/\/club-brands.de\/en\/wp-json\/wp\/v2\/types\/page"}],"author":[{"embeddable":true,"href":"https:\/\/club-brands.de\/en\/wp-json\/wp\/v2\/users\/4"}],"replies":[{"embeddable":true,"href":"https:\/\/club-brands.de\/en\/wp-json\/wp\/v2\/comments?post=10994"}],"version-history":[{"count":10,"href":"https:\/\/club-brands.de\/en\/wp-json\/wp\/v2\/pages\/10994\/revisions"}],"predecessor-version":[{"id":11442,"href":"https:\/\/club-brands.de\/en\/wp-json\/wp\/v2\/pages\/10994\/revisions\/11442"}],"wp:attachment":[{"href":"https:\/\/club-brands.de\/en\/wp-json\/wp\/v2\/media?parent=10994"}],"curies":[{"name":"wp","href":"https:\/\/api.w.org\/{rel}","templated":true}]}}