{"id":10977,"date":"2024-05-13T13:49:23","date_gmt":"2024-05-13T11:49:23","guid":{"rendered":"https:\/\/club-brands.de\/?page_id=10977"},"modified":"2025-01-02T16:10:16","modified_gmt":"2025-01-02T15:10:16","slug":"ojar","status":"publish","type":"page","link":"https:\/\/club-brands.de\/en\/ojar\/","title":{"rendered":"OJAR"},"content":{"rendered":"<div data-elementor-type=\"wp-page\" data-elementor-id=\"10977\" class=\"elementor elementor-10977\" data-elementor-post-type=\"page\">\n\t\t\t\t<div class=\"elementor-element elementor-element-aa26f95 e-flex e-con-boxed e-con e-parent\" data-id=\"aa26f95\" data-element_type=\"container\">\n\t\t\t\t\t<div class=\"e-con-inner\">\n\t\t<div class=\"elementor-element elementor-element-a87f0a1 e-con-full e-flex e-con e-child\" data-id=\"a87f0a1\" data-element_type=\"container\">\n\t\t\t\t<div class=\"elementor-element elementor-element-c104768 elementor--h-position-center elementor--v-position-middle elementor-arrows-position-inside elementor-widget elementor-widget-slides\" data-id=\"c104768\" data-element_type=\"widget\" data-settings=\"{&quot;navigation&quot;:&quot;arrows&quot;,&quot;autoplay&quot;:&quot;yes&quot;,&quot;pause_on_hover&quot;:&quot;yes&quot;,&quot;pause_on_interaction&quot;:&quot;yes&quot;,&quot;autoplay_speed&quot;:5000,&quot;infinite&quot;:&quot;yes&quot;,&quot;transition&quot;:&quot;slide&quot;,&quot;transition_speed&quot;:500}\" data-widget_type=\"slides.default\">\n\t\t\t\t<div class=\"elementor-widget-container\">\n\t\t\t\t\t\t\t\t\t<div class=\"elementor-swiper\">\n\t\t\t\t\t<div class=\"elementor-slides-wrapper elementor-main-swiper swiper\" role=\"region\" aria-roledescription=\"carousel\" aria-label=\"Slider\" dir=\"ltr\" data-animation=\"fadeInUp\">\n\t\t\t\t<div class=\"swiper-wrapper elementor-slides\">\n\t\t\t\t\t\t\t\t\t\t<div class=\"elementor-repeater-item-daed069 swiper-slide\" role=\"group\" aria-roledescription=\"slide\"><div class=\"swiper-slide-bg\" role=\"img\"><\/div><div class=\"swiper-slide-inner\" ><div class=\"swiper-slide-contents\"><\/div><\/div><\/div><div class=\"elementor-repeater-item-c86701e swiper-slide\" role=\"group\" aria-roledescription=\"slide\"><div class=\"swiper-slide-bg\" role=\"img\"><\/div><div class=\"swiper-slide-inner\" ><div class=\"swiper-slide-contents\"><\/div><\/div><\/div><div class=\"elementor-repeater-item-701a30e swiper-slide\" role=\"group\" aria-roledescription=\"slide\"><div class=\"swiper-slide-bg\" role=\"img\"><\/div><div class=\"swiper-slide-inner\" ><div class=\"swiper-slide-contents\"><\/div><\/div><\/div>\t\t\t\t<\/div>\n\t\t\t\t\t\t\t\t\t\t\t\t\t\t\t\t\t\t\t\t<div class=\"elementor-swiper-button elementor-swiper-button-prev\" role=\"button\" tabindex=\"0\" aria-label=\"Previous slide\">\n\t\t\t\t\t\t\t<i aria-hidden=\"true\" class=\"eicon-chevron-left\"><\/i>\t\t\t\t\t\t<\/div>\n\t\t\t\t\t\t<div class=\"elementor-swiper-button elementor-swiper-button-next\" role=\"button\" tabindex=\"0\" aria-label=\"Next slide\">\n\t\t\t\t\t\t\t<i aria-hidden=\"true\" class=\"eicon-chevron-right\"><\/i>\t\t\t\t\t\t<\/div>\n\t\t\t\t\t\t\t\t\t\t\t\t<\/div>\n\t\t\t\t<\/div>\n\t\t\t\t\t\t\t\t<\/div>\n\t\t\t\t<\/div>\n\t\t\t\t<\/div>\n\t\t<div class=\"elementor-element elementor-element-e17a6bc e-con-full e-flex e-con e-child\" data-id=\"e17a6bc\" data-element_type=\"container\">\n\t\t\t\t<div class=\"elementor-element elementor-element-5cfda96 elementor-widget elementor-widget-heading\" data-id=\"5cfda96\" data-element_type=\"widget\" data-widget_type=\"heading.default\">\n\t\t\t\t<div class=\"elementor-widget-container\">\n\t\t\t\t\t<h2 class=\"elementor-heading-title elementor-size-default\">OJAR<\/h2>\t\t\t\t<\/div>\n\t\t\t\t<\/div>\n\t\t\t\t<div class=\"elementor-element elementor-element-dc9452a elementor-widget elementor-widget-text-editor\" data-id=\"dc9452a\" data-element_type=\"widget\" data-widget_type=\"text-editor.default\">\n\t\t\t\t<div class=\"elementor-widget-container\">\n\t\t\t\t\t\t\t\t\t<p>OJAR is a tribute to the perfume art of the Middle East. OJAR unites the fragrances of the East and the West. OJAR comes from the word HOJARI. It refers to the highest quality frankincense in the world, which is found in the Dhofar Mountains in Oman. Frankincense has a long and varied history in Oman with a variety of uses and health benefits. Frankincense is best known as a perfume ingredient and as a resin that is burnt. It is valued for its powerful, uplifting and purifying effects on the body, mind and spirit. Frankincense is one of six main ingredients in OJAR's collection.<\/p>\t\t\t\t\t\t\t\t<\/div>\n\t\t\t\t<\/div>\n\t\t\t\t<\/div>\n\t\t\t\t\t<\/div>\n\t\t\t\t<\/div>\n\t\t\t\t<\/div>","protected":false},"excerpt":{"rendered":"<p>OJAR OJAR ist eine Hommage an die Parfumkunst des Nahen Ostens. OJAR vereint die D\u00fcfte des Ostens und Westens. OJAR stammt von dem Wort HOJARI. Es bezeichnet die h\u00f6chste Weihrauch-Qualit\u00e4t der Welt, die man in den Dhofar-Bergen im Oman findet. Weihrauch hat eine lange und vielseitige Geschichte im Oman mit einer Vielzahl an Anwendungen und [&hellip;]<\/p>","protected":false},"author":4,"featured_media":0,"parent":0,"menu_order":0,"comment_status":"closed","ping_status":"closed","template":"","meta":{"_acf_changed":false,"footnotes":""},"class_list":["post-10977","page","type-page","status-publish","hentry"],"acf":[],"yoast_head":"<!-- This site is optimized with the Yoast SEO plugin v24.1 - https:\/\/yoast.com\/wordpress\/plugins\/seo\/ -->\n<title>OJAR - Club Unique Brands<\/title>\n<meta name=\"robots\" content=\"index, follow, max-snippet:-1, max-image-preview:large, max-video-preview:-1\" \/>\n<link rel=\"canonical\" href=\"https:\/\/club-brands.de\/en\/ojar\/\" \/>\n<meta property=\"og:locale\" content=\"en_US\" \/>\n<meta property=\"og:type\" content=\"article\" \/>\n<meta property=\"og:title\" content=\"OJAR - Club Unique Brands\" \/>\n<meta property=\"og:description\" content=\"OJAR OJAR ist eine Hommage an die Parfumkunst des Nahen Ostens. OJAR vereint die D\u00fcfte des Ostens und Westens. OJAR stammt von dem Wort HOJARI. Es bezeichnet die h\u00f6chste Weihrauch-Qualit\u00e4t der Welt, die man in den Dhofar-Bergen im Oman findet. Weihrauch hat eine lange und vielseitige Geschichte im Oman mit einer Vielzahl an Anwendungen und [&hellip;]\" \/>\n<meta property=\"og:url\" content=\"https:\/\/club-brands.de\/en\/ojar\/\" \/>\n<meta property=\"og:site_name\" content=\"Club Unique Brands\" \/>\n<meta property=\"article:modified_time\" content=\"2025-01-02T15:10:16+00:00\" \/>\n<meta name=\"twitter:card\" content=\"summary_large_image\" \/>\n<meta name=\"twitter:label1\" content=\"Est. reading time\" \/>\n\t<meta name=\"twitter:data1\" content=\"1 minute\" \/>\n<script type=\"application\/ld+json\" class=\"yoast-schema-graph\">{\"@context\":\"https:\/\/schema.org\",\"@graph\":[{\"@type\":\"WebPage\",\"@id\":\"https:\/\/club-brands.de\/en\/ojar\/\",\"url\":\"https:\/\/club-brands.de\/en\/ojar\/\",\"name\":\"OJAR - Club Unique Brands\",\"isPartOf\":{\"@id\":\"http:\/\/club-brands.de\/#website\"},\"datePublished\":\"2024-05-13T11:49:23+00:00\",\"dateModified\":\"2025-01-02T15:10:16+00:00\",\"breadcrumb\":{\"@id\":\"https:\/\/club-brands.de\/en\/ojar\/#breadcrumb\"},\"inLanguage\":\"en-US\",\"potentialAction\":[{\"@type\":\"ReadAction\",\"target\":[\"https:\/\/club-brands.de\/en\/ojar\/\"]}]},{\"@type\":\"BreadcrumbList\",\"@id\":\"https:\/\/club-brands.de\/en\/ojar\/#breadcrumb\",\"itemListElement\":[{\"@type\":\"ListItem\",\"position\":1,\"name\":\"Home\",\"item\":\"http:\/\/club-brands.de\/\"},{\"@type\":\"ListItem\",\"position\":2,\"name\":\"OJAR\"}]},{\"@type\":\"WebSite\",\"@id\":\"http:\/\/club-brands.de\/#website\",\"url\":\"http:\/\/club-brands.de\/\",\"name\":\"Club Unique Brands\",\"description\":\"\",\"potentialAction\":[{\"@type\":\"SearchAction\",\"target\":{\"@type\":\"EntryPoint\",\"urlTemplate\":\"http:\/\/club-brands.de\/?s={search_term_string}\"},\"query-input\":{\"@type\":\"PropertyValueSpecification\",\"valueRequired\":true,\"valueName\":\"search_term_string\"}}],\"inLanguage\":\"en-US\"}]}<\/script>\n<!-- \/ Yoast SEO plugin. -->","yoast_head_json":{"title":"OJAR - Club Unique Brands","robots":{"index":"index","follow":"follow","max-snippet":"max-snippet:-1","max-image-preview":"max-image-preview:large","max-video-preview":"max-video-preview:-1"},"canonical":"https:\/\/club-brands.de\/en\/ojar\/","og_locale":"en_US","og_type":"article","og_title":"OJAR - Club Unique Brands","og_description":"OJAR OJAR ist eine Hommage an die Parfumkunst des Nahen Ostens. OJAR vereint die D\u00fcfte des Ostens und Westens. OJAR stammt von dem Wort HOJARI. Es bezeichnet die h\u00f6chste Weihrauch-Qualit\u00e4t der Welt, die man in den Dhofar-Bergen im Oman findet. Weihrauch hat eine lange und vielseitige Geschichte im Oman mit einer Vielzahl an Anwendungen und [&hellip;]","og_url":"https:\/\/club-brands.de\/en\/ojar\/","og_site_name":"Club Unique Brands","article_modified_time":"2025-01-02T15:10:16+00:00","twitter_card":"summary_large_image","twitter_misc":{"Est. reading time":"1 minute"},"schema":{"@context":"https:\/\/schema.org","@graph":[{"@type":"WebPage","@id":"https:\/\/club-brands.de\/en\/ojar\/","url":"https:\/\/club-brands.de\/en\/ojar\/","name":"OJAR - Club Unique Brands","isPartOf":{"@id":"http:\/\/club-brands.de\/#website"},"datePublished":"2024-05-13T11:49:23+00:00","dateModified":"2025-01-02T15:10:16+00:00","breadcrumb":{"@id":"https:\/\/club-brands.de\/en\/ojar\/#breadcrumb"},"inLanguage":"en-US","potentialAction":[{"@type":"ReadAction","target":["https:\/\/club-brands.de\/en\/ojar\/"]}]},{"@type":"BreadcrumbList","@id":"https:\/\/club-brands.de\/en\/ojar\/#breadcrumb","itemListElement":[{"@type":"ListItem","position":1,"name":"Home","item":"http:\/\/club-brands.de\/"},{"@type":"ListItem","position":2,"name":"OJAR"}]},{"@type":"WebSite","@id":"http:\/\/club-brands.de\/#website","url":"http:\/\/club-brands.de\/","name":"Club Unique Brands","description":"","potentialAction":[{"@type":"SearchAction","target":{"@type":"EntryPoint","urlTemplate":"http:\/\/club-brands.de\/?s={search_term_string}"},"query-input":{"@type":"PropertyValueSpecification","valueRequired":true,"valueName":"search_term_string"}}],"inLanguage":"en-US"}]}},"_links":{"self":[{"href":"https:\/\/club-brands.de\/en\/wp-json\/wp\/v2\/pages\/10977","targetHints":{"allow":["GET"]}}],"collection":[{"href":"https:\/\/club-brands.de\/en\/wp-json\/wp\/v2\/pages"}],"about":[{"href":"https:\/\/club-brands.de\/en\/wp-json\/wp\/v2\/types\/page"}],"author":[{"embeddable":true,"href":"https:\/\/club-brands.de\/en\/wp-json\/wp\/v2\/users\/4"}],"replies":[{"embeddable":true,"href":"https:\/\/club-brands.de\/en\/wp-json\/wp\/v2\/comments?post=10977"}],"version-history":[{"count":13,"href":"https:\/\/club-brands.de\/en\/wp-json\/wp\/v2\/pages\/10977\/revisions"}],"predecessor-version":[{"id":11439,"href":"https:\/\/club-brands.de\/en\/wp-json\/wp\/v2\/pages\/10977\/revisions\/11439"}],"wp:attachment":[{"href":"https:\/\/club-brands.de\/en\/wp-json\/wp\/v2\/media?parent=10977"}],"curies":[{"name":"wp","href":"https:\/\/api.w.org\/{rel}","templated":true}]}}