{"id":10791,"date":"2024-02-22T11:21:09","date_gmt":"2024-02-22T10:21:09","guid":{"rendered":"https:\/\/club-brands.de\/?page_id=10791"},"modified":"2025-01-02T16:08:03","modified_gmt":"2025-01-02T15:08:03","slug":"pantomime","status":"publish","type":"page","link":"https:\/\/club-brands.de\/en\/pantomime\/","title":{"rendered":"Pantomime"},"content":{"rendered":"<div data-elementor-type=\"wp-page\" data-elementor-id=\"10791\" class=\"elementor elementor-10791\" data-elementor-post-type=\"page\">\n\t\t\t\t<div class=\"elementor-element elementor-element-aa26f95 e-flex e-con-boxed e-con e-parent\" data-id=\"aa26f95\" data-element_type=\"container\">\n\t\t\t\t\t<div class=\"e-con-inner\">\n\t\t<div class=\"elementor-element elementor-element-a87f0a1 e-con-full e-flex e-con e-child\" data-id=\"a87f0a1\" data-element_type=\"container\">\n\t\t\t\t<div class=\"elementor-element elementor-element-c104768 elementor--h-position-center elementor--v-position-middle elementor-arrows-position-inside elementor-pagination-position-inside elementor-widget elementor-widget-slides\" data-id=\"c104768\" data-element_type=\"widget\" data-settings=\"{&quot;navigation&quot;:&quot;both&quot;,&quot;autoplay&quot;:&quot;yes&quot;,&quot;pause_on_hover&quot;:&quot;yes&quot;,&quot;pause_on_interaction&quot;:&quot;yes&quot;,&quot;autoplay_speed&quot;:5000,&quot;infinite&quot;:&quot;yes&quot;,&quot;transition&quot;:&quot;slide&quot;,&quot;transition_speed&quot;:500}\" data-widget_type=\"slides.default\">\n\t\t\t\t<div class=\"elementor-widget-container\">\n\t\t\t\t\t\t\t\t\t<div class=\"elementor-swiper\">\n\t\t\t\t\t<div class=\"elementor-slides-wrapper elementor-main-swiper swiper\" role=\"region\" aria-roledescription=\"carousel\" aria-label=\"Slider\" dir=\"ltr\" data-animation=\"fadeInUp\">\n\t\t\t\t<div class=\"swiper-wrapper elementor-slides\">\n\t\t\t\t\t\t\t\t\t\t<div class=\"elementor-repeater-item-daed069 swiper-slide\" role=\"group\" aria-roledescription=\"slide\"><div class=\"swiper-slide-bg\" role=\"img\"><\/div><div class=\"swiper-slide-inner\" ><div class=\"swiper-slide-contents\"><\/div><\/div><\/div>\t\t\t\t<\/div>\n\t\t\t\t\t\t\t<\/div>\n\t\t\t\t<\/div>\n\t\t\t\t\t\t\t\t<\/div>\n\t\t\t\t<\/div>\n\t\t\t\t<\/div>\n\t\t<div class=\"elementor-element elementor-element-e17a6bc e-con-full e-flex e-con e-child\" data-id=\"e17a6bc\" data-element_type=\"container\">\n\t\t\t\t<div class=\"elementor-element elementor-element-5cfda96 elementor-widget elementor-widget-heading\" data-id=\"5cfda96\" data-element_type=\"widget\" data-widget_type=\"heading.default\">\n\t\t\t\t<div class=\"elementor-widget-container\">\n\t\t\t\t\t<h2 class=\"elementor-heading-title elementor-size-default\">Pantomime<\/h2>\t\t\t\t<\/div>\n\t\t\t\t<\/div>\n\t\t\t\t<div class=\"elementor-element elementor-element-dc9452a elementor-widget elementor-widget-text-editor\" data-id=\"dc9452a\" data-element_type=\"widget\" data-widget_type=\"text-editor.default\">\n\t\t\t\t<div class=\"elementor-widget-container\">\n\t\t\t\t\t\t\t\t\t<p>PANTOMIME Parfum was founded in 2023 by creative director Jeroen Oude Sogtoen and in-house perfumer Fredrik Dolman. In their fragrance DNA, they are in search of expressive clarity through the combination of exceptional synthetic raw materials in the leading role and enhancing natural fragrances in the supporting role. PANTOMIME fragrances are created to enhance your memories, stories and emotions. We provide the stage, you play the role. No words, just perfume.<\/p>\t\t\t\t\t\t\t\t<\/div>\n\t\t\t\t<\/div>\n\t\t\t\t<\/div>\n\t\t\t\t\t<\/div>\n\t\t\t\t<\/div>\n\t\t\t\t<\/div>","protected":false},"excerpt":{"rendered":"<p>Pantomime PANTOMIME Parfum wurde 2023 von Kreativdirektor Jeroen Oude Sogtoen und Hausparf\u00fcmeur Fredrik Dolman gegr\u00fcndet. In ihrer Duft-DNA sind sie auf der Suche nach ausdrucksstarker Klarheit durch die Kombination von au\u00dfergew\u00f6hnlichen synthetischen Rohstoffen in der Hauptrolle und verst\u00e4rkenden nat\u00fcrlichen Duftstoffe in der Nebenrolle. PANTOMIME-D\u00fcfte werden kreiert, um Ihre Erinnerungen, Geschichten und Emotionen zu verst\u00e4rken. Wir [&hellip;]<\/p>","protected":false},"author":4,"featured_media":0,"parent":0,"menu_order":0,"comment_status":"closed","ping_status":"closed","template":"","meta":{"_acf_changed":false,"footnotes":""},"class_list":["post-10791","page","type-page","status-publish","hentry"],"acf":[],"yoast_head":"<!-- This site is optimized with the Yoast SEO plugin v24.1 - https:\/\/yoast.com\/wordpress\/plugins\/seo\/ -->\n<title>Pantomime - Club Unique Brands<\/title>\n<meta name=\"robots\" content=\"index, follow, max-snippet:-1, max-image-preview:large, max-video-preview:-1\" \/>\n<link rel=\"canonical\" href=\"http:\/\/club-brands.de\/en\/pantomime\/\" \/>\n<meta property=\"og:locale\" content=\"en_US\" \/>\n<meta property=\"og:type\" content=\"article\" \/>\n<meta property=\"og:title\" content=\"Pantomime - Club Unique Brands\" \/>\n<meta property=\"og:description\" content=\"Pantomime PANTOMIME Parfum wurde 2023 von Kreativdirektor Jeroen Oude Sogtoen und Hausparf\u00fcmeur Fredrik Dolman gegr\u00fcndet. In ihrer Duft-DNA sind sie auf der Suche nach ausdrucksstarker Klarheit durch die Kombination von au\u00dfergew\u00f6hnlichen synthetischen Rohstoffen in der Hauptrolle und verst\u00e4rkenden nat\u00fcrlichen Duftstoffe in der Nebenrolle. PANTOMIME-D\u00fcfte werden kreiert, um Ihre Erinnerungen, Geschichten und Emotionen zu verst\u00e4rken. Wir [&hellip;]\" \/>\n<meta property=\"og:url\" content=\"http:\/\/club-brands.de\/en\/pantomime\/\" \/>\n<meta property=\"og:site_name\" content=\"Club Unique Brands\" \/>\n<meta property=\"article:modified_time\" content=\"2025-01-02T15:08:03+00:00\" \/>\n<meta name=\"twitter:card\" content=\"summary_large_image\" \/>\n<meta name=\"twitter:label1\" content=\"Est. reading time\" \/>\n\t<meta name=\"twitter:data1\" content=\"1 minute\" \/>\n<script type=\"application\/ld+json\" class=\"yoast-schema-graph\">{\"@context\":\"https:\/\/schema.org\",\"@graph\":[{\"@type\":\"WebPage\",\"@id\":\"http:\/\/club-brands.de\/pantomime\/\",\"url\":\"http:\/\/club-brands.de\/pantomime\/\",\"name\":\"Pantomime - Club Unique Brands\",\"isPartOf\":{\"@id\":\"http:\/\/club-brands.de\/#website\"},\"datePublished\":\"2024-02-22T10:21:09+00:00\",\"dateModified\":\"2025-01-02T15:08:03+00:00\",\"breadcrumb\":{\"@id\":\"http:\/\/club-brands.de\/pantomime\/#breadcrumb\"},\"inLanguage\":\"en-US\",\"potentialAction\":[{\"@type\":\"ReadAction\",\"target\":[\"http:\/\/club-brands.de\/pantomime\/\"]}]},{\"@type\":\"BreadcrumbList\",\"@id\":\"http:\/\/club-brands.de\/pantomime\/#breadcrumb\",\"itemListElement\":[{\"@type\":\"ListItem\",\"position\":1,\"name\":\"Home\",\"item\":\"http:\/\/club-brands.de\/\"},{\"@type\":\"ListItem\",\"position\":2,\"name\":\"Pantomime\"}]},{\"@type\":\"WebSite\",\"@id\":\"http:\/\/club-brands.de\/#website\",\"url\":\"http:\/\/club-brands.de\/\",\"name\":\"Club Unique Brands\",\"description\":\"\",\"potentialAction\":[{\"@type\":\"SearchAction\",\"target\":{\"@type\":\"EntryPoint\",\"urlTemplate\":\"http:\/\/club-brands.de\/?s={search_term_string}\"},\"query-input\":{\"@type\":\"PropertyValueSpecification\",\"valueRequired\":true,\"valueName\":\"search_term_string\"}}],\"inLanguage\":\"en-US\"}]}<\/script>\n<!-- \/ Yoast SEO plugin. -->","yoast_head_json":{"title":"Pantomime - Club Unique Brands","robots":{"index":"index","follow":"follow","max-snippet":"max-snippet:-1","max-image-preview":"max-image-preview:large","max-video-preview":"max-video-preview:-1"},"canonical":"http:\/\/club-brands.de\/en\/pantomime\/","og_locale":"en_US","og_type":"article","og_title":"Pantomime - Club Unique Brands","og_description":"Pantomime PANTOMIME Parfum wurde 2023 von Kreativdirektor Jeroen Oude Sogtoen und Hausparf\u00fcmeur Fredrik Dolman gegr\u00fcndet. In ihrer Duft-DNA sind sie auf der Suche nach ausdrucksstarker Klarheit durch die Kombination von au\u00dfergew\u00f6hnlichen synthetischen Rohstoffen in der Hauptrolle und verst\u00e4rkenden nat\u00fcrlichen Duftstoffe in der Nebenrolle. PANTOMIME-D\u00fcfte werden kreiert, um Ihre Erinnerungen, Geschichten und Emotionen zu verst\u00e4rken. Wir [&hellip;]","og_url":"http:\/\/club-brands.de\/en\/pantomime\/","og_site_name":"Club Unique Brands","article_modified_time":"2025-01-02T15:08:03+00:00","twitter_card":"summary_large_image","twitter_misc":{"Est. reading time":"1 minute"},"schema":{"@context":"https:\/\/schema.org","@graph":[{"@type":"WebPage","@id":"http:\/\/club-brands.de\/pantomime\/","url":"http:\/\/club-brands.de\/pantomime\/","name":"Pantomime - Club Unique Brands","isPartOf":{"@id":"http:\/\/club-brands.de\/#website"},"datePublished":"2024-02-22T10:21:09+00:00","dateModified":"2025-01-02T15:08:03+00:00","breadcrumb":{"@id":"http:\/\/club-brands.de\/pantomime\/#breadcrumb"},"inLanguage":"en-US","potentialAction":[{"@type":"ReadAction","target":["http:\/\/club-brands.de\/pantomime\/"]}]},{"@type":"BreadcrumbList","@id":"http:\/\/club-brands.de\/pantomime\/#breadcrumb","itemListElement":[{"@type":"ListItem","position":1,"name":"Home","item":"http:\/\/club-brands.de\/"},{"@type":"ListItem","position":2,"name":"Pantomime"}]},{"@type":"WebSite","@id":"http:\/\/club-brands.de\/#website","url":"http:\/\/club-brands.de\/","name":"Club Unique Brands","description":"","potentialAction":[{"@type":"SearchAction","target":{"@type":"EntryPoint","urlTemplate":"http:\/\/club-brands.de\/?s={search_term_string}"},"query-input":{"@type":"PropertyValueSpecification","valueRequired":true,"valueName":"search_term_string"}}],"inLanguage":"en-US"}]}},"_links":{"self":[{"href":"https:\/\/club-brands.de\/en\/wp-json\/wp\/v2\/pages\/10791","targetHints":{"allow":["GET"]}}],"collection":[{"href":"https:\/\/club-brands.de\/en\/wp-json\/wp\/v2\/pages"}],"about":[{"href":"https:\/\/club-brands.de\/en\/wp-json\/wp\/v2\/types\/page"}],"author":[{"embeddable":true,"href":"https:\/\/club-brands.de\/en\/wp-json\/wp\/v2\/users\/4"}],"replies":[{"embeddable":true,"href":"https:\/\/club-brands.de\/en\/wp-json\/wp\/v2\/comments?post=10791"}],"version-history":[{"count":66,"href":"https:\/\/club-brands.de\/en\/wp-json\/wp\/v2\/pages\/10791\/revisions"}],"predecessor-version":[{"id":11424,"href":"https:\/\/club-brands.de\/en\/wp-json\/wp\/v2\/pages\/10791\/revisions\/11424"}],"wp:attachment":[{"href":"https:\/\/club-brands.de\/en\/wp-json\/wp\/v2\/media?parent=10791"}],"curies":[{"name":"wp","href":"https:\/\/api.w.org\/{rel}","templated":true}]}}