{"id":10368,"date":"2023-05-10T10:47:12","date_gmt":"2023-05-10T08:47:12","guid":{"rendered":"https:\/\/club-brands.de\/?page_id=10368"},"modified":"2025-10-02T14:37:40","modified_gmt":"2025-10-02T12:37:40","slug":"vertrieb-und-netzwerk","status":"publish","type":"page","link":"https:\/\/club-brands.de\/en\/skill\/sales-and-network\/","title":{"rendered":"Sales and Network"},"content":{"rendered":"<div data-elementor-type=\"wp-page\" data-elementor-id=\"10368\" class=\"elementor elementor-10368\" data-elementor-post-type=\"page\">\n\t\t\t\t\t\t<section data-dce-background-image-url=\"https:\/\/club-brands.de\/wp-content\/uploads\/2023\/05\/Header-Vertrieb.jpg\" class=\"elementor-section elementor-top-section elementor-element elementor-element-f9abb50 elementor-section-height-min-height elementor-section-boxed elementor-section-height-default elementor-section-items-middle qodef-elementor-content-no\" data-id=\"f9abb50\" data-element_type=\"section\" data-settings=\"{&quot;background_background&quot;:&quot;classic&quot;}\">\n\t\t\t\t\t\t<div class=\"elementor-container elementor-column-gap-default\">\n\t\t\t\t\t<div data-dce-background-color=\"#00000073\" class=\"elementor-column elementor-col-100 elementor-top-column elementor-element elementor-element-6d4d29e\" data-id=\"6d4d29e\" data-element_type=\"column\" data-settings=\"{&quot;background_background&quot;:&quot;classic&quot;}\">\n\t\t\t<div class=\"elementor-widget-wrap elementor-element-populated\">\n\t\t\t\t\t\t<div class=\"elementor-element elementor-element-478f31a elementor-widget elementor-widget-heading\" data-id=\"478f31a\" data-element_type=\"widget\" data-widget_type=\"heading.default\">\n\t\t\t\t<div class=\"elementor-widget-container\">\n\t\t\t\t\t<h1 class=\"elementor-heading-title elementor-size-default\">Sales and Network<\/h1>\t\t\t\t<\/div>\n\t\t\t\t<\/div>\n\t\t\t\t<div class=\"elementor-element elementor-element-f18d85b elementor-widget elementor-widget-heading\" data-id=\"f18d85b\" data-element_type=\"widget\" data-widget_type=\"heading.default\">\n\t\t\t\t<div class=\"elementor-widget-container\">\n\t\t\t\t\t<h2 class=\"elementor-heading-title elementor-size-default\">Extensive network to support every step of the sales process<\/h2>\t\t\t\t<\/div>\n\t\t\t\t<\/div>\n\t\t\t\t\t<\/div>\n\t\t<\/div>\n\t\t\t\t\t<\/div>\n\t\t<\/section>\n\t\t\t\t<section class=\"elementor-section elementor-top-section elementor-element elementor-element-87127ca elementor-section-full_width elementor-section-height-default elementor-section-height-default qodef-elementor-content-no\" data-id=\"87127ca\" data-element_type=\"section\">\n\t\t\t\t\t\t<div class=\"elementor-container elementor-column-gap-default\">\n\t\t\t\t\t<div class=\"elementor-column elementor-col-50 elementor-top-column elementor-element elementor-element-5055f3a\" data-id=\"5055f3a\" data-element_type=\"column\">\n\t\t\t<div class=\"elementor-widget-wrap elementor-element-populated\">\n\t\t\t\t\t\t<div class=\"elementor-element elementor-element-702c6b4 elementor-widget__width-initial elementor-widget elementor-widget-marra_core_section_title\" data-id=\"702c6b4\" data-element_type=\"widget\" data-widget_type=\"marra_core_section_title.default\">\n\t\t\t\t<div class=\"elementor-widget-container\">\n\t\t\t\t\t<div class=\"qodef-shortcode qodef-m  qodef-section-title qodef-alignment--center\">\n\t\t<div class=\"qodef-main-content\">\n\t\t\t<h2 class=\"qodef-m-title\" style=\"color: #000000\">\n\t\t\t\t\tSales and Network<br \/>\t\t\t<\/h2>\n\t\t\t<p class=\"qodef-m-text\" style=\"margin-top: 20px\">For more than 15 years, we have built up a versatile distribution network that enables us to serve a wide range of distribution channels - from classic perfumeries to online retail, department stores and pharmacies. Our extensive presence in the D\/A\/CH region, supported by a strong sales team, enables us to offer our partners full service in every location. We pride ourselves on building a close relationship with our distribution partners and supporting them through every step of the sales process to ensure a successful collaboration.<\/p>\n\t<\/div>\n<\/div>\t\t\t\t<\/div>\n\t\t\t\t<\/div>\n\t\t\t\t\t<\/div>\n\t\t<\/div>\n\t\t\t\t<div data-dce-background-image-url=\"https:\/\/club-brands.de\/wp-content\/uploads\/2024\/07\/25.06.2024-55-scaled.jpg\" class=\"elementor-column elementor-col-50 elementor-top-column elementor-element elementor-element-d5c7084\" data-id=\"d5c7084\" data-element_type=\"column\" data-settings=\"{&quot;background_background&quot;:&quot;classic&quot;}\">\n\t\t\t<div class=\"elementor-widget-wrap elementor-element-populated\">\n\t\t\t\t\t\t<div class=\"elementor-element elementor-element-0010cda elementor-hidden-desktop elementor-widget elementor-widget-image\" data-id=\"0010cda\" data-element_type=\"widget\" data-widget_type=\"image.default\">\n\t\t\t\t<div class=\"elementor-widget-container\">\n\t\t\t\t\t\t\t\t\t\t\t\t\t\t\t<img fetchpriority=\"high\" decoding=\"async\" width=\"1024\" height=\"683\" src=\"https:\/\/club-brands.de\/wp-content\/uploads\/2024\/07\/25.06.2024-55-1024x683.jpg\" class=\"attachment-large size-large wp-image-11227\" alt=\"\" srcset=\"https:\/\/club-brands.de\/wp-content\/uploads\/2024\/07\/25.06.2024-55-1024x683.jpg 1024w, https:\/\/club-brands.de\/wp-content\/uploads\/2024\/07\/25.06.2024-55-300x200.jpg 300w, https:\/\/club-brands.de\/wp-content\/uploads\/2024\/07\/25.06.2024-55-768x512.jpg 768w, https:\/\/club-brands.de\/wp-content\/uploads\/2024\/07\/25.06.2024-55-1536x1024.jpg 1536w, https:\/\/club-brands.de\/wp-content\/uploads\/2024\/07\/25.06.2024-55-2048x1365.jpg 2048w, https:\/\/club-brands.de\/wp-content\/uploads\/2024\/07\/25.06.2024-55-18x12.jpg 18w\" sizes=\"(max-width: 1024px) 100vw, 1024px\" \/>\t\t\t\t\t\t\t\t\t\t\t\t\t\t\t<\/div>\n\t\t\t\t<\/div>\n\t\t\t\t\t<\/div>\n\t\t<\/div>\n\t\t\t\t\t<\/div>\n\t\t<\/section>\n\t\t<div class=\"elementor-element elementor-element-f465e91 e-con-full e-flex e-con e-parent\" data-id=\"f465e91\" data-element_type=\"container\">\n\t\t\t\t<div class=\"elementor-element elementor-element-135dd86 elementor-widget elementor-widget-image\" data-id=\"135dd86\" data-element_type=\"widget\" data-widget_type=\"image.default\">\n\t\t\t\t<div class=\"elementor-widget-container\">\n\t\t\t\t\t\t\t\t\t\t\t\t\t\t\t<img decoding=\"async\" width=\"1024\" height=\"1024\" src=\"https:\/\/club-brands.de\/wp-content\/uploads\/2025\/10\/23-Justlaurasart_C.L.U.B_Unique_Brands_Fotografie_Laura_Broenhorst-26-scaled-e1759408480724-1024x1024.jpg\" class=\"attachment-large size-large wp-image-11701\" alt=\"\" srcset=\"https:\/\/club-brands.de\/wp-content\/uploads\/2025\/10\/23-Justlaurasart_C.L.U.B_Unique_Brands_Fotografie_Laura_Broenhorst-26-scaled-e1759408480724-1024x1024.jpg 1024w, https:\/\/club-brands.de\/wp-content\/uploads\/2025\/10\/23-Justlaurasart_C.L.U.B_Unique_Brands_Fotografie_Laura_Broenhorst-26-scaled-e1759408480724-300x300.jpg 300w, https:\/\/club-brands.de\/wp-content\/uploads\/2025\/10\/23-Justlaurasart_C.L.U.B_Unique_Brands_Fotografie_Laura_Broenhorst-26-scaled-e1759408480724-150x150.jpg 150w, https:\/\/club-brands.de\/wp-content\/uploads\/2025\/10\/23-Justlaurasart_C.L.U.B_Unique_Brands_Fotografie_Laura_Broenhorst-26-scaled-e1759408480724-768x768.jpg 768w, https:\/\/club-brands.de\/wp-content\/uploads\/2025\/10\/23-Justlaurasart_C.L.U.B_Unique_Brands_Fotografie_Laura_Broenhorst-26-scaled-e1759408480724-1536x1536.jpg 1536w, https:\/\/club-brands.de\/wp-content\/uploads\/2025\/10\/23-Justlaurasart_C.L.U.B_Unique_Brands_Fotografie_Laura_Broenhorst-26-scaled-e1759408480724-12x12.jpg 12w, https:\/\/club-brands.de\/wp-content\/uploads\/2025\/10\/23-Justlaurasart_C.L.U.B_Unique_Brands_Fotografie_Laura_Broenhorst-26-scaled-e1759408480724-650x650.jpg 650w, https:\/\/club-brands.de\/wp-content\/uploads\/2025\/10\/23-Justlaurasart_C.L.U.B_Unique_Brands_Fotografie_Laura_Broenhorst-26-scaled-e1759408480724-1300x1300.jpg 1300w, https:\/\/club-brands.de\/wp-content\/uploads\/2025\/10\/23-Justlaurasart_C.L.U.B_Unique_Brands_Fotografie_Laura_Broenhorst-26-scaled-e1759408480724.jpg 1707w\" sizes=\"(max-width: 1024px) 100vw, 1024px\" \/>\t\t\t\t\t\t\t\t\t\t\t\t\t\t\t<\/div>\n\t\t\t\t<\/div>\n\t\t\t\t<div class=\"elementor-element elementor-element-92c420b elementor-widget elementor-widget-image\" data-id=\"92c420b\" data-element_type=\"widget\" data-widget_type=\"image.default\">\n\t\t\t\t<div class=\"elementor-widget-container\">\n\t\t\t\t\t\t\t\t\t\t\t\t\t\t\t<img decoding=\"async\" width=\"1024\" height=\"1024\" src=\"https:\/\/club-brands.de\/wp-content\/uploads\/2025\/10\/41-Justlaurasart_C.L.U.B_Unique_Brands_Fotografie_Laura_Broenhorst-44-scaled-e1759408643299-1024x1024.jpg\" class=\"attachment-large size-large wp-image-11703\" alt=\"\" srcset=\"https:\/\/club-brands.de\/wp-content\/uploads\/2025\/10\/41-Justlaurasart_C.L.U.B_Unique_Brands_Fotografie_Laura_Broenhorst-44-scaled-e1759408643299-1024x1024.jpg 1024w, https:\/\/club-brands.de\/wp-content\/uploads\/2025\/10\/41-Justlaurasart_C.L.U.B_Unique_Brands_Fotografie_Laura_Broenhorst-44-scaled-e1759408643299-300x300.jpg 300w, https:\/\/club-brands.de\/wp-content\/uploads\/2025\/10\/41-Justlaurasart_C.L.U.B_Unique_Brands_Fotografie_Laura_Broenhorst-44-scaled-e1759408643299-150x150.jpg 150w, https:\/\/club-brands.de\/wp-content\/uploads\/2025\/10\/41-Justlaurasart_C.L.U.B_Unique_Brands_Fotografie_Laura_Broenhorst-44-scaled-e1759408643299-768x768.jpg 768w, https:\/\/club-brands.de\/wp-content\/uploads\/2025\/10\/41-Justlaurasart_C.L.U.B_Unique_Brands_Fotografie_Laura_Broenhorst-44-scaled-e1759408643299-1536x1536.jpg 1536w, https:\/\/club-brands.de\/wp-content\/uploads\/2025\/10\/41-Justlaurasart_C.L.U.B_Unique_Brands_Fotografie_Laura_Broenhorst-44-scaled-e1759408643299-12x12.jpg 12w, https:\/\/club-brands.de\/wp-content\/uploads\/2025\/10\/41-Justlaurasart_C.L.U.B_Unique_Brands_Fotografie_Laura_Broenhorst-44-scaled-e1759408643299-650x650.jpg 650w, https:\/\/club-brands.de\/wp-content\/uploads\/2025\/10\/41-Justlaurasart_C.L.U.B_Unique_Brands_Fotografie_Laura_Broenhorst-44-scaled-e1759408643299-1300x1300.jpg 1300w, https:\/\/club-brands.de\/wp-content\/uploads\/2025\/10\/41-Justlaurasart_C.L.U.B_Unique_Brands_Fotografie_Laura_Broenhorst-44-scaled-e1759408643299.jpg 1707w\" sizes=\"(max-width: 1024px) 100vw, 1024px\" \/>\t\t\t\t\t\t\t\t\t\t\t\t\t\t\t<\/div>\n\t\t\t\t<\/div>\n\t\t\t\t<div class=\"elementor-element elementor-element-bd5b649 elementor-widget elementor-widget-image\" data-id=\"bd5b649\" data-element_type=\"widget\" data-widget_type=\"image.default\">\n\t\t\t\t<div class=\"elementor-widget-container\">\n\t\t\t\t\t\t\t\t\t\t\t\t\t\t\t<img loading=\"lazy\" decoding=\"async\" width=\"1024\" height=\"1024\" src=\"https:\/\/club-brands.de\/wp-content\/uploads\/2025\/10\/31-Justlaurasart_C.L.U.B_Unique_Brands_Fotografie_Laura_Broenhorst-34-scaled-e1759408570211-1024x1024.jpg\" class=\"attachment-large size-large wp-image-11702\" alt=\"\" srcset=\"https:\/\/club-brands.de\/wp-content\/uploads\/2025\/10\/31-Justlaurasart_C.L.U.B_Unique_Brands_Fotografie_Laura_Broenhorst-34-scaled-e1759408570211-1024x1024.jpg 1024w, https:\/\/club-brands.de\/wp-content\/uploads\/2025\/10\/31-Justlaurasart_C.L.U.B_Unique_Brands_Fotografie_Laura_Broenhorst-34-scaled-e1759408570211-300x300.jpg 300w, https:\/\/club-brands.de\/wp-content\/uploads\/2025\/10\/31-Justlaurasart_C.L.U.B_Unique_Brands_Fotografie_Laura_Broenhorst-34-scaled-e1759408570211-150x150.jpg 150w, https:\/\/club-brands.de\/wp-content\/uploads\/2025\/10\/31-Justlaurasart_C.L.U.B_Unique_Brands_Fotografie_Laura_Broenhorst-34-scaled-e1759408570211-768x768.jpg 768w, https:\/\/club-brands.de\/wp-content\/uploads\/2025\/10\/31-Justlaurasart_C.L.U.B_Unique_Brands_Fotografie_Laura_Broenhorst-34-scaled-e1759408570211-1536x1536.jpg 1536w, https:\/\/club-brands.de\/wp-content\/uploads\/2025\/10\/31-Justlaurasart_C.L.U.B_Unique_Brands_Fotografie_Laura_Broenhorst-34-scaled-e1759408570211-12x12.jpg 12w, https:\/\/club-brands.de\/wp-content\/uploads\/2025\/10\/31-Justlaurasart_C.L.U.B_Unique_Brands_Fotografie_Laura_Broenhorst-34-scaled-e1759408570211-650x650.jpg 650w, https:\/\/club-brands.de\/wp-content\/uploads\/2025\/10\/31-Justlaurasart_C.L.U.B_Unique_Brands_Fotografie_Laura_Broenhorst-34-scaled-e1759408570211-1300x1300.jpg 1300w, https:\/\/club-brands.de\/wp-content\/uploads\/2025\/10\/31-Justlaurasart_C.L.U.B_Unique_Brands_Fotografie_Laura_Broenhorst-34-scaled-e1759408570211.jpg 1583w\" sizes=\"(max-width: 1024px) 100vw, 1024px\" \/>\t\t\t\t\t\t\t\t\t\t\t\t\t\t\t<\/div>\n\t\t\t\t<\/div>\n\t\t\t\t<\/div>\n\t\t\t\t<\/div>","protected":false},"excerpt":{"rendered":"<p>Weitreichendes Netzwerk zur Unterst\u00fctzung bei jedem Schritt des Verkaufsprozesses Vertrieb und Netzwerk Seit mehr als 15 Jahren haben wir ein vielseitiges Vertriebsnetz aufgebaut, das uns in der Lage versetzt, eine breite Palette von Vertriebskan\u00e4len zu bedienen &#8211; von klassischen Parf\u00fcmerien \u00fcber den Online-Handel und Department Stores bis hin zu Apotheken. Unsere umfassende Pr\u00e4senz in der [&hellip;]<\/p>","protected":false},"author":7,"featured_media":0,"parent":7725,"menu_order":0,"comment_status":"closed","ping_status":"closed","template":"page-full-width.php","meta":{"_acf_changed":false,"footnotes":""},"class_list":["post-10368","page","type-page","status-publish","hentry"],"acf":[],"yoast_head":"<!-- This site is optimized with the Yoast SEO plugin v24.1 - https:\/\/yoast.com\/wordpress\/plugins\/seo\/ -->\n<title>Vertrieb - Wir sind Ihre Spezialisten im Skincare &amp; Parf\u00fcm Vertrieb<\/title>\n<meta name=\"description\" content=\"Wir bieten unseren Vertriebspartnern an jedem Standort in der D\/A\/CH-Region einen Full-Service, der durch unser vielseitiges Vertriebsnetz und unser erfahrenes Vertriebsteam unterst\u00fctzt wird. \u2713\" \/>\n<meta name=\"robots\" content=\"index, follow, max-snippet:-1, max-image-preview:large, max-video-preview:-1\" \/>\n<link rel=\"canonical\" href=\"https:\/\/club-brands.de\/en\/skill\/sales-and-network\/\" \/>\n<meta property=\"og:locale\" content=\"en_US\" \/>\n<meta property=\"og:type\" content=\"article\" \/>\n<meta property=\"og:title\" content=\"Vertrieb - Wir sind Ihre Spezialisten im Skincare &amp; Parf\u00fcm Vertrieb\" \/>\n<meta property=\"og:description\" content=\"Wir bieten unseren Vertriebspartnern an jedem Standort in der D\/A\/CH-Region einen Full-Service, der durch unser vielseitiges Vertriebsnetz und unser erfahrenes Vertriebsteam unterst\u00fctzt wird. \u2713\" \/>\n<meta property=\"og:url\" content=\"https:\/\/club-brands.de\/en\/skill\/sales-and-network\/\" \/>\n<meta property=\"og:site_name\" content=\"Club Unique Brands\" \/>\n<meta property=\"article:modified_time\" content=\"2025-10-02T12:37:40+00:00\" \/>\n<meta property=\"og:image\" content=\"https:\/\/club-brands.de\/wp-content\/uploads\/2024\/07\/25.06.2024-55-1024x683.jpg\" \/>\n<meta name=\"twitter:card\" content=\"summary_large_image\" \/>\n<meta name=\"twitter:label1\" content=\"Est. reading time\" \/>\n\t<meta name=\"twitter:data1\" content=\"2 minutes\" \/>\n<script type=\"application\/ld+json\" class=\"yoast-schema-graph\">{\"@context\":\"https:\/\/schema.org\",\"@graph\":[{\"@type\":\"WebPage\",\"@id\":\"https:\/\/club-brands.de\/kompetenzen\/vertrieb-und-netzwerk\/\",\"url\":\"https:\/\/club-brands.de\/kompetenzen\/vertrieb-und-netzwerk\/\",\"name\":\"Vertrieb - Wir sind Ihre Spezialisten im Skincare & Parf\u00fcm Vertrieb\",\"isPartOf\":{\"@id\":\"https:\/\/club-brands.de\/en\/#website\"},\"primaryImageOfPage\":{\"@id\":\"https:\/\/club-brands.de\/kompetenzen\/vertrieb-und-netzwerk\/#primaryimage\"},\"image\":{\"@id\":\"https:\/\/club-brands.de\/kompetenzen\/vertrieb-und-netzwerk\/#primaryimage\"},\"thumbnailUrl\":\"https:\/\/club-brands.de\/wp-content\/uploads\/2024\/07\/25.06.2024-55-1024x683.jpg\",\"datePublished\":\"2023-05-10T08:47:12+00:00\",\"dateModified\":\"2025-10-02T12:37:40+00:00\",\"description\":\"Wir bieten unseren Vertriebspartnern an jedem Standort in der D\/A\/CH-Region einen Full-Service, der durch unser vielseitiges Vertriebsnetz und unser erfahrenes Vertriebsteam unterst\u00fctzt wird. \u2713\",\"breadcrumb\":{\"@id\":\"https:\/\/club-brands.de\/kompetenzen\/vertrieb-und-netzwerk\/#breadcrumb\"},\"inLanguage\":\"en-US\",\"potentialAction\":[{\"@type\":\"ReadAction\",\"target\":[\"https:\/\/club-brands.de\/kompetenzen\/vertrieb-und-netzwerk\/\"]}]},{\"@type\":\"ImageObject\",\"inLanguage\":\"en-US\",\"@id\":\"https:\/\/club-brands.de\/kompetenzen\/vertrieb-und-netzwerk\/#primaryimage\",\"url\":\"https:\/\/club-brands.de\/wp-content\/uploads\/2024\/07\/25.06.2024-55-1024x683.jpg\",\"contentUrl\":\"https:\/\/club-brands.de\/wp-content\/uploads\/2024\/07\/25.06.2024-55-1024x683.jpg\"},{\"@type\":\"BreadcrumbList\",\"@id\":\"https:\/\/club-brands.de\/kompetenzen\/vertrieb-und-netzwerk\/#breadcrumb\",\"itemListElement\":[{\"@type\":\"ListItem\",\"position\":1,\"name\":\"Home\",\"item\":\"https:\/\/club-brands.de\/en\/\"},{\"@type\":\"ListItem\",\"position\":2,\"name\":\"Kompetenzen\",\"item\":\"https:\/\/club-brands.de\/en\/skill\/\"},{\"@type\":\"ListItem\",\"position\":3,\"name\":\"Vertrieb und Netzwerk\"}]},{\"@type\":\"WebSite\",\"@id\":\"https:\/\/club-brands.de\/en\/#website\",\"url\":\"https:\/\/club-brands.de\/en\/\",\"name\":\"Club Unique Brands\",\"description\":\"\",\"potentialAction\":[{\"@type\":\"SearchAction\",\"target\":{\"@type\":\"EntryPoint\",\"urlTemplate\":\"https:\/\/club-brands.de\/en\/?s={search_term_string}\"},\"query-input\":{\"@type\":\"PropertyValueSpecification\",\"valueRequired\":true,\"valueName\":\"search_term_string\"}}],\"inLanguage\":\"en-US\"}]}<\/script>\n<!-- \/ Yoast SEO plugin. -->","yoast_head_json":{"title":"Vertrieb - Wir sind Ihre Spezialisten im Skincare & Parf\u00fcm Vertrieb","description":"Wir bieten unseren Vertriebspartnern an jedem Standort in der D\/A\/CH-Region einen Full-Service, der durch unser vielseitiges Vertriebsnetz und unser erfahrenes Vertriebsteam unterst\u00fctzt wird. \u2713","robots":{"index":"index","follow":"follow","max-snippet":"max-snippet:-1","max-image-preview":"max-image-preview:large","max-video-preview":"max-video-preview:-1"},"canonical":"https:\/\/club-brands.de\/en\/skill\/sales-and-network\/","og_locale":"en_US","og_type":"article","og_title":"Vertrieb - Wir sind Ihre Spezialisten im Skincare & Parf\u00fcm Vertrieb","og_description":"Wir bieten unseren Vertriebspartnern an jedem Standort in der D\/A\/CH-Region einen Full-Service, der durch unser vielseitiges Vertriebsnetz und unser erfahrenes Vertriebsteam unterst\u00fctzt wird. \u2713","og_url":"https:\/\/club-brands.de\/en\/skill\/sales-and-network\/","og_site_name":"Club Unique Brands","article_modified_time":"2025-10-02T12:37:40+00:00","og_image":[{"url":"https:\/\/club-brands.de\/wp-content\/uploads\/2024\/07\/25.06.2024-55-1024x683.jpg","type":"","width":"","height":""}],"twitter_card":"summary_large_image","twitter_misc":{"Est. reading time":"2 minutes"},"schema":{"@context":"https:\/\/schema.org","@graph":[{"@type":"WebPage","@id":"https:\/\/club-brands.de\/kompetenzen\/vertrieb-und-netzwerk\/","url":"https:\/\/club-brands.de\/kompetenzen\/vertrieb-und-netzwerk\/","name":"Vertrieb - Wir sind Ihre Spezialisten im Skincare & Parf\u00fcm Vertrieb","isPartOf":{"@id":"https:\/\/club-brands.de\/en\/#website"},"primaryImageOfPage":{"@id":"https:\/\/club-brands.de\/kompetenzen\/vertrieb-und-netzwerk\/#primaryimage"},"image":{"@id":"https:\/\/club-brands.de\/kompetenzen\/vertrieb-und-netzwerk\/#primaryimage"},"thumbnailUrl":"https:\/\/club-brands.de\/wp-content\/uploads\/2024\/07\/25.06.2024-55-1024x683.jpg","datePublished":"2023-05-10T08:47:12+00:00","dateModified":"2025-10-02T12:37:40+00:00","description":"Wir bieten unseren Vertriebspartnern an jedem Standort in der D\/A\/CH-Region einen Full-Service, der durch unser vielseitiges Vertriebsnetz und unser erfahrenes Vertriebsteam unterst\u00fctzt wird. \u2713","breadcrumb":{"@id":"https:\/\/club-brands.de\/kompetenzen\/vertrieb-und-netzwerk\/#breadcrumb"},"inLanguage":"en-US","potentialAction":[{"@type":"ReadAction","target":["https:\/\/club-brands.de\/kompetenzen\/vertrieb-und-netzwerk\/"]}]},{"@type":"ImageObject","inLanguage":"en-US","@id":"https:\/\/club-brands.de\/kompetenzen\/vertrieb-und-netzwerk\/#primaryimage","url":"https:\/\/club-brands.de\/wp-content\/uploads\/2024\/07\/25.06.2024-55-1024x683.jpg","contentUrl":"https:\/\/club-brands.de\/wp-content\/uploads\/2024\/07\/25.06.2024-55-1024x683.jpg"},{"@type":"BreadcrumbList","@id":"https:\/\/club-brands.de\/kompetenzen\/vertrieb-und-netzwerk\/#breadcrumb","itemListElement":[{"@type":"ListItem","position":1,"name":"Home","item":"https:\/\/club-brands.de\/en\/"},{"@type":"ListItem","position":2,"name":"Kompetenzen","item":"https:\/\/club-brands.de\/en\/skill\/"},{"@type":"ListItem","position":3,"name":"Vertrieb und Netzwerk"}]},{"@type":"WebSite","@id":"https:\/\/club-brands.de\/en\/#website","url":"https:\/\/club-brands.de\/en\/","name":"Club Unique Brands","description":"","potentialAction":[{"@type":"SearchAction","target":{"@type":"EntryPoint","urlTemplate":"https:\/\/club-brands.de\/en\/?s={search_term_string}"},"query-input":{"@type":"PropertyValueSpecification","valueRequired":true,"valueName":"search_term_string"}}],"inLanguage":"en-US"}]}},"_links":{"self":[{"href":"https:\/\/club-brands.de\/en\/wp-json\/wp\/v2\/pages\/10368","targetHints":{"allow":["GET"]}}],"collection":[{"href":"https:\/\/club-brands.de\/en\/wp-json\/wp\/v2\/pages"}],"about":[{"href":"https:\/\/club-brands.de\/en\/wp-json\/wp\/v2\/types\/page"}],"author":[{"embeddable":true,"href":"https:\/\/club-brands.de\/en\/wp-json\/wp\/v2\/users\/7"}],"replies":[{"embeddable":true,"href":"https:\/\/club-brands.de\/en\/wp-json\/wp\/v2\/comments?post=10368"}],"version-history":[{"count":37,"href":"https:\/\/club-brands.de\/en\/wp-json\/wp\/v2\/pages\/10368\/revisions"}],"predecessor-version":[{"id":11707,"href":"https:\/\/club-brands.de\/en\/wp-json\/wp\/v2\/pages\/10368\/revisions\/11707"}],"up":[{"embeddable":true,"href":"https:\/\/club-brands.de\/en\/wp-json\/wp\/v2\/pages\/7725"}],"wp:attachment":[{"href":"https:\/\/club-brands.de\/en\/wp-json\/wp\/v2\/media?parent=10368"}],"curies":[{"name":"wp","href":"https:\/\/api.w.org\/{rel}","templated":true}]}}