{"id":10359,"date":"2023-05-10T10:00:17","date_gmt":"2023-05-10T08:00:17","guid":{"rendered":"https:\/\/club-brands.de\/?page_id=10359"},"modified":"2025-10-02T15:44:28","modified_gmt":"2025-10-02T13:44:28","slug":"logistik","status":"publish","type":"page","link":"https:\/\/club-brands.de\/en\/skill\/logistics\/","title":{"rendered":"Logistics"},"content":{"rendered":"<div data-elementor-type=\"wp-page\" data-elementor-id=\"10359\" class=\"elementor elementor-10359\" data-elementor-post-type=\"page\">\n\t\t\t\t\t\t<section data-dce-background-image-url=\"https:\/\/club-brands.de\/wp-content\/uploads\/2025\/10\/25.06.2024-303-scaled-e1759412652661.jpg\" class=\"elementor-section elementor-top-section elementor-element elementor-element-f9abb50 elementor-section-height-min-height elementor-section-boxed elementor-section-height-default elementor-section-items-middle qodef-elementor-content-no\" data-id=\"f9abb50\" data-element_type=\"section\" data-settings=\"{&quot;background_background&quot;:&quot;classic&quot;}\">\n\t\t\t\t\t\t<div class=\"elementor-container elementor-column-gap-default\">\n\t\t\t\t\t<div data-dce-background-color=\"#00000073\" class=\"elementor-column elementor-col-100 elementor-top-column elementor-element elementor-element-6d4d29e\" data-id=\"6d4d29e\" data-element_type=\"column\" data-settings=\"{&quot;background_background&quot;:&quot;classic&quot;}\">\n\t\t\t<div class=\"elementor-widget-wrap elementor-element-populated\">\n\t\t\t\t\t\t<div class=\"elementor-element elementor-element-478f31a elementor-widget elementor-widget-heading\" data-id=\"478f31a\" data-element_type=\"widget\" data-widget_type=\"heading.default\">\n\t\t\t\t<div class=\"elementor-widget-container\">\n\t\t\t\t\t<h1 class=\"elementor-heading-title elementor-size-default\">Logistics<\/h1>\t\t\t\t<\/div>\n\t\t\t\t<\/div>\n\t\t\t\t<div class=\"elementor-element elementor-element-f18d85b elementor-widget elementor-widget-heading\" data-id=\"f18d85b\" data-element_type=\"widget\" data-widget_type=\"heading.default\">\n\t\t\t\t<div class=\"elementor-widget-container\">\n\t\t\t\t\t<h2 class=\"elementor-heading-title elementor-size-default\">Many years of experience and extensive logistics expertise for fast and efficient deliveries<\/h2>\t\t\t\t<\/div>\n\t\t\t\t<\/div>\n\t\t\t\t\t<\/div>\n\t\t<\/div>\n\t\t\t\t\t<\/div>\n\t\t<\/section>\n\t\t\t\t<section class=\"elementor-section elementor-top-section elementor-element elementor-element-87127ca elementor-section-full_width elementor-section-height-default elementor-section-height-default qodef-elementor-content-no\" data-id=\"87127ca\" data-element_type=\"section\">\n\t\t\t\t\t\t<div class=\"elementor-container elementor-column-gap-default\">\n\t\t\t\t\t<div class=\"elementor-column elementor-col-50 elementor-top-column elementor-element elementor-element-5055f3a\" data-id=\"5055f3a\" data-element_type=\"column\">\n\t\t\t<div class=\"elementor-widget-wrap elementor-element-populated\">\n\t\t\t\t\t\t<div class=\"elementor-element elementor-element-702c6b4 elementor-widget__width-initial elementor-widget elementor-widget-marra_core_section_title\" data-id=\"702c6b4\" data-element_type=\"widget\" data-widget_type=\"marra_core_section_title.default\">\n\t\t\t\t<div class=\"elementor-widget-container\">\n\t\t\t\t\t<div class=\"qodef-shortcode qodef-m  qodef-section-title qodef-alignment--center\">\n\t\t<div class=\"qodef-main-content\">\n\t\t\t<h2 class=\"qodef-m-title\" style=\"color: #000000\">\n\t\t\t\t\tLogistics\t\t\t<\/h2>\n\t\t\t<p class=\"qodef-m-text\" style=\"margin-top: 20px\">With our in-house logistics on over 3000 m\u00b2 of warehouse space and a competent and reliable team, we keep the strings in our own hands. This is how we score in Skincare &amp; Perfume distribution with the fastest possible shipping within the D\/A\/CH region of 1-2 working days. We are proud to be able to offer our customers a fast and reliable delivery service that enables them to have their orders in their hands within the shortest possible time. We are continuously working on optimising our delivery service to ensure even faster delivery and thus provide an excellent customer experience.<\/p>\n\t<\/div>\n<\/div>\t\t\t\t<\/div>\n\t\t\t\t<\/div>\n\t\t\t\t\t<\/div>\n\t\t<\/div>\n\t\t\t\t<div data-dce-background-image-url=\"https:\/\/club-brands.de\/wp-content\/uploads\/2023\/05\/Thumbnail-Logistik.jpg\" class=\"elementor-column elementor-col-50 elementor-top-column elementor-element elementor-element-d5c7084\" data-id=\"d5c7084\" data-element_type=\"column\" data-settings=\"{&quot;background_background&quot;:&quot;classic&quot;}\">\n\t\t\t<div class=\"elementor-widget-wrap elementor-element-populated\">\n\t\t\t\t\t\t<div class=\"elementor-element elementor-element-0010cda elementor-hidden-desktop elementor-widget elementor-widget-image\" data-id=\"0010cda\" data-element_type=\"widget\" data-widget_type=\"image.default\">\n\t\t\t\t<div class=\"elementor-widget-container\">\n\t\t\t\t\t\t\t\t\t\t\t\t\t\t\t<img fetchpriority=\"high\" decoding=\"async\" width=\"1024\" height=\"573\" src=\"https:\/\/club-brands.de\/wp-content\/uploads\/2023\/05\/Thumbnail-Logistik-1024x573.jpg\" class=\"attachment-large size-large wp-image-10374\" alt=\"\" srcset=\"https:\/\/club-brands.de\/wp-content\/uploads\/2023\/05\/Thumbnail-Logistik-1024x573.jpg 1024w, https:\/\/club-brands.de\/wp-content\/uploads\/2023\/05\/Thumbnail-Logistik-300x168.jpg 300w, https:\/\/club-brands.de\/wp-content\/uploads\/2023\/05\/Thumbnail-Logistik-768x430.jpg 768w, https:\/\/club-brands.de\/wp-content\/uploads\/2023\/05\/Thumbnail-Logistik-18x10.jpg 18w, https:\/\/club-brands.de\/wp-content\/uploads\/2023\/05\/Thumbnail-Logistik.jpg 1250w\" sizes=\"(max-width: 1024px) 100vw, 1024px\" \/>\t\t\t\t\t\t\t\t\t\t\t\t\t\t\t<\/div>\n\t\t\t\t<\/div>\n\t\t\t\t\t<\/div>\n\t\t<\/div>\n\t\t\t\t\t<\/div>\n\t\t<\/section>\n\t\t<div class=\"elementor-element elementor-element-f465e91 e-con-full e-flex e-con e-parent\" data-id=\"f465e91\" data-element_type=\"container\">\n\t\t\t\t<div class=\"elementor-element elementor-element-92c420b elementor-widget elementor-widget-image\" data-id=\"92c420b\" data-element_type=\"widget\" data-widget_type=\"image.default\">\n\t\t\t\t<div class=\"elementor-widget-container\">\n\t\t\t\t\t\t\t\t\t\t\t\t\t\t\t<img decoding=\"async\" width=\"1024\" height=\"1024\" src=\"https:\/\/club-brands.de\/wp-content\/uploads\/2024\/07\/25.06.2024-15-scaled-e1720515191669-1024x1024.jpg\" class=\"attachment-large size-large wp-image-11233\" alt=\"\" srcset=\"https:\/\/club-brands.de\/wp-content\/uploads\/2024\/07\/25.06.2024-15-scaled-e1720515191669-1024x1024.jpg 1024w, https:\/\/club-brands.de\/wp-content\/uploads\/2024\/07\/25.06.2024-15-scaled-e1720515191669-300x300.jpg 300w, https:\/\/club-brands.de\/wp-content\/uploads\/2024\/07\/25.06.2024-15-scaled-e1720515191669-150x150.jpg 150w, https:\/\/club-brands.de\/wp-content\/uploads\/2024\/07\/25.06.2024-15-scaled-e1720515191669-768x768.jpg 768w, https:\/\/club-brands.de\/wp-content\/uploads\/2024\/07\/25.06.2024-15-scaled-e1720515191669-1536x1536.jpg 1536w, https:\/\/club-brands.de\/wp-content\/uploads\/2024\/07\/25.06.2024-15-scaled-e1720515191669-12x12.jpg 12w, https:\/\/club-brands.de\/wp-content\/uploads\/2024\/07\/25.06.2024-15-scaled-e1720515191669-650x650.jpg 650w, https:\/\/club-brands.de\/wp-content\/uploads\/2024\/07\/25.06.2024-15-scaled-e1720515191669-1300x1300.jpg 1300w, https:\/\/club-brands.de\/wp-content\/uploads\/2024\/07\/25.06.2024-15-scaled-e1720515191669.jpg 1548w\" sizes=\"(max-width: 1024px) 100vw, 1024px\" \/>\t\t\t\t\t\t\t\t\t\t\t\t\t\t\t<\/div>\n\t\t\t\t<\/div>\n\t\t\t\t<div class=\"elementor-element elementor-element-bd5b649 elementor-widget elementor-widget-image\" data-id=\"bd5b649\" data-element_type=\"widget\" data-widget_type=\"image.default\">\n\t\t\t\t<div class=\"elementor-widget-container\">\n\t\t\t\t\t\t\t\t\t\t\t\t\t\t\t<img decoding=\"async\" width=\"1024\" height=\"1024\" src=\"https:\/\/club-brands.de\/wp-content\/uploads\/2023\/05\/Kachel-1-Logistik-1024x1024.jpg\" class=\"attachment-large size-large wp-image-10371\" alt=\"\" srcset=\"https:\/\/club-brands.de\/wp-content\/uploads\/2023\/05\/Kachel-1-Logistik-1024x1024.jpg 1024w, https:\/\/club-brands.de\/wp-content\/uploads\/2023\/05\/Kachel-1-Logistik-300x300.jpg 300w, https:\/\/club-brands.de\/wp-content\/uploads\/2023\/05\/Kachel-1-Logistik-150x150.jpg 150w, https:\/\/club-brands.de\/wp-content\/uploads\/2023\/05\/Kachel-1-Logistik-768x768.jpg 768w, https:\/\/club-brands.de\/wp-content\/uploads\/2023\/05\/Kachel-1-Logistik-1536x1536.jpg 1536w, https:\/\/club-brands.de\/wp-content\/uploads\/2023\/05\/Kachel-1-Logistik-2048x2048.jpg 2048w, https:\/\/club-brands.de\/wp-content\/uploads\/2023\/05\/Kachel-1-Logistik-12x12.jpg 12w, https:\/\/club-brands.de\/wp-content\/uploads\/2023\/05\/Kachel-1-Logistik-650x650.jpg 650w, https:\/\/club-brands.de\/wp-content\/uploads\/2023\/05\/Kachel-1-Logistik-1300x1300.jpg 1300w\" sizes=\"(max-width: 1024px) 100vw, 1024px\" \/>\t\t\t\t\t\t\t\t\t\t\t\t\t\t\t<\/div>\n\t\t\t\t<\/div>\n\t\t\t\t<div class=\"elementor-element elementor-element-135dd86 elementor-widget elementor-widget-image\" data-id=\"135dd86\" data-element_type=\"widget\" data-widget_type=\"image.default\">\n\t\t\t\t<div class=\"elementor-widget-container\">\n\t\t\t\t\t\t\t\t\t\t\t\t\t\t\t<img loading=\"lazy\" decoding=\"async\" width=\"1024\" height=\"1024\" src=\"https:\/\/club-brands.de\/wp-content\/uploads\/2023\/05\/Kachel-3-Logistik-1024x1024.jpg\" class=\"attachment-large size-large wp-image-10373\" alt=\"\" srcset=\"https:\/\/club-brands.de\/wp-content\/uploads\/2023\/05\/Kachel-3-Logistik-1024x1024.jpg 1024w, https:\/\/club-brands.de\/wp-content\/uploads\/2023\/05\/Kachel-3-Logistik-300x300.jpg 300w, https:\/\/club-brands.de\/wp-content\/uploads\/2023\/05\/Kachel-3-Logistik-150x150.jpg 150w, https:\/\/club-brands.de\/wp-content\/uploads\/2023\/05\/Kachel-3-Logistik-768x768.jpg 768w, https:\/\/club-brands.de\/wp-content\/uploads\/2023\/05\/Kachel-3-Logistik-1536x1536.jpg 1536w, https:\/\/club-brands.de\/wp-content\/uploads\/2023\/05\/Kachel-3-Logistik-2048x2048.jpg 2048w, https:\/\/club-brands.de\/wp-content\/uploads\/2023\/05\/Kachel-3-Logistik-12x12.jpg 12w, https:\/\/club-brands.de\/wp-content\/uploads\/2023\/05\/Kachel-3-Logistik-650x650.jpg 650w, https:\/\/club-brands.de\/wp-content\/uploads\/2023\/05\/Kachel-3-Logistik-1300x1300.jpg 1300w\" sizes=\"(max-width: 1024px) 100vw, 1024px\" \/>\t\t\t\t\t\t\t\t\t\t\t\t\t\t\t<\/div>\n\t\t\t\t<\/div>\n\t\t\t\t<\/div>\n\t\t\t\t<\/div>","protected":false},"excerpt":{"rendered":"<p>Langj\u00e4hrige Erfahrung und weitreichende Logistikexpertise f\u00fcr schnelle und effiziente Lieferungen Logistik Mit unserer hauseigenen Logistik auf \u00fcber 3000 m\u00b2 Lagerfl\u00e4che und einem kompetenten und zuverl\u00e4ssigen Team halten wir die F\u00e4den selbst in der Hand. So punkten wir im Skincare &amp; Parf\u00fcm Vertrieb mit schnellstm\u00f6glichem Versand innerhalb der D\/A\/CH-Region von 1-2 Werktagen. Wir sind stolz darauf, [&hellip;]<\/p>","protected":false},"author":7,"featured_media":0,"parent":7725,"menu_order":0,"comment_status":"closed","ping_status":"closed","template":"page-full-width.php","meta":{"_acf_changed":false,"footnotes":""},"class_list":["post-10359","page","type-page","status-publish","hentry"],"acf":[],"yoast_head":"<!-- This site is optimized with the Yoast SEO plugin v24.1 - https:\/\/yoast.com\/wordpress\/plugins\/seo\/ -->\n<title>Logistik - Wir sind Ihre Spezialisten im Skincare &amp; Parf\u00fcm Vertrieb<\/title>\n<meta name=\"description\" content=\"Profitieren Sie von unserer Logistikexpertise f\u00fcr schnelle und effiziente Lieferungen. Mit unserem weitreichenden Netzwerk und modernen Technologien bleiben Ihre Waren immer auf Kurs. \u2713\" \/>\n<meta name=\"robots\" content=\"index, follow, max-snippet:-1, max-image-preview:large, max-video-preview:-1\" \/>\n<link rel=\"canonical\" href=\"https:\/\/club-brands.de\/en\/skill\/logistics\/\" \/>\n<meta property=\"og:locale\" content=\"en_US\" \/>\n<meta property=\"og:type\" content=\"article\" \/>\n<meta property=\"og:title\" content=\"Logistik - Wir sind Ihre Spezialisten im Skincare &amp; Parf\u00fcm Vertrieb\" \/>\n<meta property=\"og:description\" content=\"Profitieren Sie von unserer Logistikexpertise f\u00fcr schnelle und effiziente Lieferungen. Mit unserem weitreichenden Netzwerk und modernen Technologien bleiben Ihre Waren immer auf Kurs. \u2713\" \/>\n<meta property=\"og:url\" content=\"https:\/\/club-brands.de\/en\/skill\/logistics\/\" \/>\n<meta property=\"og:site_name\" content=\"Club Unique Brands\" \/>\n<meta property=\"article:modified_time\" content=\"2025-10-02T13:44:28+00:00\" \/>\n<meta property=\"og:image\" content=\"https:\/\/club-brands.de\/wp-content\/uploads\/2023\/05\/Thumbnail-Logistik-1024x573.jpg\" \/>\n<meta name=\"twitter:card\" content=\"summary_large_image\" \/>\n<meta name=\"twitter:label1\" content=\"Est. reading time\" \/>\n\t<meta name=\"twitter:data1\" content=\"2 minutes\" \/>\n<script type=\"application\/ld+json\" class=\"yoast-schema-graph\">{\"@context\":\"https:\/\/schema.org\",\"@graph\":[{\"@type\":\"WebPage\",\"@id\":\"https:\/\/club-brands.de\/kompetenzen\/logistik\/\",\"url\":\"https:\/\/club-brands.de\/kompetenzen\/logistik\/\",\"name\":\"Logistik - Wir sind Ihre Spezialisten im Skincare & Parf\u00fcm Vertrieb\",\"isPartOf\":{\"@id\":\"https:\/\/club-brands.de\/en\/#website\"},\"primaryImageOfPage\":{\"@id\":\"https:\/\/club-brands.de\/kompetenzen\/logistik\/#primaryimage\"},\"image\":{\"@id\":\"https:\/\/club-brands.de\/kompetenzen\/logistik\/#primaryimage\"},\"thumbnailUrl\":\"https:\/\/club-brands.de\/wp-content\/uploads\/2023\/05\/Thumbnail-Logistik-1024x573.jpg\",\"datePublished\":\"2023-05-10T08:00:17+00:00\",\"dateModified\":\"2025-10-02T13:44:28+00:00\",\"description\":\"Profitieren Sie von unserer Logistikexpertise f\u00fcr schnelle und effiziente Lieferungen. Mit unserem weitreichenden Netzwerk und modernen Technologien bleiben Ihre Waren immer auf Kurs. \u2713\",\"breadcrumb\":{\"@id\":\"https:\/\/club-brands.de\/kompetenzen\/logistik\/#breadcrumb\"},\"inLanguage\":\"en-US\",\"potentialAction\":[{\"@type\":\"ReadAction\",\"target\":[\"https:\/\/club-brands.de\/kompetenzen\/logistik\/\"]}]},{\"@type\":\"ImageObject\",\"inLanguage\":\"en-US\",\"@id\":\"https:\/\/club-brands.de\/kompetenzen\/logistik\/#primaryimage\",\"url\":\"https:\/\/club-brands.de\/wp-content\/uploads\/2023\/05\/Thumbnail-Logistik-1024x573.jpg\",\"contentUrl\":\"https:\/\/club-brands.de\/wp-content\/uploads\/2023\/05\/Thumbnail-Logistik-1024x573.jpg\"},{\"@type\":\"BreadcrumbList\",\"@id\":\"https:\/\/club-brands.de\/kompetenzen\/logistik\/#breadcrumb\",\"itemListElement\":[{\"@type\":\"ListItem\",\"position\":1,\"name\":\"Home\",\"item\":\"https:\/\/club-brands.de\/en\/\"},{\"@type\":\"ListItem\",\"position\":2,\"name\":\"Kompetenzen\",\"item\":\"https:\/\/club-brands.de\/en\/skill\/\"},{\"@type\":\"ListItem\",\"position\":3,\"name\":\"Logistik\"}]},{\"@type\":\"WebSite\",\"@id\":\"https:\/\/club-brands.de\/en\/#website\",\"url\":\"https:\/\/club-brands.de\/en\/\",\"name\":\"Club Unique Brands\",\"description\":\"\",\"potentialAction\":[{\"@type\":\"SearchAction\",\"target\":{\"@type\":\"EntryPoint\",\"urlTemplate\":\"https:\/\/club-brands.de\/en\/?s={search_term_string}\"},\"query-input\":{\"@type\":\"PropertyValueSpecification\",\"valueRequired\":true,\"valueName\":\"search_term_string\"}}],\"inLanguage\":\"en-US\"}]}<\/script>\n<!-- \/ Yoast SEO plugin. -->","yoast_head_json":{"title":"Logistik - Wir sind Ihre Spezialisten im Skincare & Parf\u00fcm Vertrieb","description":"Profitieren Sie von unserer Logistikexpertise f\u00fcr schnelle und effiziente Lieferungen. Mit unserem weitreichenden Netzwerk und modernen Technologien bleiben Ihre Waren immer auf Kurs. \u2713","robots":{"index":"index","follow":"follow","max-snippet":"max-snippet:-1","max-image-preview":"max-image-preview:large","max-video-preview":"max-video-preview:-1"},"canonical":"https:\/\/club-brands.de\/en\/skill\/logistics\/","og_locale":"en_US","og_type":"article","og_title":"Logistik - Wir sind Ihre Spezialisten im Skincare & Parf\u00fcm Vertrieb","og_description":"Profitieren Sie von unserer Logistikexpertise f\u00fcr schnelle und effiziente Lieferungen. Mit unserem weitreichenden Netzwerk und modernen Technologien bleiben Ihre Waren immer auf Kurs. \u2713","og_url":"https:\/\/club-brands.de\/en\/skill\/logistics\/","og_site_name":"Club Unique Brands","article_modified_time":"2025-10-02T13:44:28+00:00","og_image":[{"url":"https:\/\/club-brands.de\/wp-content\/uploads\/2023\/05\/Thumbnail-Logistik-1024x573.jpg","type":"","width":"","height":""}],"twitter_card":"summary_large_image","twitter_misc":{"Est. reading time":"2 minutes"},"schema":{"@context":"https:\/\/schema.org","@graph":[{"@type":"WebPage","@id":"https:\/\/club-brands.de\/kompetenzen\/logistik\/","url":"https:\/\/club-brands.de\/kompetenzen\/logistik\/","name":"Logistik - Wir sind Ihre Spezialisten im Skincare & Parf\u00fcm Vertrieb","isPartOf":{"@id":"https:\/\/club-brands.de\/en\/#website"},"primaryImageOfPage":{"@id":"https:\/\/club-brands.de\/kompetenzen\/logistik\/#primaryimage"},"image":{"@id":"https:\/\/club-brands.de\/kompetenzen\/logistik\/#primaryimage"},"thumbnailUrl":"https:\/\/club-brands.de\/wp-content\/uploads\/2023\/05\/Thumbnail-Logistik-1024x573.jpg","datePublished":"2023-05-10T08:00:17+00:00","dateModified":"2025-10-02T13:44:28+00:00","description":"Profitieren Sie von unserer Logistikexpertise f\u00fcr schnelle und effiziente Lieferungen. Mit unserem weitreichenden Netzwerk und modernen Technologien bleiben Ihre Waren immer auf Kurs. \u2713","breadcrumb":{"@id":"https:\/\/club-brands.de\/kompetenzen\/logistik\/#breadcrumb"},"inLanguage":"en-US","potentialAction":[{"@type":"ReadAction","target":["https:\/\/club-brands.de\/kompetenzen\/logistik\/"]}]},{"@type":"ImageObject","inLanguage":"en-US","@id":"https:\/\/club-brands.de\/kompetenzen\/logistik\/#primaryimage","url":"https:\/\/club-brands.de\/wp-content\/uploads\/2023\/05\/Thumbnail-Logistik-1024x573.jpg","contentUrl":"https:\/\/club-brands.de\/wp-content\/uploads\/2023\/05\/Thumbnail-Logistik-1024x573.jpg"},{"@type":"BreadcrumbList","@id":"https:\/\/club-brands.de\/kompetenzen\/logistik\/#breadcrumb","itemListElement":[{"@type":"ListItem","position":1,"name":"Home","item":"https:\/\/club-brands.de\/en\/"},{"@type":"ListItem","position":2,"name":"Kompetenzen","item":"https:\/\/club-brands.de\/en\/skill\/"},{"@type":"ListItem","position":3,"name":"Logistik"}]},{"@type":"WebSite","@id":"https:\/\/club-brands.de\/en\/#website","url":"https:\/\/club-brands.de\/en\/","name":"Club Unique Brands","description":"","potentialAction":[{"@type":"SearchAction","target":{"@type":"EntryPoint","urlTemplate":"https:\/\/club-brands.de\/en\/?s={search_term_string}"},"query-input":{"@type":"PropertyValueSpecification","valueRequired":true,"valueName":"search_term_string"}}],"inLanguage":"en-US"}]}},"_links":{"self":[{"href":"https:\/\/club-brands.de\/en\/wp-json\/wp\/v2\/pages\/10359","targetHints":{"allow":["GET"]}}],"collection":[{"href":"https:\/\/club-brands.de\/en\/wp-json\/wp\/v2\/pages"}],"about":[{"href":"https:\/\/club-brands.de\/en\/wp-json\/wp\/v2\/types\/page"}],"author":[{"embeddable":true,"href":"https:\/\/club-brands.de\/en\/wp-json\/wp\/v2\/users\/7"}],"replies":[{"embeddable":true,"href":"https:\/\/club-brands.de\/en\/wp-json\/wp\/v2\/comments?post=10359"}],"version-history":[{"count":29,"href":"https:\/\/club-brands.de\/en\/wp-json\/wp\/v2\/pages\/10359\/revisions"}],"predecessor-version":[{"id":11743,"href":"https:\/\/club-brands.de\/en\/wp-json\/wp\/v2\/pages\/10359\/revisions\/11743"}],"up":[{"embeddable":true,"href":"https:\/\/club-brands.de\/en\/wp-json\/wp\/v2\/pages\/7725"}],"wp:attachment":[{"href":"https:\/\/club-brands.de\/en\/wp-json\/wp\/v2\/media?parent=10359"}],"curies":[{"name":"wp","href":"https:\/\/api.w.org\/{rel}","templated":true}]}}