{"id":10272,"date":"2023-04-03T16:37:04","date_gmt":"2023-04-03T14:37:04","guid":{"rendered":"https:\/\/club-brands.de\/?page_id=10272"},"modified":"2025-10-02T15:42:47","modified_gmt":"2025-10-02T13:42:47","slug":"marketing","status":"publish","type":"page","link":"https:\/\/club-brands.de\/en\/skill\/marketing\/","title":{"rendered":"Marketing"},"content":{"rendered":"<div data-elementor-type=\"wp-page\" data-elementor-id=\"10272\" class=\"elementor elementor-10272\" data-elementor-post-type=\"page\">\n\t\t\t\t\t\t<section data-dce-background-image-url=\"https:\/\/club-brands.de\/wp-content\/uploads\/2025\/10\/6965-chaerry-Club-Unique-Brands-2023-scaled-e1759412418985.jpg\" class=\"elementor-section elementor-top-section elementor-element elementor-element-f9abb50 elementor-section-height-min-height elementor-section-boxed elementor-section-height-default elementor-section-items-middle qodef-elementor-content-no\" data-id=\"f9abb50\" data-element_type=\"section\" data-settings=\"{&quot;background_background&quot;:&quot;classic&quot;}\">\n\t\t\t\t\t\t<div class=\"elementor-container elementor-column-gap-default\">\n\t\t\t\t\t<div data-dce-background-color=\"#00000073\" class=\"elementor-column elementor-col-100 elementor-top-column elementor-element elementor-element-6d4d29e\" data-id=\"6d4d29e\" data-element_type=\"column\" data-settings=\"{&quot;background_background&quot;:&quot;classic&quot;}\">\n\t\t\t<div class=\"elementor-widget-wrap elementor-element-populated\">\n\t\t\t\t\t\t<div class=\"elementor-element elementor-element-478f31a elementor-widget elementor-widget-heading\" data-id=\"478f31a\" data-element_type=\"widget\" data-widget_type=\"heading.default\">\n\t\t\t\t<div class=\"elementor-widget-container\">\n\t\t\t\t\t<h1 class=\"elementor-heading-title elementor-size-default\">Marketing<\/h1>\t\t\t\t<\/div>\n\t\t\t\t<\/div>\n\t\t\t\t<div class=\"elementor-element elementor-element-f18d85b elementor-widget elementor-widget-heading\" data-id=\"f18d85b\" data-element_type=\"widget\" data-widget_type=\"heading.default\">\n\t\t\t\t<div class=\"elementor-widget-container\">\n\t\t\t\t\t<h2 class=\"elementor-heading-title elementor-size-default\">Many years of experience and a large network in skincare &amp; perfume distribution<\/h2>\t\t\t\t<\/div>\n\t\t\t\t<\/div>\n\t\t\t\t\t<\/div>\n\t\t<\/div>\n\t\t\t\t\t<\/div>\n\t\t<\/section>\n\t\t\t\t<section class=\"elementor-section elementor-top-section elementor-element elementor-element-832a406 elementor-section-boxed elementor-section-height-default elementor-section-height-default qodef-elementor-content-no\" data-id=\"832a406\" data-element_type=\"section\">\n\t\t\t\t\t\t<div class=\"elementor-container elementor-column-gap-default\">\n\t\t\t\t\t<div class=\"elementor-column elementor-col-50 elementor-top-column elementor-element elementor-element-35d7c22 qodef-custom-appear-right\" data-id=\"35d7c22\" data-element_type=\"column\">\n\t\t\t<div class=\"elementor-widget-wrap elementor-element-populated\">\n\t\t\t\t\t\t<div class=\"elementor-element elementor-element-02e51f0 elementor-widget__width-auto elementor-widget-mobile__width-auto qodef-custom-appear-left elementor-widget elementor-widget-image\" data-id=\"02e51f0\" data-element_type=\"widget\" data-widget_type=\"image.default\">\n\t\t\t\t<div class=\"elementor-widget-container\">\n\t\t\t\t\t\t\t\t\t\t\t\t\t\t\t<img fetchpriority=\"high\" decoding=\"async\" width=\"1067\" height=\"590\" src=\"https:\/\/club-brands.de\/wp-content\/uploads\/2023\/03\/Thumbnail-e1759412485513.jpg\" class=\"attachment-full size-full wp-image-10254\" alt=\"\" srcset=\"https:\/\/club-brands.de\/wp-content\/uploads\/2023\/03\/Thumbnail-e1759412485513.jpg 1067w, https:\/\/club-brands.de\/wp-content\/uploads\/2023\/03\/Thumbnail-e1759412485513-300x166.jpg 300w, https:\/\/club-brands.de\/wp-content\/uploads\/2023\/03\/Thumbnail-e1759412485513-1024x566.jpg 1024w, https:\/\/club-brands.de\/wp-content\/uploads\/2023\/03\/Thumbnail-e1759412485513-768x425.jpg 768w, https:\/\/club-brands.de\/wp-content\/uploads\/2023\/03\/Thumbnail-e1759412485513-18x10.jpg 18w\" sizes=\"(max-width: 1067px) 100vw, 1067px\" \/>\t\t\t\t\t\t\t\t\t\t\t\t\t\t\t<\/div>\n\t\t\t\t<\/div>\n\t\t\t\t\t<\/div>\n\t\t<\/div>\n\t\t\t\t<div class=\"elementor-column elementor-col-50 elementor-top-column elementor-element elementor-element-42a7e8a\" data-id=\"42a7e8a\" data-element_type=\"column\" data-settings=\"{&quot;background_background&quot;:&quot;classic&quot;}\">\n\t\t\t<div class=\"elementor-widget-wrap elementor-element-populated\">\n\t\t\t\t\t\t<div class=\"elementor-element elementor-element-2358272 elementor-widget-tablet__width-inherit elementor-widget elementor-widget-marra_core_section_title\" data-id=\"2358272\" data-element_type=\"widget\" data-widget_type=\"marra_core_section_title.default\">\n\t\t\t\t<div class=\"elementor-widget-container\">\n\t\t\t\t\t<div class=\"qodef-shortcode qodef-m  qodef-section-title qodef-alignment--center\">\n\t\t<div class=\"qodef-main-content\">\n\t\t\t<h2 class=\"qodef-m-title\" style=\"margin-bottom: 0px;color: #FFFFFF\">\n\t\t\t\t\tMarketing\t\t\t<\/h2>\n\t\t\t<p class=\"qodef-m-text\" style=\"margin-top: 22px;color: #FFFFFF\">We strive every day to come up with innovative ideas and concepts to represent our brands in the best possible way. We visualise and convey the passion for our work in every activity. Our marketing team always strives to provide 360\u00b0 support to all partners in a special and unique way.<\/p>\n\t<\/div>\n<\/div>\t\t\t\t<\/div>\n\t\t\t\t<\/div>\n\t\t\t\t\t<\/div>\n\t\t<\/div>\n\t\t\t\t\t<\/div>\n\t\t<\/section>\n\t\t<div class=\"elementor-element elementor-element-f465e91 e-flex e-con-boxed e-con e-parent\" data-id=\"f465e91\" data-element_type=\"container\">\n\t\t\t\t\t<div class=\"e-con-inner\">\n\t\t\t\t<div class=\"elementor-element elementor-element-135dd86 elementor-widget elementor-widget-image\" data-id=\"135dd86\" data-element_type=\"widget\" data-widget_type=\"image.default\">\n\t\t\t\t<div class=\"elementor-widget-container\">\n\t\t\t\t\t\t\t\t\t\t\t\t\t\t\t<img decoding=\"async\" width=\"1024\" height=\"1024\" src=\"https:\/\/club-brands.de\/wp-content\/uploads\/2023\/03\/Kachel-3-1024x1024.jpg\" class=\"attachment-large size-large wp-image-10260\" alt=\"\" srcset=\"https:\/\/club-brands.de\/wp-content\/uploads\/2023\/03\/Kachel-3-1024x1024.jpg 1024w, https:\/\/club-brands.de\/wp-content\/uploads\/2023\/03\/Kachel-3-300x300.jpg 300w, https:\/\/club-brands.de\/wp-content\/uploads\/2023\/03\/Kachel-3-150x150.jpg 150w, https:\/\/club-brands.de\/wp-content\/uploads\/2023\/03\/Kachel-3-768x768.jpg 768w, https:\/\/club-brands.de\/wp-content\/uploads\/2023\/03\/Kachel-3-12x12.jpg 12w, https:\/\/club-brands.de\/wp-content\/uploads\/2023\/03\/Kachel-3-650x650.jpg 650w, https:\/\/club-brands.de\/wp-content\/uploads\/2023\/03\/Kachel-3-1300x1300.jpg 1300w, https:\/\/club-brands.de\/wp-content\/uploads\/2023\/03\/Kachel-3.jpg 1500w\" sizes=\"(max-width: 1024px) 100vw, 1024px\" \/>\t\t\t\t\t\t\t\t\t\t\t\t\t\t\t<\/div>\n\t\t\t\t<\/div>\n\t\t\t\t<div class=\"elementor-element elementor-element-bd5b649 elementor-widget elementor-widget-image\" data-id=\"bd5b649\" data-element_type=\"widget\" data-widget_type=\"image.default\">\n\t\t\t\t<div class=\"elementor-widget-container\">\n\t\t\t\t\t\t\t\t\t\t\t\t\t\t\t<img decoding=\"async\" width=\"1024\" height=\"1024\" src=\"https:\/\/club-brands.de\/wp-content\/uploads\/2025\/10\/6948-chaerry-Club-Unique-Brands-2023-scaled-e1759408905815-1024x1024.jpg\" class=\"attachment-large size-large wp-image-11708\" alt=\"\" srcset=\"https:\/\/club-brands.de\/wp-content\/uploads\/2025\/10\/6948-chaerry-Club-Unique-Brands-2023-scaled-e1759408905815-1024x1024.jpg 1024w, https:\/\/club-brands.de\/wp-content\/uploads\/2025\/10\/6948-chaerry-Club-Unique-Brands-2023-scaled-e1759408905815-300x300.jpg 300w, https:\/\/club-brands.de\/wp-content\/uploads\/2025\/10\/6948-chaerry-Club-Unique-Brands-2023-scaled-e1759408905815-150x150.jpg 150w, https:\/\/club-brands.de\/wp-content\/uploads\/2025\/10\/6948-chaerry-Club-Unique-Brands-2023-scaled-e1759408905815-768x768.jpg 768w, https:\/\/club-brands.de\/wp-content\/uploads\/2025\/10\/6948-chaerry-Club-Unique-Brands-2023-scaled-e1759408905815-1536x1536.jpg 1536w, https:\/\/club-brands.de\/wp-content\/uploads\/2025\/10\/6948-chaerry-Club-Unique-Brands-2023-scaled-e1759408905815-12x12.jpg 12w, https:\/\/club-brands.de\/wp-content\/uploads\/2025\/10\/6948-chaerry-Club-Unique-Brands-2023-scaled-e1759408905815-650x650.jpg 650w, https:\/\/club-brands.de\/wp-content\/uploads\/2025\/10\/6948-chaerry-Club-Unique-Brands-2023-scaled-e1759408905815-1300x1300.jpg 1300w, https:\/\/club-brands.de\/wp-content\/uploads\/2025\/10\/6948-chaerry-Club-Unique-Brands-2023-scaled-e1759408905815.jpg 1706w\" sizes=\"(max-width: 1024px) 100vw, 1024px\" \/>\t\t\t\t\t\t\t\t\t\t\t\t\t\t\t<\/div>\n\t\t\t\t<\/div>\n\t\t\t\t<div class=\"elementor-element elementor-element-92c420b elementor-widget elementor-widget-image\" data-id=\"92c420b\" data-element_type=\"widget\" data-widget_type=\"image.default\">\n\t\t\t\t<div class=\"elementor-widget-container\">\n\t\t\t\t\t\t\t\t\t\t\t\t\t\t\t<img loading=\"lazy\" decoding=\"async\" width=\"1024\" height=\"1024\" src=\"https:\/\/club-brands.de\/wp-content\/uploads\/2023\/07\/7057-chaerry-Club-Unique-Brands-2023_1.jpg\" class=\"attachment-large size-large wp-image-10508\" alt=\"\" srcset=\"https:\/\/club-brands.de\/wp-content\/uploads\/2023\/07\/7057-chaerry-Club-Unique-Brands-2023_1.jpg 1024w, https:\/\/club-brands.de\/wp-content\/uploads\/2023\/07\/7057-chaerry-Club-Unique-Brands-2023_1-300x300.jpg 300w, https:\/\/club-brands.de\/wp-content\/uploads\/2023\/07\/7057-chaerry-Club-Unique-Brands-2023_1-150x150.jpg 150w, https:\/\/club-brands.de\/wp-content\/uploads\/2023\/07\/7057-chaerry-Club-Unique-Brands-2023_1-768x768.jpg 768w, https:\/\/club-brands.de\/wp-content\/uploads\/2023\/07\/7057-chaerry-Club-Unique-Brands-2023_1-12x12.jpg 12w, https:\/\/club-brands.de\/wp-content\/uploads\/2023\/07\/7057-chaerry-Club-Unique-Brands-2023_1-650x650.jpg 650w\" sizes=\"(max-width: 1024px) 100vw, 1024px\" \/>\t\t\t\t\t\t\t\t\t\t\t\t\t\t\t<\/div>\n\t\t\t\t<\/div>\n\t\t\t\t\t<\/div>\n\t\t\t\t<\/div>\n\t\t\t\t<section class=\"elementor-section elementor-top-section elementor-element elementor-element-f9db5e3 elementor-section-boxed elementor-section-height-default elementor-section-height-default qodef-elementor-content-no\" data-id=\"f9db5e3\" data-element_type=\"section\">\n\t\t\t\t\t\t<div class=\"elementor-container elementor-column-gap-default\">\n\t\t\t\t\t<div class=\"elementor-column elementor-col-100 elementor-top-column elementor-element elementor-element-af6daaf\" data-id=\"af6daaf\" data-element_type=\"column\">\n\t\t\t<div class=\"elementor-widget-wrap elementor-element-populated\">\n\t\t\t\t\t\t<div class=\"elementor-element elementor-element-a9fe963 elementor-widget elementor-widget-heading\" data-id=\"a9fe963\" data-element_type=\"widget\" data-widget_type=\"heading.default\">\n\t\t\t\t<div class=\"elementor-widget-container\">\n\t\t\t\t\t<h2 class=\"elementor-heading-title elementor-size-default\">Our areas<\/h2>\t\t\t\t<\/div>\n\t\t\t\t<\/div>\n\t\t\t\t\t<\/div>\n\t\t<\/div>\n\t\t\t\t\t<\/div>\n\t\t<\/section>\n\t\t\t\t<section class=\"elementor-section elementor-top-section elementor-element elementor-element-3493b46 elementor-section-content-middle elementor-section-boxed elementor-section-height-default elementor-section-height-default qodef-elementor-content-no\" data-id=\"3493b46\" data-element_type=\"section\">\n\t\t\t\t\t\t<div class=\"elementor-container elementor-column-gap-default\">\n\t\t\t\t\t<div data-dce-background-color=\"#000000\" class=\"elementor-column elementor-col-25 elementor-top-column elementor-element elementor-element-59c7f84\" data-id=\"59c7f84\" data-element_type=\"column\" data-settings=\"{&quot;background_background&quot;:&quot;classic&quot;}\">\n\t\t\t<div class=\"elementor-widget-wrap elementor-element-populated\">\n\t\t\t\t\t\t<div class=\"elementor-element elementor-element-12379c5 elementor-widget elementor-widget-heading\" data-id=\"12379c5\" data-element_type=\"widget\" data-widget_type=\"heading.default\">\n\t\t\t\t<div class=\"elementor-widget-container\">\n\t\t\t\t\t<h2 class=\"elementor-heading-title elementor-size-default\">Launch <br>Events<\/h2>\t\t\t\t<\/div>\n\t\t\t\t<\/div>\n\t\t\t\t\t<\/div>\n\t\t<\/div>\n\t\t\t\t<div data-dce-background-color=\"#000000\" class=\"elementor-column elementor-col-25 elementor-top-column elementor-element elementor-element-dc5949b\" data-id=\"dc5949b\" data-element_type=\"column\" data-settings=\"{&quot;background_background&quot;:&quot;classic&quot;}\">\n\t\t\t<div class=\"elementor-widget-wrap elementor-element-populated\">\n\t\t\t\t\t\t<div class=\"elementor-element elementor-element-42aadb2 elementor-widget elementor-widget-heading\" data-id=\"42aadb2\" data-element_type=\"widget\" data-widget_type=\"heading.default\">\n\t\t\t\t<div class=\"elementor-widget-container\">\n\t\t\t\t\t<h2 class=\"elementor-heading-title elementor-size-default\">Pop-Up <br>Areas<\/h2>\t\t\t\t<\/div>\n\t\t\t\t<\/div>\n\t\t\t\t\t<\/div>\n\t\t<\/div>\n\t\t\t\t<div data-dce-background-color=\"#000000\" class=\"elementor-column elementor-col-25 elementor-top-column elementor-element elementor-element-8825152\" data-id=\"8825152\" data-element_type=\"column\" data-settings=\"{&quot;background_background&quot;:&quot;classic&quot;}\">\n\t\t\t<div class=\"elementor-widget-wrap elementor-element-populated\">\n\t\t\t\t\t\t<div class=\"elementor-element elementor-element-5efd13c elementor-widget elementor-widget-heading\" data-id=\"5efd13c\" data-element_type=\"widget\" data-widget_type=\"heading.default\">\n\t\t\t\t<div class=\"elementor-widget-container\">\n\t\t\t\t\t<h2 class=\"elementor-heading-title elementor-size-default\">Social <br>Media<\/h2>\t\t\t\t<\/div>\n\t\t\t\t<\/div>\n\t\t\t\t\t<\/div>\n\t\t<\/div>\n\t\t\t\t<div data-dce-background-color=\"#000000\" class=\"elementor-column elementor-col-25 elementor-top-column elementor-element elementor-element-6421e4e\" data-id=\"6421e4e\" data-element_type=\"column\" data-settings=\"{&quot;background_background&quot;:&quot;classic&quot;}\">\n\t\t\t<div class=\"elementor-widget-wrap elementor-element-populated\">\n\t\t\t\t\t\t<div class=\"elementor-element elementor-element-29a6fa3 elementor-widget elementor-widget-heading\" data-id=\"29a6fa3\" data-element_type=\"widget\" data-widget_type=\"heading.default\">\n\t\t\t\t<div class=\"elementor-widget-container\">\n\t\t\t\t\t<h2 class=\"elementor-heading-title elementor-size-default\">Press<\/h2>\t\t\t\t<\/div>\n\t\t\t\t<\/div>\n\t\t\t\t\t<\/div>\n\t\t<\/div>\n\t\t\t\t\t<\/div>\n\t\t<\/section>\n\t\t\t\t<\/div>","protected":false},"excerpt":{"rendered":"<p>Langj\u00e4hrge Erfahrung und ein gro\u00dfes Netzwerk im Skincare &amp; Parf\u00fcm Vertrieb Marketing Wir bem\u00fchen uns jeden Tag aufs Neue und versuchen innovative Ideen und Konzepte herauszuarbeiten, um unsere Marken bestm\u00f6glich zu repr\u00e4sentieren. Wir visualisieren und transportieren die Leidenschaft f\u00fcr unsere Arbeit bei jeder Aktivit\u00e4t. Unser Marketingteam bem\u00fcht sich stets darum, auf besondere und einzigartige Weise [&hellip;]<\/p>","protected":false},"author":7,"featured_media":0,"parent":7725,"menu_order":0,"comment_status":"closed","ping_status":"closed","template":"page-full-width.php","meta":{"_acf_changed":false,"footnotes":""},"class_list":["post-10272","page","type-page","status-publish","hentry"],"acf":[],"yoast_head":"<!-- This site is optimized with the Yoast SEO plugin v24.1 - https:\/\/yoast.com\/wordpress\/plugins\/seo\/ -->\n<title>Marketing - Wir sind Ihre Spezialisten im Skincare &amp; Parf\u00fcm Vertrieb<\/title>\n<meta name=\"description\" content=\"Wir entwickeln digitale Trainingskonzepte und Schulungen f\u00fcr unsere Kunden. Dabei entstehen POS-Aktionen sowie Strategien, die wir individuell auf die aktuellen Bed\u00fcrfnisse abstimmen. \u2713\" \/>\n<meta name=\"robots\" content=\"index, follow, max-snippet:-1, max-image-preview:large, max-video-preview:-1\" \/>\n<link rel=\"canonical\" href=\"https:\/\/club-brands.de\/en\/skill\/marketing\/\" \/>\n<meta property=\"og:locale\" content=\"en_US\" \/>\n<meta property=\"og:type\" content=\"article\" \/>\n<meta property=\"og:title\" content=\"Marketing - Wir sind Ihre Spezialisten im Skincare &amp; Parf\u00fcm Vertrieb\" \/>\n<meta property=\"og:description\" content=\"Wir entwickeln digitale Trainingskonzepte und Schulungen f\u00fcr unsere Kunden. Dabei entstehen POS-Aktionen sowie Strategien, die wir individuell auf die aktuellen Bed\u00fcrfnisse abstimmen. \u2713\" \/>\n<meta property=\"og:url\" content=\"https:\/\/club-brands.de\/en\/skill\/marketing\/\" \/>\n<meta property=\"og:site_name\" content=\"Club Unique Brands\" \/>\n<meta property=\"article:modified_time\" content=\"2025-10-02T13:42:47+00:00\" \/>\n<meta property=\"og:image\" content=\"https:\/\/club-brands.de\/wp-content\/uploads\/2023\/03\/Thumbnail-e1759412485513.jpg\" \/>\n<meta name=\"twitter:card\" content=\"summary_large_image\" \/>\n<meta name=\"twitter:label1\" content=\"Est. reading time\" \/>\n\t<meta name=\"twitter:data1\" content=\"2 minutes\" \/>\n<script type=\"application\/ld+json\" class=\"yoast-schema-graph\">{\"@context\":\"https:\/\/schema.org\",\"@graph\":[{\"@type\":\"WebPage\",\"@id\":\"https:\/\/club-brands.de\/kompetenzen\/marketing\/\",\"url\":\"https:\/\/club-brands.de\/kompetenzen\/marketing\/\",\"name\":\"Marketing - Wir sind Ihre Spezialisten im Skincare & Parf\u00fcm Vertrieb\",\"isPartOf\":{\"@id\":\"https:\/\/club-brands.de\/en\/#website\"},\"primaryImageOfPage\":{\"@id\":\"https:\/\/club-brands.de\/kompetenzen\/marketing\/#primaryimage\"},\"image\":{\"@id\":\"https:\/\/club-brands.de\/kompetenzen\/marketing\/#primaryimage\"},\"thumbnailUrl\":\"https:\/\/club-brands.de\/wp-content\/uploads\/2023\/03\/Thumbnail-e1759412485513.jpg\",\"datePublished\":\"2023-04-03T14:37:04+00:00\",\"dateModified\":\"2025-10-02T13:42:47+00:00\",\"description\":\"Wir entwickeln digitale Trainingskonzepte und Schulungen f\u00fcr unsere Kunden. Dabei entstehen POS-Aktionen sowie Strategien, die wir individuell auf die aktuellen Bed\u00fcrfnisse abstimmen. \u2713\",\"breadcrumb\":{\"@id\":\"https:\/\/club-brands.de\/kompetenzen\/marketing\/#breadcrumb\"},\"inLanguage\":\"en-US\",\"potentialAction\":[{\"@type\":\"ReadAction\",\"target\":[\"https:\/\/club-brands.de\/kompetenzen\/marketing\/\"]}]},{\"@type\":\"ImageObject\",\"inLanguage\":\"en-US\",\"@id\":\"https:\/\/club-brands.de\/kompetenzen\/marketing\/#primaryimage\",\"url\":\"https:\/\/club-brands.de\/wp-content\/uploads\/2023\/03\/Thumbnail-e1759412485513.jpg\",\"contentUrl\":\"https:\/\/club-brands.de\/wp-content\/uploads\/2023\/03\/Thumbnail-e1759412485513.jpg\"},{\"@type\":\"BreadcrumbList\",\"@id\":\"https:\/\/club-brands.de\/kompetenzen\/marketing\/#breadcrumb\",\"itemListElement\":[{\"@type\":\"ListItem\",\"position\":1,\"name\":\"Home\",\"item\":\"https:\/\/club-brands.de\/en\/\"},{\"@type\":\"ListItem\",\"position\":2,\"name\":\"Kompetenzen\",\"item\":\"https:\/\/club-brands.de\/en\/skill\/\"},{\"@type\":\"ListItem\",\"position\":3,\"name\":\"Marketing\"}]},{\"@type\":\"WebSite\",\"@id\":\"https:\/\/club-brands.de\/en\/#website\",\"url\":\"https:\/\/club-brands.de\/en\/\",\"name\":\"Club Unique Brands\",\"description\":\"\",\"potentialAction\":[{\"@type\":\"SearchAction\",\"target\":{\"@type\":\"EntryPoint\",\"urlTemplate\":\"https:\/\/club-brands.de\/en\/?s={search_term_string}\"},\"query-input\":{\"@type\":\"PropertyValueSpecification\",\"valueRequired\":true,\"valueName\":\"search_term_string\"}}],\"inLanguage\":\"en-US\"}]}<\/script>\n<!-- \/ Yoast SEO plugin. -->","yoast_head_json":{"title":"Marketing - Wir sind Ihre Spezialisten im Skincare & Parf\u00fcm Vertrieb","description":"Wir entwickeln digitale Trainingskonzepte und Schulungen f\u00fcr unsere Kunden. Dabei entstehen POS-Aktionen sowie Strategien, die wir individuell auf die aktuellen Bed\u00fcrfnisse abstimmen. \u2713","robots":{"index":"index","follow":"follow","max-snippet":"max-snippet:-1","max-image-preview":"max-image-preview:large","max-video-preview":"max-video-preview:-1"},"canonical":"https:\/\/club-brands.de\/en\/skill\/marketing\/","og_locale":"en_US","og_type":"article","og_title":"Marketing - Wir sind Ihre Spezialisten im Skincare & Parf\u00fcm Vertrieb","og_description":"Wir entwickeln digitale Trainingskonzepte und Schulungen f\u00fcr unsere Kunden. Dabei entstehen POS-Aktionen sowie Strategien, die wir individuell auf die aktuellen Bed\u00fcrfnisse abstimmen. \u2713","og_url":"https:\/\/club-brands.de\/en\/skill\/marketing\/","og_site_name":"Club Unique Brands","article_modified_time":"2025-10-02T13:42:47+00:00","og_image":[{"url":"https:\/\/club-brands.de\/wp-content\/uploads\/2023\/03\/Thumbnail-e1759412485513.jpg","type":"","width":"","height":""}],"twitter_card":"summary_large_image","twitter_misc":{"Est. reading time":"2 minutes"},"schema":{"@context":"https:\/\/schema.org","@graph":[{"@type":"WebPage","@id":"https:\/\/club-brands.de\/kompetenzen\/marketing\/","url":"https:\/\/club-brands.de\/kompetenzen\/marketing\/","name":"Marketing - Wir sind Ihre Spezialisten im Skincare & Parf\u00fcm Vertrieb","isPartOf":{"@id":"https:\/\/club-brands.de\/en\/#website"},"primaryImageOfPage":{"@id":"https:\/\/club-brands.de\/kompetenzen\/marketing\/#primaryimage"},"image":{"@id":"https:\/\/club-brands.de\/kompetenzen\/marketing\/#primaryimage"},"thumbnailUrl":"https:\/\/club-brands.de\/wp-content\/uploads\/2023\/03\/Thumbnail-e1759412485513.jpg","datePublished":"2023-04-03T14:37:04+00:00","dateModified":"2025-10-02T13:42:47+00:00","description":"Wir entwickeln digitale Trainingskonzepte und Schulungen f\u00fcr unsere Kunden. Dabei entstehen POS-Aktionen sowie Strategien, die wir individuell auf die aktuellen Bed\u00fcrfnisse abstimmen. \u2713","breadcrumb":{"@id":"https:\/\/club-brands.de\/kompetenzen\/marketing\/#breadcrumb"},"inLanguage":"en-US","potentialAction":[{"@type":"ReadAction","target":["https:\/\/club-brands.de\/kompetenzen\/marketing\/"]}]},{"@type":"ImageObject","inLanguage":"en-US","@id":"https:\/\/club-brands.de\/kompetenzen\/marketing\/#primaryimage","url":"https:\/\/club-brands.de\/wp-content\/uploads\/2023\/03\/Thumbnail-e1759412485513.jpg","contentUrl":"https:\/\/club-brands.de\/wp-content\/uploads\/2023\/03\/Thumbnail-e1759412485513.jpg"},{"@type":"BreadcrumbList","@id":"https:\/\/club-brands.de\/kompetenzen\/marketing\/#breadcrumb","itemListElement":[{"@type":"ListItem","position":1,"name":"Home","item":"https:\/\/club-brands.de\/en\/"},{"@type":"ListItem","position":2,"name":"Kompetenzen","item":"https:\/\/club-brands.de\/en\/skill\/"},{"@type":"ListItem","position":3,"name":"Marketing"}]},{"@type":"WebSite","@id":"https:\/\/club-brands.de\/en\/#website","url":"https:\/\/club-brands.de\/en\/","name":"Club Unique Brands","description":"","potentialAction":[{"@type":"SearchAction","target":{"@type":"EntryPoint","urlTemplate":"https:\/\/club-brands.de\/en\/?s={search_term_string}"},"query-input":{"@type":"PropertyValueSpecification","valueRequired":true,"valueName":"search_term_string"}}],"inLanguage":"en-US"}]}},"_links":{"self":[{"href":"https:\/\/club-brands.de\/en\/wp-json\/wp\/v2\/pages\/10272","targetHints":{"allow":["GET"]}}],"collection":[{"href":"https:\/\/club-brands.de\/en\/wp-json\/wp\/v2\/pages"}],"about":[{"href":"https:\/\/club-brands.de\/en\/wp-json\/wp\/v2\/types\/page"}],"author":[{"embeddable":true,"href":"https:\/\/club-brands.de\/en\/wp-json\/wp\/v2\/users\/7"}],"replies":[{"embeddable":true,"href":"https:\/\/club-brands.de\/en\/wp-json\/wp\/v2\/comments?post=10272"}],"version-history":[{"count":71,"href":"https:\/\/club-brands.de\/en\/wp-json\/wp\/v2\/pages\/10272\/revisions"}],"predecessor-version":[{"id":11739,"href":"https:\/\/club-brands.de\/en\/wp-json\/wp\/v2\/pages\/10272\/revisions\/11739"}],"up":[{"embeddable":true,"href":"https:\/\/club-brands.de\/en\/wp-json\/wp\/v2\/pages\/7725"}],"wp:attachment":[{"href":"https:\/\/club-brands.de\/en\/wp-json\/wp\/v2\/media?parent=10272"}],"curies":[{"name":"wp","href":"https:\/\/api.w.org\/{rel}","templated":true}]}}