{"id":10099,"date":"2023-02-10T14:59:51","date_gmt":"2023-02-10T13:59:51","guid":{"rendered":"https:\/\/club-brands.de\/?page_id=10099"},"modified":"2024-10-02T13:07:37","modified_gmt":"2024-10-02T11:07:37","slug":"training","status":"publish","type":"page","link":"https:\/\/club-brands.de\/en\/skill\/training\/","title":{"rendered":"Training&amp;Social Selling"},"content":{"rendered":"<div data-elementor-type=\"wp-page\" data-elementor-id=\"10099\" class=\"elementor elementor-10099\" data-elementor-post-type=\"page\">\n\t\t\t\t\t\t<section data-dce-background-image-url=\"https:\/\/club-brands.de\/wp-content\/uploads\/2024\/02\/7890-chaerry-Club-Unique-Brands-2023_1.jpg\" class=\"elementor-section elementor-top-section elementor-element elementor-element-f9abb50 elementor-section-height-min-height elementor-section-boxed elementor-section-height-default elementor-section-items-middle qodef-elementor-content-no\" data-id=\"f9abb50\" data-element_type=\"section\" data-settings=\"{&quot;background_background&quot;:&quot;classic&quot;}\">\n\t\t\t\t\t\t<div class=\"elementor-container elementor-column-gap-default\">\n\t\t\t\t\t<div data-dce-background-color=\"#00000073\" class=\"elementor-column elementor-col-100 elementor-top-column elementor-element elementor-element-6d4d29e\" data-id=\"6d4d29e\" data-element_type=\"column\" data-settings=\"{&quot;background_background&quot;:&quot;classic&quot;}\">\n\t\t\t<div class=\"elementor-widget-wrap elementor-element-populated\">\n\t\t\t\t\t\t<div class=\"elementor-element elementor-element-478f31a elementor-widget elementor-widget-heading\" data-id=\"478f31a\" data-element_type=\"widget\" data-widget_type=\"heading.default\">\n\t\t\t\t<div class=\"elementor-widget-container\">\n\t\t\t\t\t<h1 class=\"elementor-heading-title elementor-size-default\">Training&amp;Social Selling<\/h1>\t\t\t\t<\/div>\n\t\t\t\t<\/div>\n\t\t\t\t<div class=\"elementor-element elementor-element-f18d85b elementor-widget elementor-widget-heading\" data-id=\"f18d85b\" data-element_type=\"widget\" data-widget_type=\"heading.default\">\n\t\t\t\t<div class=\"elementor-widget-container\">\n\t\t\t\t\t<h2 class=\"elementor-heading-title elementor-size-default\">Many years of experience and extensive expertise translated into professional training methods<\/h2>\t\t\t\t<\/div>\n\t\t\t\t<\/div>\n\t\t\t\t\t<\/div>\n\t\t<\/div>\n\t\t\t\t\t<\/div>\n\t\t<\/section>\n\t\t\t\t<section class=\"elementor-section elementor-top-section elementor-element elementor-element-832a406 elementor-section-boxed elementor-section-height-default elementor-section-height-default qodef-elementor-content-no\" data-id=\"832a406\" data-element_type=\"section\">\n\t\t\t\t\t\t<div class=\"elementor-container elementor-column-gap-default\">\n\t\t\t\t\t<div class=\"elementor-column elementor-col-50 elementor-top-column elementor-element elementor-element-35d7c22 qodef-custom-appear-right\" data-id=\"35d7c22\" data-element_type=\"column\">\n\t\t\t<div class=\"elementor-widget-wrap elementor-element-populated\">\n\t\t\t\t\t\t<div class=\"elementor-element elementor-element-02e51f0 elementor-widget__width-auto elementor-widget-mobile__width-auto qodef-custom-appear-left elementor-widget elementor-widget-image\" data-id=\"02e51f0\" data-element_type=\"widget\" data-widget_type=\"image.default\">\n\t\t\t\t<div class=\"elementor-widget-container\">\n\t\t\t\t\t\t\t\t\t\t\t\t\t\t\t<img fetchpriority=\"high\" decoding=\"async\" width=\"1250\" height=\"650\" src=\"https:\/\/club-brands.de\/wp-content\/uploads\/2023\/04\/Thumbnail-Training-1250x650.jpg\" class=\"attachment-marra_image_size_landscape size-marra_image_size_landscape wp-image-10290\" alt=\"\" srcset=\"https:\/\/club-brands.de\/wp-content\/uploads\/2023\/04\/Thumbnail-Training-1250x650.jpg 1250w, https:\/\/club-brands.de\/wp-content\/uploads\/2023\/04\/Thumbnail-Training-18x10.jpg 18w\" sizes=\"(max-width: 1250px) 100vw, 1250px\" \/>\t\t\t\t\t\t\t\t\t\t\t\t\t\t\t<\/div>\n\t\t\t\t<\/div>\n\t\t\t\t\t<\/div>\n\t\t<\/div>\n\t\t\t\t<div class=\"elementor-column elementor-col-50 elementor-top-column elementor-element elementor-element-42a7e8a\" data-id=\"42a7e8a\" data-element_type=\"column\" data-settings=\"{&quot;background_background&quot;:&quot;classic&quot;}\">\n\t\t\t<div class=\"elementor-widget-wrap elementor-element-populated\">\n\t\t\t\t\t\t<div class=\"elementor-element elementor-element-2358272 elementor-widget-tablet__width-inherit elementor-widget elementor-widget-marra_core_section_title\" data-id=\"2358272\" data-element_type=\"widget\" data-widget_type=\"marra_core_section_title.default\">\n\t\t\t\t<div class=\"elementor-widget-container\">\n\t\t\t\t\t<div class=\"qodef-shortcode qodef-m  qodef-section-title qodef-alignment--center\">\n\t\t<div class=\"qodef-main-content\">\n\t\t\t<h2 class=\"qodef-m-title\" style=\"margin-bottom: 0px;color: #FFFFFF\">\n\t\t\t\t\tTraining&amp;Social Selling\t\t\t<\/h2>\n\t\t\t<p class=\"qodef-m-text\" style=\"margin-top: 22px;color: #FFFFFF\">Our unique in-house training department was established specifically to develop innovative digital training concepts and training to meet the needs of our clients in the age of Web2.0. Our experts are known for their outstanding skills in social selling and digital development. We place particular emphasis on ensuring that the concepts and training we develop are individually tailored to the specific needs of our clients and help them achieve their goals in an effective and sustainable way. Our dedicated experts contribute their extensive know-how and many years of experience to develop customised solutions that meet our clients' requirements and successfully shape the digital future.<\/p>\n\t<\/div>\n<\/div>\t\t\t\t<\/div>\n\t\t\t\t<\/div>\n\t\t\t\t\t<\/div>\n\t\t<\/div>\n\t\t\t\t\t<\/div>\n\t\t<\/section>\n\t\t<div class=\"elementor-element elementor-element-f465e91 e-flex e-con-boxed e-con e-parent\" data-id=\"f465e91\" data-element_type=\"container\">\n\t\t\t\t\t<div class=\"e-con-inner\">\n\t\t\t\t<div class=\"elementor-element elementor-element-92c420b elementor-widget elementor-widget-image\" data-id=\"92c420b\" data-element_type=\"widget\" data-widget_type=\"image.default\">\n\t\t\t\t<div class=\"elementor-widget-container\">\n\t\t\t\t\t\t\t\t\t\t\t\t\t\t\t<img decoding=\"async\" width=\"1024\" height=\"1024\" src=\"https:\/\/club-brands.de\/wp-content\/uploads\/2024\/02\/Unbenannt-3.jpg\" class=\"attachment-large size-large wp-image-10809\" alt=\"\" srcset=\"https:\/\/club-brands.de\/wp-content\/uploads\/2024\/02\/Unbenannt-3.jpg 1024w, https:\/\/club-brands.de\/wp-content\/uploads\/2024\/02\/Unbenannt-3-300x300.jpg 300w, https:\/\/club-brands.de\/wp-content\/uploads\/2024\/02\/Unbenannt-3-150x150.jpg 150w, https:\/\/club-brands.de\/wp-content\/uploads\/2024\/02\/Unbenannt-3-768x768.jpg 768w, https:\/\/club-brands.de\/wp-content\/uploads\/2024\/02\/Unbenannt-3-12x12.jpg 12w, https:\/\/club-brands.de\/wp-content\/uploads\/2024\/02\/Unbenannt-3-650x650.jpg 650w\" sizes=\"(max-width: 1024px) 100vw, 1024px\" \/>\t\t\t\t\t\t\t\t\t\t\t\t\t\t\t<\/div>\n\t\t\t\t<\/div>\n\t\t\t\t<div class=\"elementor-element elementor-element-bd5b649 elementor-widget elementor-widget-image\" data-id=\"bd5b649\" data-element_type=\"widget\" data-widget_type=\"image.default\">\n\t\t\t\t<div class=\"elementor-widget-container\">\n\t\t\t\t\t\t\t\t\t\t\t\t\t\t\t<img decoding=\"async\" width=\"1024\" height=\"1024\" src=\"https:\/\/club-brands.de\/wp-content\/uploads\/2023\/04\/Kachel-Training-01-1024x1024.jpg\" class=\"attachment-large size-large wp-image-10287\" alt=\"\" srcset=\"https:\/\/club-brands.de\/wp-content\/uploads\/2023\/04\/Kachel-Training-01-1024x1024.jpg 1024w, https:\/\/club-brands.de\/wp-content\/uploads\/2023\/04\/Kachel-Training-01-300x300.jpg 300w, https:\/\/club-brands.de\/wp-content\/uploads\/2023\/04\/Kachel-Training-01-150x150.jpg 150w, https:\/\/club-brands.de\/wp-content\/uploads\/2023\/04\/Kachel-Training-01-768x768.jpg 768w, https:\/\/club-brands.de\/wp-content\/uploads\/2023\/04\/Kachel-Training-01-1536x1536.jpg 1536w, https:\/\/club-brands.de\/wp-content\/uploads\/2023\/04\/Kachel-Training-01-2048x2048.jpg 2048w, https:\/\/club-brands.de\/wp-content\/uploads\/2023\/04\/Kachel-Training-01-12x12.jpg 12w, https:\/\/club-brands.de\/wp-content\/uploads\/2023\/04\/Kachel-Training-01-650x650.jpg 650w, https:\/\/club-brands.de\/wp-content\/uploads\/2023\/04\/Kachel-Training-01-1300x1300.jpg 1300w\" sizes=\"(max-width: 1024px) 100vw, 1024px\" \/>\t\t\t\t\t\t\t\t\t\t\t\t\t\t\t<\/div>\n\t\t\t\t<\/div>\n\t\t\t\t<div class=\"elementor-element elementor-element-135dd86 elementor-widget elementor-widget-image\" data-id=\"135dd86\" data-element_type=\"widget\" data-widget_type=\"image.default\">\n\t\t\t\t<div class=\"elementor-widget-container\">\n\t\t\t\t\t\t\t\t\t\t\t\t\t\t\t<img loading=\"lazy\" decoding=\"async\" width=\"1024\" height=\"1024\" src=\"https:\/\/club-brands.de\/wp-content\/uploads\/2023\/04\/Kachel-Training-02-1024x1024.jpg\" class=\"attachment-large size-large wp-image-10288\" alt=\"\" srcset=\"https:\/\/club-brands.de\/wp-content\/uploads\/2023\/04\/Kachel-Training-02-1024x1024.jpg 1024w, https:\/\/club-brands.de\/wp-content\/uploads\/2023\/04\/Kachel-Training-02-300x300.jpg 300w, https:\/\/club-brands.de\/wp-content\/uploads\/2023\/04\/Kachel-Training-02-150x150.jpg 150w, https:\/\/club-brands.de\/wp-content\/uploads\/2023\/04\/Kachel-Training-02-768x768.jpg 768w, https:\/\/club-brands.de\/wp-content\/uploads\/2023\/04\/Kachel-Training-02-1536x1536.jpg 1536w, https:\/\/club-brands.de\/wp-content\/uploads\/2023\/04\/Kachel-Training-02-2048x2048.jpg 2048w, https:\/\/club-brands.de\/wp-content\/uploads\/2023\/04\/Kachel-Training-02-12x12.jpg 12w, https:\/\/club-brands.de\/wp-content\/uploads\/2023\/04\/Kachel-Training-02-650x650.jpg 650w, https:\/\/club-brands.de\/wp-content\/uploads\/2023\/04\/Kachel-Training-02-1300x1300.jpg 1300w\" sizes=\"(max-width: 1024px) 100vw, 1024px\" \/>\t\t\t\t\t\t\t\t\t\t\t\t\t\t\t<\/div>\n\t\t\t\t<\/div>\n\t\t\t\t\t<\/div>\n\t\t\t\t<\/div>\n\t\t\t\t<\/div>","protected":false},"excerpt":{"rendered":"<p>Langj\u00e4hrge Erfahrung und weitreichende Expertise umgesetzt in professionelle Trainingsmethoden Training Unsere einzigartige Inhouse-Trainingsabteilung wurde speziell gegr\u00fcndet, um innovative digitale Trainingskonzepte und Schulungen zu entwickeln, die den Anforderungen unserer Kunden im Zeitalter des Web2.0 gerecht werden. Unsere Experten sind bekannt f\u00fcr ihre herausragenden F\u00e4higkeiten im Bereich des Social Sellings und der digitalen Entwicklung. Wir legen dabei [&hellip;]<\/p>","protected":false},"author":3,"featured_media":0,"parent":7725,"menu_order":0,"comment_status":"closed","ping_status":"closed","template":"page-full-width.php","meta":{"_acf_changed":false,"footnotes":""},"class_list":["post-10099","page","type-page","status-publish","hentry"],"acf":[],"yoast_head":"<!-- This site is optimized with the Yoast SEO plugin v24.1 - https:\/\/yoast.com\/wordpress\/plugins\/seo\/ -->\n<title>Training - Wir sind Ihre Spezialisten im Skincare &amp; Parf\u00fcm Vertrieb<\/title>\n<meta name=\"description\" content=\"Wir entwickeln digitale Trainingskonzepte und Schulungen f\u00fcr unsere Kunden. Dabei entstehen POS-Aktionen sowie Strategien, die wir individuell auf die aktuellen Bed\u00fcrfnisse abstimmen. \u2713\" \/>\n<meta name=\"robots\" content=\"index, follow, max-snippet:-1, max-image-preview:large, max-video-preview:-1\" \/>\n<link rel=\"canonical\" href=\"https:\/\/club-brands.de\/en\/skill\/training\/\" \/>\n<meta property=\"og:locale\" content=\"en_US\" \/>\n<meta property=\"og:type\" content=\"article\" \/>\n<meta property=\"og:title\" content=\"Training - Wir sind Ihre Spezialisten im Skincare &amp; Parf\u00fcm Vertrieb\" \/>\n<meta property=\"og:description\" content=\"Wir entwickeln digitale Trainingskonzepte und Schulungen f\u00fcr unsere Kunden. Dabei entstehen POS-Aktionen sowie Strategien, die wir individuell auf die aktuellen Bed\u00fcrfnisse abstimmen. \u2713\" \/>\n<meta property=\"og:url\" content=\"https:\/\/club-brands.de\/en\/skill\/training\/\" \/>\n<meta property=\"og:site_name\" content=\"Club Unique Brands\" \/>\n<meta property=\"article:modified_time\" content=\"2024-10-02T11:07:37+00:00\" \/>\n<meta property=\"og:image\" content=\"https:\/\/club-brands.de\/wp-content\/uploads\/2023\/04\/Thumbnail-Training-1250x650.jpg\" \/>\n<meta name=\"twitter:card\" content=\"summary_large_image\" \/>\n<meta name=\"twitter:label1\" content=\"Est. reading time\" \/>\n\t<meta name=\"twitter:data1\" content=\"2 minutes\" \/>\n<script type=\"application\/ld+json\" class=\"yoast-schema-graph\">{\"@context\":\"https:\/\/schema.org\",\"@graph\":[{\"@type\":\"WebPage\",\"@id\":\"https:\/\/club-brands.de\/kompetenzen\/training\/\",\"url\":\"https:\/\/club-brands.de\/kompetenzen\/training\/\",\"name\":\"Training - Wir sind Ihre Spezialisten im Skincare & Parf\u00fcm Vertrieb\",\"isPartOf\":{\"@id\":\"https:\/\/club-brands.de\/en\/#website\"},\"primaryImageOfPage\":{\"@id\":\"https:\/\/club-brands.de\/kompetenzen\/training\/#primaryimage\"},\"image\":{\"@id\":\"https:\/\/club-brands.de\/kompetenzen\/training\/#primaryimage\"},\"thumbnailUrl\":\"https:\/\/club-brands.de\/wp-content\/uploads\/2023\/04\/Thumbnail-Training-1250x650.jpg\",\"datePublished\":\"2023-02-10T13:59:51+00:00\",\"dateModified\":\"2024-10-02T11:07:37+00:00\",\"description\":\"Wir entwickeln digitale Trainingskonzepte und Schulungen f\u00fcr unsere Kunden. Dabei entstehen POS-Aktionen sowie Strategien, die wir individuell auf die aktuellen Bed\u00fcrfnisse abstimmen. \u2713\",\"breadcrumb\":{\"@id\":\"https:\/\/club-brands.de\/kompetenzen\/training\/#breadcrumb\"},\"inLanguage\":\"en-US\",\"potentialAction\":[{\"@type\":\"ReadAction\",\"target\":[\"https:\/\/club-brands.de\/kompetenzen\/training\/\"]}]},{\"@type\":\"ImageObject\",\"inLanguage\":\"en-US\",\"@id\":\"https:\/\/club-brands.de\/kompetenzen\/training\/#primaryimage\",\"url\":\"https:\/\/club-brands.de\/wp-content\/uploads\/2023\/04\/Thumbnail-Training-1250x650.jpg\",\"contentUrl\":\"https:\/\/club-brands.de\/wp-content\/uploads\/2023\/04\/Thumbnail-Training-1250x650.jpg\"},{\"@type\":\"BreadcrumbList\",\"@id\":\"https:\/\/club-brands.de\/kompetenzen\/training\/#breadcrumb\",\"itemListElement\":[{\"@type\":\"ListItem\",\"position\":1,\"name\":\"Home\",\"item\":\"https:\/\/club-brands.de\/en\/\"},{\"@type\":\"ListItem\",\"position\":2,\"name\":\"Kompetenzen\",\"item\":\"https:\/\/club-brands.de\/en\/skill\/\"},{\"@type\":\"ListItem\",\"position\":3,\"name\":\"Training\"}]},{\"@type\":\"WebSite\",\"@id\":\"https:\/\/club-brands.de\/en\/#website\",\"url\":\"https:\/\/club-brands.de\/en\/\",\"name\":\"Club Unique Brands\",\"description\":\"\",\"potentialAction\":[{\"@type\":\"SearchAction\",\"target\":{\"@type\":\"EntryPoint\",\"urlTemplate\":\"https:\/\/club-brands.de\/en\/?s={search_term_string}\"},\"query-input\":{\"@type\":\"PropertyValueSpecification\",\"valueRequired\":true,\"valueName\":\"search_term_string\"}}],\"inLanguage\":\"en-US\"}]}<\/script>\n<!-- \/ Yoast SEO plugin. -->","yoast_head_json":{"title":"Training - Wir sind Ihre Spezialisten im Skincare & Parf\u00fcm Vertrieb","description":"Wir entwickeln digitale Trainingskonzepte und Schulungen f\u00fcr unsere Kunden. Dabei entstehen POS-Aktionen sowie Strategien, die wir individuell auf die aktuellen Bed\u00fcrfnisse abstimmen. \u2713","robots":{"index":"index","follow":"follow","max-snippet":"max-snippet:-1","max-image-preview":"max-image-preview:large","max-video-preview":"max-video-preview:-1"},"canonical":"https:\/\/club-brands.de\/en\/skill\/training\/","og_locale":"en_US","og_type":"article","og_title":"Training - Wir sind Ihre Spezialisten im Skincare & Parf\u00fcm Vertrieb","og_description":"Wir entwickeln digitale Trainingskonzepte und Schulungen f\u00fcr unsere Kunden. Dabei entstehen POS-Aktionen sowie Strategien, die wir individuell auf die aktuellen Bed\u00fcrfnisse abstimmen. \u2713","og_url":"https:\/\/club-brands.de\/en\/skill\/training\/","og_site_name":"Club Unique Brands","article_modified_time":"2024-10-02T11:07:37+00:00","og_image":[{"url":"https:\/\/club-brands.de\/wp-content\/uploads\/2023\/04\/Thumbnail-Training-1250x650.jpg","type":"","width":"","height":""}],"twitter_card":"summary_large_image","twitter_misc":{"Est. reading time":"2 minutes"},"schema":{"@context":"https:\/\/schema.org","@graph":[{"@type":"WebPage","@id":"https:\/\/club-brands.de\/kompetenzen\/training\/","url":"https:\/\/club-brands.de\/kompetenzen\/training\/","name":"Training - Wir sind Ihre Spezialisten im Skincare & Parf\u00fcm Vertrieb","isPartOf":{"@id":"https:\/\/club-brands.de\/en\/#website"},"primaryImageOfPage":{"@id":"https:\/\/club-brands.de\/kompetenzen\/training\/#primaryimage"},"image":{"@id":"https:\/\/club-brands.de\/kompetenzen\/training\/#primaryimage"},"thumbnailUrl":"https:\/\/club-brands.de\/wp-content\/uploads\/2023\/04\/Thumbnail-Training-1250x650.jpg","datePublished":"2023-02-10T13:59:51+00:00","dateModified":"2024-10-02T11:07:37+00:00","description":"Wir entwickeln digitale Trainingskonzepte und Schulungen f\u00fcr unsere Kunden. Dabei entstehen POS-Aktionen sowie Strategien, die wir individuell auf die aktuellen Bed\u00fcrfnisse abstimmen. \u2713","breadcrumb":{"@id":"https:\/\/club-brands.de\/kompetenzen\/training\/#breadcrumb"},"inLanguage":"en-US","potentialAction":[{"@type":"ReadAction","target":["https:\/\/club-brands.de\/kompetenzen\/training\/"]}]},{"@type":"ImageObject","inLanguage":"en-US","@id":"https:\/\/club-brands.de\/kompetenzen\/training\/#primaryimage","url":"https:\/\/club-brands.de\/wp-content\/uploads\/2023\/04\/Thumbnail-Training-1250x650.jpg","contentUrl":"https:\/\/club-brands.de\/wp-content\/uploads\/2023\/04\/Thumbnail-Training-1250x650.jpg"},{"@type":"BreadcrumbList","@id":"https:\/\/club-brands.de\/kompetenzen\/training\/#breadcrumb","itemListElement":[{"@type":"ListItem","position":1,"name":"Home","item":"https:\/\/club-brands.de\/en\/"},{"@type":"ListItem","position":2,"name":"Kompetenzen","item":"https:\/\/club-brands.de\/en\/skill\/"},{"@type":"ListItem","position":3,"name":"Training"}]},{"@type":"WebSite","@id":"https:\/\/club-brands.de\/en\/#website","url":"https:\/\/club-brands.de\/en\/","name":"Club Unique Brands","description":"","potentialAction":[{"@type":"SearchAction","target":{"@type":"EntryPoint","urlTemplate":"https:\/\/club-brands.de\/en\/?s={search_term_string}"},"query-input":{"@type":"PropertyValueSpecification","valueRequired":true,"valueName":"search_term_string"}}],"inLanguage":"en-US"}]}},"_links":{"self":[{"href":"https:\/\/club-brands.de\/en\/wp-json\/wp\/v2\/pages\/10099","targetHints":{"allow":["GET"]}}],"collection":[{"href":"https:\/\/club-brands.de\/en\/wp-json\/wp\/v2\/pages"}],"about":[{"href":"https:\/\/club-brands.de\/en\/wp-json\/wp\/v2\/types\/page"}],"author":[{"embeddable":true,"href":"https:\/\/club-brands.de\/en\/wp-json\/wp\/v2\/users\/3"}],"replies":[{"embeddable":true,"href":"https:\/\/club-brands.de\/en\/wp-json\/wp\/v2\/comments?post=10099"}],"version-history":[{"count":132,"href":"https:\/\/club-brands.de\/en\/wp-json\/wp\/v2\/pages\/10099\/revisions"}],"predecessor-version":[{"id":10812,"href":"https:\/\/club-brands.de\/en\/wp-json\/wp\/v2\/pages\/10099\/revisions\/10812"}],"up":[{"embeddable":true,"href":"https:\/\/club-brands.de\/en\/wp-json\/wp\/v2\/pages\/7725"}],"wp:attachment":[{"href":"https:\/\/club-brands.de\/en\/wp-json\/wp\/v2\/media?parent=10099"}],"curies":[{"name":"wp","href":"https:\/\/api.w.org\/{rel}","templated":true}]}}